{"id":30065,"date":"2022-08-09T17:05:11","date_gmt":"2022-08-09T15:05:11","guid":{"rendered":"https:\/\/bordeaux.intercontinental.com\/?page_id=30065"},"modified":"2026-03-25T17:55:31","modified_gmt":"2026-03-25T16:55:31","slug":"%e6%b3%95%e5%be%8b%e8%af%b4%e6%98%8e","status":"publish","type":"page","link":"https:\/\/bordeaux.intercontinental.com\/zh-hans\/%e6%b3%95%e5%be%8b%e8%af%b4%e6%98%8e\/","title":{"rendered":"\u6cd5\u5f8b\u8bf4\u660e"},"content":{"rendered":"\n<div class=\"wp-block-columns is-layout-flex wp-container-core-columns-is-layout-28f84493 wp-block-columns-is-layout-flex\">\n<div class=\"wp-block-column is-layout-flow wp-block-column-is-layout-flow\" style=\"flex-basis:15%\"><\/div>\n\n\n\n<div class=\"wp-block-column is-layout-flow wp-block-column-is-layout-flow\">\n<div style=\"height:30px\" aria-hidden=\"true\" class=\"wp-block-spacer\"><\/div>\n\n\n\n<h1 class=\"wp-block-heading\">\u6cd5\u5f8b\u8bf4\u660e<\/h1>\n\n\n\n<h3 class=\"wp-block-heading has-text-align-left\">\u53d1\u5e03\u8d1f\u8d23\u4eba<\/h3>\n\n\n\n<p>\u6ce2\u5c14\u591a\u6d32\u9645\u5927\u9152\u5e97<br>\u7ba1\u7406\u5c42\uff1a\u5e02\u573a\u8425\u9500<\/p>\n\n\n\n<h3 class=\"wp-block-heading\">Identification de l\u2019\u00e9diteur du site<\/h3>\n\n\n\n<p><strong>Raison sociale :<\/strong>&nbsp;GRAND HOTEL DE BORDEAUX SAS<br><strong>Capital social:<\/strong> 238 200,00 \u20ac<br><strong>Si\u00e8ge social :<\/strong>&nbsp;2 Cours de l&#8217;Intendance, 33000 Bordeaux<br><strong>SIREN :<\/strong>&nbsp;438 967 416<br><strong>SIRET :<\/strong>&nbsp;438 967 416 00043<br><strong>RCS<\/strong>&nbsp;: 438 967 416 R.C.S. Bordeaux<br><strong>Code APE :<\/strong>&nbsp;5510Z<br><strong>TVA Intracommunautaire :&nbsp;<\/strong>FR93438967416<\/p>\n\n\n\n<p><strong>Email <\/strong>: info2@ic-bordeaux.com<br><strong>T\u00e9l\u00e9phone <\/strong>: <strong>&nbsp;<\/strong><a href=\"https:\/\/www.google.com\/search?q=interContinental+Bordeaux&amp;rlz=1C1GCEB_enFR1022FR1022&amp;oq=interContinental+Bordeaux+&amp;gs_lcrp=EgZjaHJvbWUyBggAEEUYOTIGCAEQRRg8Mg4IAhBFGCcYOxiABBiKBTIHCAMQABiABDIWCAQQLhivARjHARiABBiYBRiZBRieBTIGCAUQRRhBMgYIBhBFGDwyBggHEEUYQdIBCDQyNTVqMGo3qAIIsAIB8QWyLaMvbwuZzA&amp;sourceid=chrome&amp;ie=UTF-8#\">05 57 30 44 44<\/a><\/p>\n\n\n\n<h3 class=\"wp-block-heading has-text-align-left\">\u56fe\u7247\u51fa\u5904<\/h3>\n\n\n\n<p>Julie Rey | Alain Caboche | Guy Charneau | Lucky Studio | Studio Gabin | Spa Guerlain | Julien Faure | Eric Cuvillier | Yoris Photographer | Taylor Yandell | Jules Fiol | Frederic Guy | Carla Gradiski | Artiste Associ\u00e9-Photographes |Elisabeth Delsol | Phototh\u00e8que Bordeaux Tourisme | Vincent Bengold | Mathieu Mamontoff | Rodolphe Escher | Claude Prigent | Studio Deepix | LWC | C. Couly | Thomas sanson | Rambert | C\u00e9line Lescure | Val\u00e9rie Saiveau | Brinkpeter | GentlemanClassicCars | Caroline Blumberg |David &amp; David | Que la f\u00eate commence | Plume et Caramel | Crea Fete-J event | Once upon a time | @YorisPhotographe |&nbsp;Louis Vizet | Emma Tournier | Antoine Bonin<\/p>\n\n\n\n<p>\u6574\u4e2a\u7f51\u7ad9\u53d7\u6cd5\u56fd\u548c\u56fd\u9645\u7248\u6743\u4e0e\u77e5\u8bc6\u4ea7\u6743\u6cd5\u7684\u7ea6\u675f\u4fdd\u7559\u6240\u6709\u590d\u5236\u6743\u3002<\/p>\n\n\n\n<h3 class=\"wp-block-heading has-text-align-left\">\u7f51\u7ad9\u7684\u8bbe\u8ba1\u4e0e\u5236\u4f5c<\/h3>\n\n\n\n<p><a rel=\"noreferrer noopener\" href=\"https:\/\/netsive.com\/\" target=\"_blank\">\u7f51\u7edc\u8425\u9500\u4e0e\u4f20\u64ad\u673a\u6784<\/a><br>Am Bruch \u5de5\u4e1a\u533a 8 \u53f7\uff0c<br>3327 \u514b\u52b3\u745f\u59c6\uff0c<br>\u5362\u68ee\u5821<\/p>\n\n\n\n<h3 class=\"wp-block-heading has-text-align-left\">\u4f4f\u5bbf<\/h3>\n\n\n\n<p>\u7f51\u7edc\u8425\u9500\u4e0e\u4f20\u64ad\u673a\u6784<br>Am Bruch \u5de5\u4e1a\u533a 8 \u53f7\uff0c<br>3327 \u514b\u52b3\u745f\u59c6\uff0c<br>\u5362\u68ee\u5821<\/p>\n\n\n\n<h3 class=\"wp-block-heading has-text-align-left\">\u8d23\u4efb\u9650\u989d<\/h3>\n\n\n\n<p>\u7528\u6237\u627f\u8bfa\u5df2\u77e5\u6089\u5e76\u627f\u8bfa\u9075\u5b88\u8fd9\u4e9b\u4f7f\u7528\u6761\u6b3e\u3002<\/p>\n\n\n\n<p>\u672c\u7f51\u7ad9\u7684\u7528\u6237\u627f\u8bfa\u81ea\u5df1\u62e5\u6709\u8bbf\u95ee\u548c\u4f7f\u7528\u672c\u7f51\u7ad9\u7684\u6240\u5fc5\u987b\u7684\u6280\u80fd\u548c\u8d44\u6e90\u3002<\/p>\n\n\n\n<p>\u4e92\u8054\u7f51\u7528\u6237\u627f\u8bfa\u5df2\u68c0\u67e5\u6240\u4f7f\u7528\u7684\u8ba1\u7b97\u673a\u4e0d\u5305\u542b\u4efb\u4f55\u75c5\u6bd2\uff0c\u5e76\u4e14\u5904\u4e8e\u6b63\u5e38\u7684\u5de5\u4f5c\u72b6\u6001\u3002<\/p>\n\n\n\n<p>\u7f51\u7ad9&nbsp;<a href=\"https:\/\/bordeaux.intercontinental.com\/zh-hans\/\">https:\/\/bordeaux.intercontinental.com<\/a>&nbsp;\u5c3d\u4e00\u5207\u52aa\u529b\u4e3a\u8fd9\u4e9b\u4e92\u8054\u7f51\u7528\u6237\u63d0\u4f9b\u53ef\u7528\u4e14\u7ecf\u8fc7\u9a8c\u8bc1\u7684\u4fe1\u606f\u548c\/\u6216\u5de5\u5177\uff0c\u4f46\u4e0d\u5bf9\u529f\u80fd\u9519\u8bef\u6216\u4e0d\u53ef\u7528\u8d1f\u8d23\u3002<\/p>\n\n\n\n<h3 class=\"wp-block-heading has-text-align-left\">\u77e5\u8bc6\u4ea7\u6743<\/h3>\n\n\n\n<p>\u603b\u4f53\u7ed3\u6784\u4ee5\u53ca\u8f6f\u4ef6\u3001\u6587\u672c\u3001\u56fe\u50cf\uff08\u52a8\u753b\u4e0e\u5426\uff09\u3001\u5176\u4e13\u6709\u6280\u672f\u4ee5\u53ca\u6784\u6210\u7f51\u7ad9\u7684\u6240\u6709\u5176\u4ed6\u5143\u7d20\u5747\u4e3a\u6ce2\u5c14\u591a\u6d32\u9645\u5927\u9152\u5e97\u7684\u4e13\u6709\u8d22\u4ea7\u3002\u672a\u7ecf\u6ce2\u5c14\u591a\u6d32\u9645\u5927\u9152\u5e97\u660e\u786e\u6388\u6743\uff0c\u4efb\u4f55\u4eba\u7981\u6b62\u5bf9\u672c\u7f51\u7ad9\u8fdb\u884c\u4efb\u4f55\u5168\u90e8\u6216\u90e8\u5206\u590d\u5236\uff0c\u5426\u5219\u5c06\u6784\u6210\u4fb5\u6743\u884c\u4e3a\uff0c\u5c06\u53d7\u5230\u300a\u77e5\u8bc6\u4ea7\u6743\u6cd5\u300b\u7b2c L.335-2 \u6761\u53ca\u4e4b\u540e\u6761\u6b3e\u7684\u5904\u7f5a\u3002<\/p>\n\n\n\n<h3 class=\"wp-block-heading has-text-align-left\">\u4fe1\u606f\u4e0e\u81ea\u7531<\/h3>\n\n\n\n<p>\u7f51\u7ad9&nbsp;<a href=\"https:\/\/bordeaux.intercontinental.com\/zh-hans\/\">https:\/\/bordeaux.intercontinental.com<\/a>&nbsp;\u62e5\u6709\u4fe1\u606f\u4e0e\u81ea\u7531\u59d4\u5458\u4f1a (CNIL) \u7684\u652f\u6301\u3002\u6839\u636e1978\u5e741\u67086\u65e5\u7b2c 78-17 \u53f7\u6cd5\u5f8b\u201c\u6570\u636e\u4fdd\u62a4\u548c\u81ea\u7531\u201d\u7b2c 26 \u6761\u548c\u7b2c 27 \u6761\uff0c\u7528\u6237\u53ef\u4ee5\uff08\u90e8\u5206\u6216\u5168\u90e8\uff09\u53cd\u5bf9\u5728\u672c\u7f51\u7ad9\u4e0a\u4f20\u64ad\u4e0e\u4ed6\u4eec\u76f8\u5173\u7684\u4fe1\u606f\u3002\u4ec5\u9700\u7b80\u5355\u5730\u5411\u6ce2\u5c14\u591a\u6d32\u9645\u5927\u9152\u5e97\u63d0\u51fa\u8bf7\u6c42\uff0c\u4efb\u4f55\u8ba2\u9605\u6211\u4eec\u65f6\u4e8b\u901a\u8baf\u7684\u4eba\u90fd\u53ef\u4ee5\u884c\u4f7f\u5176\u8bbf\u95ee\u548c\u66f4\u6b63\u5176\u6570\u636e\u7684\u6743\u5229\u3002<\/p>\n\n\n\n<p>\u672c\u7f51\u7ad9\u7684\u6bcf\u4e2a\u7528\u6237\u90fd\u6709\u6743\u8bbf\u95ee\uff081978\u5e741\u67086\u65e5\u7b2c 78-17 \u53f7\u6cd5\u5f8b\u201c\u6570\u636e\u4fdd\u62a4\u548c\u81ea\u7531\u201d\u7b2c 34 \u81f3 38 \u6761\uff0c\u7ecf2004\u5e748\u67086\u65e5\u6cd5\u5f8b\u4fee\u8ba2\uff09\u5e76\u6709\u6743\u66f4\u6b63\u548c\u5220\u9664\u6709\u5173\u4ed6\/\u5979\u7684\u4e2a\u4eba\u6570\u636e\uff08\u7b2c 36 \u6761\uff09\u3002\u7528\u6237\u53ef\u4ee5\u8981\u6c42\u66f4\u6b63\u3001\u8865\u5145\u3001\u6f84\u6e05\u3001\u66f4\u65b0\u6216\u5220\u9664\u4efb\u4f55\u4e0d\u51c6\u786e\u3001\u4e0d\u5b8c\u6574\u3001\u8d85\u8fc7\u65f6\u6548\u6216\u7981\u6b62\u4f7f\u7528\u3001\u4f20\u64ad\u6216\u5b58\u50a8\u7684\u4fe1\u606f\u3002\u7528\u6237\u53ef\u4ee5\u968f\u65f6\u901a\u8fc7\u6211\u4eec\u8054\u7cfb\u9875\u9762\u4e0a\u7684\u8868\u683c\u4e0e\u6211\u4eec\u53d6\u5f97\u8054\u7cfb\u6765\u884c\u4f7f\u6b64\u6743\u5229\u3002<\/p>\n\n\n\n<h3 class=\"wp-block-heading has-text-align-left\">\u8f6f\u4ef6\u4e0e\u7edf\u8ba1\u5de5\u5177<\/h3>\n\n\n\n<p>\u672c\u7f51\u7ad9\u4f7f\u7528\u201cGoogle Analytics\u201d\uff0c\u8fd9\u662f Google Inc. \u63d0\u4f9b\u7684\u7f51\u7ad9\u5206\u6790\u670d\u52a1\u3002 <br>\u96c6\u6210\u5230\u7f51\u7ad9\u4e2d\u7684 Google Analytics \u6a21\u5757\u4f7f\u7528 cookies\uff0ccookies \u662f\u653e\u7f6e\u5728\u7528\u6237\u8ba1\u7b97\u673a\uff08\u7f51\u7edc\u6d4f\u89c8\u5668\u4e2d\uff09\u7684\u6587\u672c\u6587\u4ef6\uff0c\u65e8\u5728\u5e2e\u52a9\u5206\u6790\u7f51\u7ad9\u7684\u53d7\u4f17\u548c\u4e92\u8054\u7f51\u7528\u6237\u5bf9\u7f51\u7ad9\u7684\u4f7f\u7528\u60c5\u51b5\u3002<\/p>\n\n\n\n<p>Cookie \u751f\u6210\u7684\u6709\u5173\u60a8\u4f7f\u7528\u7f51\u7ad9\u7684\u4fe1\u606f\uff08\u5305\u62ec\u60a8\u7684IP\u5730\u5740\uff09\u5c06\u4f20\u8f93\u5230\u8c37\u6b4c\u5e76\u5b58\u50a8\u5728\u5176\u4f4d\u4e8e\u7f8e\u56fd\u7684\u670d\u52a1\u5668\u4e0a\u3002\u8c37\u6b4c\u5c06\u4f7f\u7528\u8fd9\u4e9b\u4fe1\u606f\u6765\u8bc4\u4f30\u7f51\u7ad9\u7684\u4f7f\u7528\u60c5\u51b5\uff0c\u4e3a\u7f51\u7ad9\u8fd0\u8425\u5546\u7f16\u5236\u7f51\u7ad9\u6d3b\u52a8\u62a5\u544a\uff0c\u5e76\u63d0\u4f9b\u4e0e\u7f51\u7ad9\u6d3b\u52a8\u548c\u4e92\u8054\u7f51\u4f7f\u7528\u76f8\u5173\u7684\u5176\u4ed6\u670d\u52a1\u3002<\/p>\n\n\n\n<p>\u5982\u679c\u6cd5\u5f8b\u8981\u6c42\u7531\u7b2c\u4e09\u65b9\u4ee3\u8868\u8c37\u6b4c\u5904\u7406\u8fd9\u4e9b\u6570\u636e\uff0c\u8c37\u6b4c\u53ef\u80fd\u4f1a\u5c06\u8fd9\u4e9b\u6570\u636e\u4f20\u8f93\u7ed9\u7b2c\u4e09\u65b9\uff0c\u7279\u522b\u662f\u7f51\u7ad9\u8fd0\u8425\u5546&nbsp;<a href=\"https:\/\/bordeaux.intercontinental.com\/zh-hans\/\">https:\/\/bordeaux.intercontinental.com<\/a>\u3002<\/p>\n\n\n\n<p>\u8c37\u6b4c\u4e0d\u4f1a\u5c06\u8be5 IP \u5730\u5740\u4e0e\u8c37\u6b4c\u6301\u6709\u7684\u4efb\u4f55\u5176\u4ed6\u6570\u636e\u76f8\u5173\u8054\u3002<br>\u53ef\u4ee5\u901a\u8fc7\u9009\u62e9\u7528\u6237\u6d4f\u89c8\u5668\u7684\u76f8\u5173\u8bbe\u7f6e\u6765\u7981\u7528 cookie\u3002\u4f46\u662f\uff0c\u8fd9\u79cd\u7981\u7528\u53ef\u80fd\u4f1a\u963b\u6b62\u4f7f\u7528\u672c\u7f51\u7ad9\u7684\u67d0\u4e9b\u529f\u80fd\u3002\u4f7f\u7528\u672c\u7f51\u7ad9\uff0c\u5373\u8868\u793a\u7528\u6237\u660e\u786e\u540c\u610f\u8c37\u6b4c\u4ee5\u4e0a\u8ff0\u65b9\u5f0f\u548c\u76ee\u7684\u5904\u7406\u4e2a\u4eba\u6570\u636e\u3002<\/p>\n\n\n\n<h3 class=\"wp-block-heading has-text-align-left\">\u53d1\u751f\u4e89\u8bae\u65f6\u7684\u9002\u7528\u6cd5\u5f8b<\/h3>\n\n\n\n<p>\u5ba2\u6237\u56e0\u4e0e\u672c\u9152\u5e97\u53d1\u751f\u7684\u5546\u4e1a\u5206\u6b67\u800c\u5c06\u6b64\u4e8b\u8f6c\u4ecb\u7ed9\u6709\u5173\u90e8\u95e8\u540e\uff0c\u5982\u679c\u5728 3 \u5468\u5185\u6ca1\u6709\u5f97\u5230\u4ee4\u4eba\u6ee1\u610f\u7684\u7b54\u590d\uff0c\u5ba2\u6237\u53ef\u4ee5\u5c06\u6b64\u4e8b\u8f6c\u4ecb\u7ed9\u8c03\u89e3\u5458Jean Pierre Teyssier\uff0c\u4ed6\u7684\u8054\u7cfb\u65b9\u5f0f\u548c\u53d7\u7406\u7a0b\u5e8f\u53ef\u5728\u7f51\u7ad9\u4e0a\u627e\u5230\uff1a&nbsp;<a href=\"http:\/\/www.mtv.travel\/\">www.mtv.travel<\/a>.<\/p>\n\n\n\n<p><em>\u90ae\u5bc4\u5730\u5740\uff1a\u65c5\u6e38\u4e0e\u65c5\u884c\u8c03\u89e3<\/em><\/p>\n\n\n\n<p><em>BP 80 303 75 823<\/em><\/p>\n\n\n\n<p><em>\u5df4\u9ece \u4f01\u4e1a\u7279\u6295 17<\/em><\/p>\n\n\n\n<h3 class=\"wp-block-heading has-text-align-left\">\u7537\u5973\u5e73\u7b49<\/h3>\n\n\n\n<p>\u6ce2\u5c14\u591a\u6d32\u9645\u5927\u9152\u5e97\u5728\u7b2c\u4e00\u5e74\u53d1\u5e03\u7f51\u7ad9\u65f6\u83b7\u5f97\u4e86 86 \u5206\uff08\u6ee1\u5206100\uff09\u3002\u8fd9\u662f\u4e00\u4e2a\u6211\u4eec\u53ef\u4ee5\u5f15\u4ee5\u4e3a\u8c6a\u7684\u5206\u6570\uff0c\u5e76\u8bc1\u5b9e\u4e86\u6240\u5b9e\u65bd\u7684\u653f\u7b56\u4ea7\u751f\u4e86\u79ef\u6781\u5f71\u54cd\uff0c\u4f7f\u6ce2\u5c14\u591a\u6d32\u9645\u5927\u9152\u5e97\u6210\u4e3a\u81f4\u529b\u4e8e\u6027\u522b\u5e73\u7b49\u7684\u8d1f\u8d23\u4efb\u7684\u96c7\u4e3b<\/p>\n\n\n\n<p>\u6211\u4eec\u9152\u5e97\u5c06\u7ee7\u7eed\u81f4\u529b\u4e8e\u804c\u4e1a\u5e73\u7b49\u3002<\/p>\n<\/div>\n\n\n\n<div class=\"wp-block-column is-layout-flow wp-block-column-is-layout-flow\" style=\"flex-basis:15%\"><\/div>\n<\/div>\n","protected":false},"excerpt":{"rendered":"<p>\u6cd5\u5f8b\u8bf4\u660e \u53d1\u5e03\u8d1f\u8d23\u4eba \u6ce2\u5c14\u591a\u6d32\u9645\u5927\u9152\u5e97\u7ba1\u7406\u5c42\uff1a\u5e02\u573a\u8425\u9500 Identificati [&hellip;]<\/p>\n","protected":false},"author":1,"featured_media":0,"parent":0,"menu_order":0,"comment_status":"closed","ping_status":"closed","template":"","meta":{"_acf_changed":false,"footnotes":""},"class_list":["post-30065","page","type-page","status-publish","hentry"],"acf":[],"yoast_head":"<!-- This site is optimized with the Yoast SEO plugin v26.2 - https:\/\/yoast.com\/wordpress\/plugins\/seo\/ -->\n<title>\u6cd5\u5f8b\u8bf4\u660e - InterContinental Bordeaux<\/title>\n<meta name=\"robots\" content=\"index, follow, max-snippet:-1, max-image-preview:large, max-video-preview:-1\" \/>\n<link rel=\"canonical\" href=\"https:\/\/bordeaux.intercontinental.com\/zh-hans\/\u6cd5\u5f8b\u8bf4\u660e\/\" \/>\n<meta property=\"og:locale\" content=\"zh_CN\" \/>\n<meta property=\"og:type\" content=\"article\" \/>\n<meta property=\"og:title\" content=\"\u6cd5\u5f8b\u8bf4\u660e - InterContinental Bordeaux\" \/>\n<meta property=\"og:description\" content=\"\u6cd5\u5f8b\u8bf4\u660e \u53d1\u5e03\u8d1f\u8d23\u4eba \u6ce2\u5c14\u591a\u6d32\u9645\u5927\u9152\u5e97\u7ba1\u7406\u5c42\uff1a\u5e02\u573a\u8425\u9500 Identificati [&hellip;]\" \/>\n<meta property=\"og:url\" content=\"https:\/\/bordeaux.intercontinental.com\/zh-hans\/\u6cd5\u5f8b\u8bf4\u660e\/\" \/>\n<meta property=\"og:site_name\" content=\"InterContinental Bordeaux\" \/>\n<meta property=\"article:modified_time\" content=\"2026-03-25T16:55:31+00:00\" \/>\n<meta name=\"twitter:card\" content=\"summary_large_image\" \/>\n<meta name=\"twitter:label1\" content=\"\u9884\u8ba1\u9605\u8bfb\u65f6\u95f4\" \/>\n\t<meta name=\"twitter:data1\" content=\"2 \u5206\" \/>\n<script type=\"application\/ld+json\" class=\"yoast-schema-graph\">{\"@context\":\"https:\/\/schema.org\",\"@graph\":[{\"@type\":\"WebPage\",\"@id\":\"https:\/\/bordeaux.intercontinental.com\/zh-hans\/%e6%b3%95%e5%be%8b%e8%af%b4%e6%98%8e\/\",\"url\":\"https:\/\/bordeaux.intercontinental.com\/zh-hans\/%e6%b3%95%e5%be%8b%e8%af%b4%e6%98%8e\/\",\"name\":\"\u6cd5\u5f8b\u8bf4\u660e - InterContinental Bordeaux\",\"isPartOf\":{\"@id\":\"https:\/\/bordeaux.intercontinental.com\/#website\"},\"datePublished\":\"2022-08-09T15:05:11+00:00\",\"dateModified\":\"2026-03-25T16:55:31+00:00\",\"breadcrumb\":{\"@id\":\"https:\/\/bordeaux.intercontinental.com\/zh-hans\/%e6%b3%95%e5%be%8b%e8%af%b4%e6%98%8e\/#breadcrumb\"},\"inLanguage\":\"zh-Hans\",\"potentialAction\":[{\"@type\":\"ReadAction\",\"target\":[\"https:\/\/bordeaux.intercontinental.com\/zh-hans\/%e6%b3%95%e5%be%8b%e8%af%b4%e6%98%8e\/\"]}]},{\"@type\":\"BreadcrumbList\",\"@id\":\"https:\/\/bordeaux.intercontinental.com\/zh-hans\/%e6%b3%95%e5%be%8b%e8%af%b4%e6%98%8e\/#breadcrumb\",\"itemListElement\":[{\"@type\":\"ListItem\",\"position\":1,\"name\":\"\u9996\u9875\",\"item\":\"https:\/\/bordeaux.intercontinental.com\/zh-hans\/\"},{\"@type\":\"ListItem\",\"position\":2,\"name\":\"\u6cd5\u5f8b\u8bf4\u660e\"}]},{\"@type\":\"WebSite\",\"@id\":\"https:\/\/bordeaux.intercontinental.com\/#website\",\"url\":\"https:\/\/bordeaux.intercontinental.com\/\",\"name\":\"InterContinental Bordeaux\",\"description\":\"Live the InterContinental Life\",\"publisher\":{\"@id\":\"https:\/\/bordeaux.intercontinental.com\/#organization\"},\"alternateName\":\"InterContinental Bordeaux - Le Grand H\u00f4tel\",\"potentialAction\":[{\"@type\":\"SearchAction\",\"target\":{\"@type\":\"EntryPoint\",\"urlTemplate\":\"https:\/\/bordeaux.intercontinental.com\/?s={search_term_string}\"},\"query-input\":{\"@type\":\"PropertyValueSpecification\",\"valueRequired\":true,\"valueName\":\"search_term_string\"}}],\"inLanguage\":\"zh-Hans\"},{\"@type\":\"Organization\",\"@id\":\"https:\/\/bordeaux.intercontinental.com\/#organization\",\"name\":\"InterContinental Bordeaux\",\"alternateName\":\"InterContinental Bordeaux - Le Grand H\u00f4tel\",\"url\":\"https:\/\/bordeaux.intercontinental.com\/\",\"logo\":{\"@type\":\"ImageObject\",\"inLanguage\":\"zh-Hans\",\"@id\":\"https:\/\/bordeaux.intercontinental.com\/#\/schema\/logo\/image\/\",\"url\":\"https:\/\/bordeaux.intercontinental.com\/wp-content\/uploads\/sites\/4\/2023\/08\/logo-ihg-bordeaux-nl.svg\",\"contentUrl\":\"https:\/\/bordeaux.intercontinental.com\/wp-content\/uploads\/sites\/4\/2023\/08\/logo-ihg-bordeaux-nl.svg\",\"caption\":\"InterContinental Bordeaux\"},\"image\":{\"@id\":\"https:\/\/bordeaux.intercontinental.com\/#\/schema\/logo\/image\/\"}}]}<\/script>\n<!-- \/ Yoast SEO plugin. -->","yoast_head_json":{"title":"\u6cd5\u5f8b\u8bf4\u660e - InterContinental Bordeaux","robots":{"index":"index","follow":"follow","max-snippet":"max-snippet:-1","max-image-preview":"max-image-preview:large","max-video-preview":"max-video-preview:-1"},"canonical":"https:\/\/bordeaux.intercontinental.com\/zh-hans\/\u6cd5\u5f8b\u8bf4\u660e\/","og_locale":"zh_CN","og_type":"article","og_title":"\u6cd5\u5f8b\u8bf4\u660e - InterContinental Bordeaux","og_description":"\u6cd5\u5f8b\u8bf4\u660e \u53d1\u5e03\u8d1f\u8d23\u4eba \u6ce2\u5c14\u591a\u6d32\u9645\u5927\u9152\u5e97\u7ba1\u7406\u5c42\uff1a\u5e02\u573a\u8425\u9500 Identificati [&hellip;]","og_url":"https:\/\/bordeaux.intercontinental.com\/zh-hans\/\u6cd5\u5f8b\u8bf4\u660e\/","og_site_name":"InterContinental Bordeaux","article_modified_time":"2026-03-25T16:55:31+00:00","twitter_card":"summary_large_image","twitter_misc":{"\u9884\u8ba1\u9605\u8bfb\u65f6\u95f4":"2 \u5206"},"schema":{"@context":"https:\/\/schema.org","@graph":[{"@type":"WebPage","@id":"https:\/\/bordeaux.intercontinental.com\/zh-hans\/%e6%b3%95%e5%be%8b%e8%af%b4%e6%98%8e\/","url":"https:\/\/bordeaux.intercontinental.com\/zh-hans\/%e6%b3%95%e5%be%8b%e8%af%b4%e6%98%8e\/","name":"\u6cd5\u5f8b\u8bf4\u660e - InterContinental Bordeaux","isPartOf":{"@id":"https:\/\/bordeaux.intercontinental.com\/#website"},"datePublished":"2022-08-09T15:05:11+00:00","dateModified":"2026-03-25T16:55:31+00:00","breadcrumb":{"@id":"https:\/\/bordeaux.intercontinental.com\/zh-hans\/%e6%b3%95%e5%be%8b%e8%af%b4%e6%98%8e\/#breadcrumb"},"inLanguage":"zh-Hans","potentialAction":[{"@type":"ReadAction","target":["https:\/\/bordeaux.intercontinental.com\/zh-hans\/%e6%b3%95%e5%be%8b%e8%af%b4%e6%98%8e\/"]}]},{"@type":"BreadcrumbList","@id":"https:\/\/bordeaux.intercontinental.com\/zh-hans\/%e6%b3%95%e5%be%8b%e8%af%b4%e6%98%8e\/#breadcrumb","itemListElement":[{"@type":"ListItem","position":1,"name":"\u9996\u9875","item":"https:\/\/bordeaux.intercontinental.com\/zh-hans\/"},{"@type":"ListItem","position":2,"name":"\u6cd5\u5f8b\u8bf4\u660e"}]},{"@type":"WebSite","@id":"https:\/\/bordeaux.intercontinental.com\/#website","url":"https:\/\/bordeaux.intercontinental.com\/","name":"InterContinental Bordeaux","description":"Live the InterContinental Life","publisher":{"@id":"https:\/\/bordeaux.intercontinental.com\/#organization"},"alternateName":"InterContinental Bordeaux - Le Grand H\u00f4tel","potentialAction":[{"@type":"SearchAction","target":{"@type":"EntryPoint","urlTemplate":"https:\/\/bordeaux.intercontinental.com\/?s={search_term_string}"},"query-input":{"@type":"PropertyValueSpecification","valueRequired":true,"valueName":"search_term_string"}}],"inLanguage":"zh-Hans"},{"@type":"Organization","@id":"https:\/\/bordeaux.intercontinental.com\/#organization","name":"InterContinental Bordeaux","alternateName":"InterContinental Bordeaux - Le Grand H\u00f4tel","url":"https:\/\/bordeaux.intercontinental.com\/","logo":{"@type":"ImageObject","inLanguage":"zh-Hans","@id":"https:\/\/bordeaux.intercontinental.com\/#\/schema\/logo\/image\/","url":"https:\/\/bordeaux.intercontinental.com\/wp-content\/uploads\/sites\/4\/2023\/08\/logo-ihg-bordeaux-nl.svg","contentUrl":"https:\/\/bordeaux.intercontinental.com\/wp-content\/uploads\/sites\/4\/2023\/08\/logo-ihg-bordeaux-nl.svg","caption":"InterContinental Bordeaux"},"image":{"@id":"https:\/\/bordeaux.intercontinental.com\/#\/schema\/logo\/image\/"}}]}},"_links":{"self":[{"href":"https:\/\/bordeaux.intercontinental.com\/zh-hans\/wp-json\/wp\/v2\/pages\/30065","targetHints":{"allow":["GET"]}}],"collection":[{"href":"https:\/\/bordeaux.intercontinental.com\/zh-hans\/wp-json\/wp\/v2\/pages"}],"about":[{"href":"https:\/\/bordeaux.intercontinental.com\/zh-hans\/wp-json\/wp\/v2\/types\/page"}],"author":[{"embeddable":true,"href":"https:\/\/bordeaux.intercontinental.com\/zh-hans\/wp-json\/wp\/v2\/users\/1"}],"replies":[{"embeddable":true,"href":"https:\/\/bordeaux.intercontinental.com\/zh-hans\/wp-json\/wp\/v2\/comments?post=30065"}],"version-history":[{"count":2,"href":"https:\/\/bordeaux.intercontinental.com\/zh-hans\/wp-json\/wp\/v2\/pages\/30065\/revisions"}],"predecessor-version":[{"id":47590,"href":"https:\/\/bordeaux.intercontinental.com\/zh-hans\/wp-json\/wp\/v2\/pages\/30065\/revisions\/47590"}],"wp:attachment":[{"href":"https:\/\/bordeaux.intercontinental.com\/zh-hans\/wp-json\/wp\/v2\/media?parent=30065"}],"curies":[{"name":"wp","href":"https:\/\/api.w.org\/{rel}","templated":true}]}}