{"id":22775,"date":"2023-03-07T15:45:40","date_gmt":"2023-03-07T14:45:40","guid":{"rendered":"https:\/\/bordeaux.intercontinental.com\/produit\/kit-de-belleza-del-grand-hotel-de-bordeaux\/"},"modified":"2024-02-07T17:06:05","modified_gmt":"2024-02-07T16:06:05","slug":"neceser-maquillaje-del-grand-hotel-de-bordeaux","status":"publish","type":"product","link":"https:\/\/bordeaux.intercontinental.com\/es\/produit\/neceser-maquillaje-del-grand-hotel-de-bordeaux\/","title":{"rendered":"Neceser Maquillaje del Grand H\u00f4tel de Bordeaux"},"content":{"rendered":"<p>Descubra el Neceser del Grand H\u00f4tel, un accesorio de lujo dise\u00f1ado para acompa\u00f1arle en sus viajes y a\u00f1adir un toque de elegancia a su rutina de belleza. Este elegante neceser no contiene ning\u00fan producto, pero es la forma perfecta de guardar y llevar tus productos de belleza favoritos con estilo y sofisticaci\u00f3n.<\/p>\n<p>Mant\u00e9n tus productos de belleza organizados y al alcance de la mano con este elegante neceser.<\/p>\n<ul>\n<li>A recoger en el Grand H\u00f4tel de Burdeos<\/li>\n<li>Seg\u00fan disponibilidad.<\/li>\n<\/ul>\n","protected":false},"excerpt":{"rendered":"<p>Tanto si viaja por negocios como por placer, nuestro neceser de maquillaje le acompa\u00f1ar\u00e1 all\u00e1 donde vaya.<\/p>\n","protected":false},"featured_media":22776,"comment_status":"open","ping_status":"closed","template":"","meta":{"_acf_changed":false},"product_brand":[],"product_cat":[121],"product_tag":[],"class_list":{"0":"post-22775","1":"product","2":"type-product","3":"status-publish","4":"has-post-thumbnail","6":"product_cat-take-away-es","8":"first","9":"instock","10":"downloadable","11":"virtual","12":"taxable","13":"purchasable","14":"product-type-simple"},"composite_virtual":false,"composite_layout":"","composite_add_to_cart_form_location":"","composite_editable_in_cart":false,"composite_sold_individually_context":"","composite_shop_price_calc":"","composite_components":[],"composite_scenarios":[],"acf":[],"yoast_head":"<!-- This site is optimized with the Yoast SEO plugin v26.2 - https:\/\/yoast.com\/wordpress\/plugins\/seo\/ -->\n<title>Neceser Maquillaje del Grand H\u00f4tel de Bordeaux - InterContinental Bordeaux<\/title>\n<meta name=\"robots\" content=\"index, follow, max-snippet:-1, max-image-preview:large, max-video-preview:-1\" \/>\n<link rel=\"canonical\" href=\"https:\/\/bordeaux.intercontinental.com\/es\/produit\/neceser-maquillaje-del-grand-hotel-de-bordeaux\/\" \/>\n<meta property=\"og:locale\" content=\"es_ES\" \/>\n<meta property=\"og:type\" content=\"article\" \/>\n<meta property=\"og:title\" content=\"Neceser Maquillaje del Grand H\u00f4tel de Bordeaux - InterContinental Bordeaux\" \/>\n<meta property=\"og:description\" content=\"Tanto si viaja por negocios como por placer, nuestro neceser de maquillaje le acompa\u00f1ar\u00e1 all\u00e1 donde vaya.\" \/>\n<meta property=\"og:url\" content=\"https:\/\/bordeaux.intercontinental.com\/es\/produit\/neceser-maquillaje-del-grand-hotel-de-bordeaux\/\" \/>\n<meta property=\"og:site_name\" content=\"InterContinental Bordeaux\" \/>\n<meta property=\"article:modified_time\" content=\"2024-02-07T16:06:05+00:00\" \/>\n<meta property=\"og:image\" content=\"https:\/\/bordeaux.intercontinental.com\/wp-content\/uploads\/sites\/4\/2023\/03\/InterContinental-Bordeaux-Le-Grand-Hotel-Produit-Trousse-de-Beaute.jpg\" \/>\n\t<meta property=\"og:image:width\" content=\"2250\" \/>\n\t<meta property=\"og:image:height\" content=\"1689\" \/>\n\t<meta property=\"og:image:type\" content=\"image\/jpeg\" \/>\n<meta name=\"twitter:card\" content=\"summary_large_image\" \/>\n<script type=\"application\/ld+json\" class=\"yoast-schema-graph\">{\"@context\":\"https:\/\/schema.org\",\"@graph\":[{\"@type\":\"WebPage\",\"@id\":\"https:\/\/bordeaux.intercontinental.com\/es\/produit\/neceser-maquillaje-del-grand-hotel-de-bordeaux\/\",\"url\":\"https:\/\/bordeaux.intercontinental.com\/es\/produit\/neceser-maquillaje-del-grand-hotel-de-bordeaux\/\",\"name\":\"Neceser Maquillaje del Grand H\u00f4tel de Bordeaux - InterContinental Bordeaux\",\"isPartOf\":{\"@id\":\"https:\/\/bordeaux.intercontinental.com\/#website\"},\"primaryImageOfPage\":{\"@id\":\"https:\/\/bordeaux.intercontinental.com\/es\/produit\/neceser-maquillaje-del-grand-hotel-de-bordeaux\/#primaryimage\"},\"image\":{\"@id\":\"https:\/\/bordeaux.intercontinental.com\/es\/produit\/neceser-maquillaje-del-grand-hotel-de-bordeaux\/#primaryimage\"},\"thumbnailUrl\":\"https:\/\/bordeaux.intercontinental.com\/wp-content\/uploads\/sites\/4\/2023\/03\/InterContinental-Bordeaux-Le-Grand-Hotel-Produit-Trousse-de-Beaute.jpg\",\"datePublished\":\"2023-03-07T14:45:40+00:00\",\"dateModified\":\"2024-02-07T16:06:05+00:00\",\"breadcrumb\":{\"@id\":\"https:\/\/bordeaux.intercontinental.com\/es\/produit\/neceser-maquillaje-del-grand-hotel-de-bordeaux\/#breadcrumb\"},\"inLanguage\":\"es\",\"potentialAction\":[{\"@type\":\"ReadAction\",\"target\":[\"https:\/\/bordeaux.intercontinental.com\/es\/produit\/neceser-maquillaje-del-grand-hotel-de-bordeaux\/\"]}]},{\"@type\":\"ImageObject\",\"inLanguage\":\"es\",\"@id\":\"https:\/\/bordeaux.intercontinental.com\/es\/produit\/neceser-maquillaje-del-grand-hotel-de-bordeaux\/#primaryimage\",\"url\":\"https:\/\/bordeaux.intercontinental.com\/wp-content\/uploads\/sites\/4\/2023\/03\/InterContinental-Bordeaux-Le-Grand-Hotel-Produit-Trousse-de-Beaute.jpg\",\"contentUrl\":\"https:\/\/bordeaux.intercontinental.com\/wp-content\/uploads\/sites\/4\/2023\/03\/InterContinental-Bordeaux-Le-Grand-Hotel-Produit-Trousse-de-Beaute.jpg\",\"width\":2250,\"height\":1689},{\"@type\":\"BreadcrumbList\",\"@id\":\"https:\/\/bordeaux.intercontinental.com\/es\/produit\/neceser-maquillaje-del-grand-hotel-de-bordeaux\/#breadcrumb\",\"itemListElement\":[{\"@type\":\"ListItem\",\"position\":1,\"name\":\"Inicio\",\"item\":\"https:\/\/bordeaux.intercontinental.com\/es\/\"},{\"@type\":\"ListItem\",\"position\":2,\"name\":\"Tienda\",\"item\":\"https:\/\/bordeaux.intercontinental.com\/es\/tienda\/\"},{\"@type\":\"ListItem\",\"position\":3,\"name\":\"Neceser Maquillaje del Grand H\u00f4tel de Bordeaux\"}]},{\"@type\":\"WebSite\",\"@id\":\"https:\/\/bordeaux.intercontinental.com\/#website\",\"url\":\"https:\/\/bordeaux.intercontinental.com\/\",\"name\":\"InterContinental Bordeaux\",\"description\":\"Live the InterContinental Life\",\"publisher\":{\"@id\":\"https:\/\/bordeaux.intercontinental.com\/#organization\"},\"alternateName\":\"InterContinental Bordeaux - Le Grand H\u00f4tel\",\"potentialAction\":[{\"@type\":\"SearchAction\",\"target\":{\"@type\":\"EntryPoint\",\"urlTemplate\":\"https:\/\/bordeaux.intercontinental.com\/?s={search_term_string}\"},\"query-input\":{\"@type\":\"PropertyValueSpecification\",\"valueRequired\":true,\"valueName\":\"search_term_string\"}}],\"inLanguage\":\"es\"},{\"@type\":\"Organization\",\"@id\":\"https:\/\/bordeaux.intercontinental.com\/#organization\",\"name\":\"InterContinental Bordeaux\",\"alternateName\":\"InterContinental Bordeaux - Le Grand H\u00f4tel\",\"url\":\"https:\/\/bordeaux.intercontinental.com\/\",\"logo\":{\"@type\":\"ImageObject\",\"inLanguage\":\"es\",\"@id\":\"https:\/\/bordeaux.intercontinental.com\/#\/schema\/logo\/image\/\",\"url\":\"https:\/\/bordeaux.intercontinental.com\/wp-content\/uploads\/sites\/4\/2023\/08\/logo-ihg-bordeaux-nl.svg\",\"contentUrl\":\"https:\/\/bordeaux.intercontinental.com\/wp-content\/uploads\/sites\/4\/2023\/08\/logo-ihg-bordeaux-nl.svg\",\"caption\":\"InterContinental Bordeaux\"},\"image\":{\"@id\":\"https:\/\/bordeaux.intercontinental.com\/#\/schema\/logo\/image\/\"}}]}<\/script>\n<!-- \/ Yoast SEO plugin. -->","yoast_head_json":{"title":"Neceser Maquillaje del Grand H\u00f4tel de Bordeaux - InterContinental Bordeaux","robots":{"index":"index","follow":"follow","max-snippet":"max-snippet:-1","max-image-preview":"max-image-preview:large","max-video-preview":"max-video-preview:-1"},"canonical":"https:\/\/bordeaux.intercontinental.com\/es\/produit\/neceser-maquillaje-del-grand-hotel-de-bordeaux\/","og_locale":"es_ES","og_type":"article","og_title":"Neceser Maquillaje del Grand H\u00f4tel de Bordeaux - InterContinental Bordeaux","og_description":"Tanto si viaja por negocios como por placer, nuestro neceser de maquillaje le acompa\u00f1ar\u00e1 all\u00e1 donde vaya.","og_url":"https:\/\/bordeaux.intercontinental.com\/es\/produit\/neceser-maquillaje-del-grand-hotel-de-bordeaux\/","og_site_name":"InterContinental Bordeaux","article_modified_time":"2024-02-07T16:06:05+00:00","og_image":[{"width":2250,"height":1689,"url":"https:\/\/bordeaux.intercontinental.com\/wp-content\/uploads\/sites\/4\/2023\/03\/InterContinental-Bordeaux-Le-Grand-Hotel-Produit-Trousse-de-Beaute.jpg","type":"image\/jpeg"}],"twitter_card":"summary_large_image","schema":{"@context":"https:\/\/schema.org","@graph":[{"@type":"WebPage","@id":"https:\/\/bordeaux.intercontinental.com\/es\/produit\/neceser-maquillaje-del-grand-hotel-de-bordeaux\/","url":"https:\/\/bordeaux.intercontinental.com\/es\/produit\/neceser-maquillaje-del-grand-hotel-de-bordeaux\/","name":"Neceser Maquillaje del Grand H\u00f4tel de Bordeaux - InterContinental Bordeaux","isPartOf":{"@id":"https:\/\/bordeaux.intercontinental.com\/#website"},"primaryImageOfPage":{"@id":"https:\/\/bordeaux.intercontinental.com\/es\/produit\/neceser-maquillaje-del-grand-hotel-de-bordeaux\/#primaryimage"},"image":{"@id":"https:\/\/bordeaux.intercontinental.com\/es\/produit\/neceser-maquillaje-del-grand-hotel-de-bordeaux\/#primaryimage"},"thumbnailUrl":"https:\/\/bordeaux.intercontinental.com\/wp-content\/uploads\/sites\/4\/2023\/03\/InterContinental-Bordeaux-Le-Grand-Hotel-Produit-Trousse-de-Beaute.jpg","datePublished":"2023-03-07T14:45:40+00:00","dateModified":"2024-02-07T16:06:05+00:00","breadcrumb":{"@id":"https:\/\/bordeaux.intercontinental.com\/es\/produit\/neceser-maquillaje-del-grand-hotel-de-bordeaux\/#breadcrumb"},"inLanguage":"es","potentialAction":[{"@type":"ReadAction","target":["https:\/\/bordeaux.intercontinental.com\/es\/produit\/neceser-maquillaje-del-grand-hotel-de-bordeaux\/"]}]},{"@type":"ImageObject","inLanguage":"es","@id":"https:\/\/bordeaux.intercontinental.com\/es\/produit\/neceser-maquillaje-del-grand-hotel-de-bordeaux\/#primaryimage","url":"https:\/\/bordeaux.intercontinental.com\/wp-content\/uploads\/sites\/4\/2023\/03\/InterContinental-Bordeaux-Le-Grand-Hotel-Produit-Trousse-de-Beaute.jpg","contentUrl":"https:\/\/bordeaux.intercontinental.com\/wp-content\/uploads\/sites\/4\/2023\/03\/InterContinental-Bordeaux-Le-Grand-Hotel-Produit-Trousse-de-Beaute.jpg","width":2250,"height":1689},{"@type":"BreadcrumbList","@id":"https:\/\/bordeaux.intercontinental.com\/es\/produit\/neceser-maquillaje-del-grand-hotel-de-bordeaux\/#breadcrumb","itemListElement":[{"@type":"ListItem","position":1,"name":"Inicio","item":"https:\/\/bordeaux.intercontinental.com\/es\/"},{"@type":"ListItem","position":2,"name":"Tienda","item":"https:\/\/bordeaux.intercontinental.com\/es\/tienda\/"},{"@type":"ListItem","position":3,"name":"Neceser Maquillaje del Grand H\u00f4tel de Bordeaux"}]},{"@type":"WebSite","@id":"https:\/\/bordeaux.intercontinental.com\/#website","url":"https:\/\/bordeaux.intercontinental.com\/","name":"InterContinental Bordeaux","description":"Live the InterContinental Life","publisher":{"@id":"https:\/\/bordeaux.intercontinental.com\/#organization"},"alternateName":"InterContinental Bordeaux - Le Grand H\u00f4tel","potentialAction":[{"@type":"SearchAction","target":{"@type":"EntryPoint","urlTemplate":"https:\/\/bordeaux.intercontinental.com\/?s={search_term_string}"},"query-input":{"@type":"PropertyValueSpecification","valueRequired":true,"valueName":"search_term_string"}}],"inLanguage":"es"},{"@type":"Organization","@id":"https:\/\/bordeaux.intercontinental.com\/#organization","name":"InterContinental Bordeaux","alternateName":"InterContinental Bordeaux - Le Grand H\u00f4tel","url":"https:\/\/bordeaux.intercontinental.com\/","logo":{"@type":"ImageObject","inLanguage":"es","@id":"https:\/\/bordeaux.intercontinental.com\/#\/schema\/logo\/image\/","url":"https:\/\/bordeaux.intercontinental.com\/wp-content\/uploads\/sites\/4\/2023\/08\/logo-ihg-bordeaux-nl.svg","contentUrl":"https:\/\/bordeaux.intercontinental.com\/wp-content\/uploads\/sites\/4\/2023\/08\/logo-ihg-bordeaux-nl.svg","caption":"InterContinental Bordeaux"},"image":{"@id":"https:\/\/bordeaux.intercontinental.com\/#\/schema\/logo\/image\/"}}]}},"_links":{"self":[{"href":"https:\/\/bordeaux.intercontinental.com\/es\/wp-json\/wp\/v2\/product\/22775","targetHints":{"allow":["GET"]}}],"collection":[{"href":"https:\/\/bordeaux.intercontinental.com\/es\/wp-json\/wp\/v2\/product"}],"about":[{"href":"https:\/\/bordeaux.intercontinental.com\/es\/wp-json\/wp\/v2\/types\/product"}],"replies":[{"embeddable":true,"href":"https:\/\/bordeaux.intercontinental.com\/es\/wp-json\/wp\/v2\/comments?post=22775"}],"wp:featuredmedia":[{"embeddable":true,"href":"https:\/\/bordeaux.intercontinental.com\/es\/wp-json\/wp\/v2\/media\/22776"}],"wp:attachment":[{"href":"https:\/\/bordeaux.intercontinental.com\/es\/wp-json\/wp\/v2\/media?parent=22775"}],"wp:term":[{"taxonomy":"product_brand","embeddable":true,"href":"https:\/\/bordeaux.intercontinental.com\/es\/wp-json\/wp\/v2\/product_brand?post=22775"},{"taxonomy":"product_cat","embeddable":true,"href":"https:\/\/bordeaux.intercontinental.com\/es\/wp-json\/wp\/v2\/product_cat?post=22775"},{"taxonomy":"product_tag","embeddable":true,"href":"https:\/\/bordeaux.intercontinental.com\/es\/wp-json\/wp\/v2\/product_tag?post=22775"}],"curies":[{"name":"wp","href":"https:\/\/api.w.org\/{rel}","templated":true}]}}