{"id":22749,"date":"2023-05-22T14:37:45","date_gmt":"2023-05-22T12:37:45","guid":{"rendered":"https:\/\/bordeaux.intercontinental.com\/produit\/tratamiento-regenerador-real-1h30\/"},"modified":"2024-03-14T15:03:03","modified_gmt":"2024-03-14T14:03:03","slug":"tratamiento-regenerador-real-1h30","status":"publish","type":"product","link":"https:\/\/bordeaux.intercontinental.com\/es\/produit\/tratamiento-regenerador-real-1h30\/","title":{"rendered":"Tratamiento Regenerador Real (1h30)"},"content":{"rendered":"<p>Reg\u00e1lese un tratamiento experto basado en la l\u00ednea Abeille Royale, para aprovechar al m\u00e1ximo todos los beneficios de los productos de las abejas.<\/p>\n<p>Duraci\u00f3n: 90 minutos<br \/>\nLe rogamos presentarse 15 minutos antes del inicio del tratamiento.<\/p>\n<p><em>*Este vale no es reembolsable.<\/em><\/p>\n","protected":false},"excerpt":{"rendered":"<p>Reg\u00e1lese un tratamiento experto basado en la l\u00ednea Abeille Royale, para aprovechar al m\u00e1ximo todos los beneficios de los productos de las abejas.<\/p>\n","protected":false},"featured_media":22750,"comment_status":"open","ping_status":"closed","template":"","meta":{"_acf_changed":false},"product_brand":[],"product_cat":[111,115],"product_tag":[],"class_list":{"0":"post-22749","1":"product","2":"type-product","3":"status-publish","4":"has-post-thumbnail","6":"product_cat-spa-guerlain-es","7":"product_cat-tratamiento-facial","9":"first","10":"instock","11":"taxable","12":"shipping-taxable","13":"purchasable","14":"product-type-variable"},"composite_virtual":false,"composite_layout":"","composite_add_to_cart_form_location":"","composite_editable_in_cart":false,"composite_sold_individually_context":"","composite_shop_price_calc":"","composite_components":[],"composite_scenarios":[],"acf":[],"yoast_head":"<!-- This site is optimized with the Yoast SEO plugin v26.2 - https:\/\/yoast.com\/wordpress\/plugins\/seo\/ -->\n<title>Tratamiento Regenerador Real (1h30) - InterContinental Bordeaux<\/title>\n<meta name=\"robots\" content=\"index, follow, max-snippet:-1, max-image-preview:large, max-video-preview:-1\" \/>\n<link rel=\"canonical\" href=\"https:\/\/bordeaux.intercontinental.com\/es\/produit\/tratamiento-regenerador-real-1h30\/\" \/>\n<meta property=\"og:locale\" content=\"es_ES\" \/>\n<meta property=\"og:type\" content=\"article\" \/>\n<meta property=\"og:title\" content=\"Tratamiento Regenerador Real (1h30) - InterContinental Bordeaux\" \/>\n<meta property=\"og:description\" content=\"Reg\u00e1lese un tratamiento experto basado en la l\u00ednea Abeille Royale, para aprovechar al m\u00e1ximo todos los beneficios de los productos de las abejas.\" \/>\n<meta property=\"og:url\" content=\"https:\/\/bordeaux.intercontinental.com\/es\/produit\/tratamiento-regenerador-real-1h30\/\" \/>\n<meta property=\"og:site_name\" content=\"InterContinental Bordeaux\" \/>\n<meta property=\"article:modified_time\" content=\"2024-03-14T14:03:03+00:00\" \/>\n<meta property=\"og:image\" content=\"https:\/\/bordeaux.intercontinental.com\/wp-content\/uploads\/sites\/4\/2023\/05\/InterContinental-Bordeaux-Le-Grand-Hotel-Soin-Reparation-Royal.jpg\" \/>\n\t<meta property=\"og:image:width\" content=\"2000\" \/>\n\t<meta property=\"og:image:height\" content=\"2000\" \/>\n\t<meta property=\"og:image:type\" content=\"image\/jpeg\" \/>\n<meta name=\"twitter:card\" content=\"summary_large_image\" \/>\n<script type=\"application\/ld+json\" class=\"yoast-schema-graph\">{\"@context\":\"https:\/\/schema.org\",\"@graph\":[{\"@type\":\"WebPage\",\"@id\":\"https:\/\/bordeaux.intercontinental.com\/es\/produit\/tratamiento-regenerador-real-1h30\/\",\"url\":\"https:\/\/bordeaux.intercontinental.com\/es\/produit\/tratamiento-regenerador-real-1h30\/\",\"name\":\"Tratamiento Regenerador Real (1h30) - InterContinental Bordeaux\",\"isPartOf\":{\"@id\":\"https:\/\/bordeaux.intercontinental.com\/#website\"},\"primaryImageOfPage\":{\"@id\":\"https:\/\/bordeaux.intercontinental.com\/es\/produit\/tratamiento-regenerador-real-1h30\/#primaryimage\"},\"image\":{\"@id\":\"https:\/\/bordeaux.intercontinental.com\/es\/produit\/tratamiento-regenerador-real-1h30\/#primaryimage\"},\"thumbnailUrl\":\"https:\/\/bordeaux.intercontinental.com\/wp-content\/uploads\/sites\/4\/2023\/05\/InterContinental-Bordeaux-Le-Grand-Hotel-Soin-Reparation-Royal.jpg\",\"datePublished\":\"2023-05-22T12:37:45+00:00\",\"dateModified\":\"2024-03-14T14:03:03+00:00\",\"breadcrumb\":{\"@id\":\"https:\/\/bordeaux.intercontinental.com\/es\/produit\/tratamiento-regenerador-real-1h30\/#breadcrumb\"},\"inLanguage\":\"es\",\"potentialAction\":[{\"@type\":\"ReadAction\",\"target\":[\"https:\/\/bordeaux.intercontinental.com\/es\/produit\/tratamiento-regenerador-real-1h30\/\"]}]},{\"@type\":\"ImageObject\",\"inLanguage\":\"es\",\"@id\":\"https:\/\/bordeaux.intercontinental.com\/es\/produit\/tratamiento-regenerador-real-1h30\/#primaryimage\",\"url\":\"https:\/\/bordeaux.intercontinental.com\/wp-content\/uploads\/sites\/4\/2023\/05\/InterContinental-Bordeaux-Le-Grand-Hotel-Soin-Reparation-Royal.jpg\",\"contentUrl\":\"https:\/\/bordeaux.intercontinental.com\/wp-content\/uploads\/sites\/4\/2023\/05\/InterContinental-Bordeaux-Le-Grand-Hotel-Soin-Reparation-Royal.jpg\",\"width\":2000,\"height\":2000},{\"@type\":\"BreadcrumbList\",\"@id\":\"https:\/\/bordeaux.intercontinental.com\/es\/produit\/tratamiento-regenerador-real-1h30\/#breadcrumb\",\"itemListElement\":[{\"@type\":\"ListItem\",\"position\":1,\"name\":\"Inicio\",\"item\":\"https:\/\/bordeaux.intercontinental.com\/es\/\"},{\"@type\":\"ListItem\",\"position\":2,\"name\":\"Tienda\",\"item\":\"https:\/\/bordeaux.intercontinental.com\/es\/tienda\/\"},{\"@type\":\"ListItem\",\"position\":3,\"name\":\"Tratamiento Regenerador Real (1h30)\"}]},{\"@type\":\"WebSite\",\"@id\":\"https:\/\/bordeaux.intercontinental.com\/#website\",\"url\":\"https:\/\/bordeaux.intercontinental.com\/\",\"name\":\"InterContinental Bordeaux\",\"description\":\"Live the InterContinental Life\",\"publisher\":{\"@id\":\"https:\/\/bordeaux.intercontinental.com\/#organization\"},\"alternateName\":\"InterContinental Bordeaux - Le Grand H\u00f4tel\",\"potentialAction\":[{\"@type\":\"SearchAction\",\"target\":{\"@type\":\"EntryPoint\",\"urlTemplate\":\"https:\/\/bordeaux.intercontinental.com\/?s={search_term_string}\"},\"query-input\":{\"@type\":\"PropertyValueSpecification\",\"valueRequired\":true,\"valueName\":\"search_term_string\"}}],\"inLanguage\":\"es\"},{\"@type\":\"Organization\",\"@id\":\"https:\/\/bordeaux.intercontinental.com\/#organization\",\"name\":\"InterContinental Bordeaux\",\"alternateName\":\"InterContinental Bordeaux - Le Grand H\u00f4tel\",\"url\":\"https:\/\/bordeaux.intercontinental.com\/\",\"logo\":{\"@type\":\"ImageObject\",\"inLanguage\":\"es\",\"@id\":\"https:\/\/bordeaux.intercontinental.com\/#\/schema\/logo\/image\/\",\"url\":\"https:\/\/bordeaux.intercontinental.com\/wp-content\/uploads\/sites\/4\/2023\/08\/logo-ihg-bordeaux-nl.svg\",\"contentUrl\":\"https:\/\/bordeaux.intercontinental.com\/wp-content\/uploads\/sites\/4\/2023\/08\/logo-ihg-bordeaux-nl.svg\",\"caption\":\"InterContinental Bordeaux\"},\"image\":{\"@id\":\"https:\/\/bordeaux.intercontinental.com\/#\/schema\/logo\/image\/\"}}]}<\/script>\n<!-- \/ Yoast SEO plugin. -->","yoast_head_json":{"title":"Tratamiento Regenerador Real (1h30) - InterContinental Bordeaux","robots":{"index":"index","follow":"follow","max-snippet":"max-snippet:-1","max-image-preview":"max-image-preview:large","max-video-preview":"max-video-preview:-1"},"canonical":"https:\/\/bordeaux.intercontinental.com\/es\/produit\/tratamiento-regenerador-real-1h30\/","og_locale":"es_ES","og_type":"article","og_title":"Tratamiento Regenerador Real (1h30) - InterContinental Bordeaux","og_description":"Reg\u00e1lese un tratamiento experto basado en la l\u00ednea Abeille Royale, para aprovechar al m\u00e1ximo todos los beneficios de los productos de las abejas.","og_url":"https:\/\/bordeaux.intercontinental.com\/es\/produit\/tratamiento-regenerador-real-1h30\/","og_site_name":"InterContinental Bordeaux","article_modified_time":"2024-03-14T14:03:03+00:00","og_image":[{"width":2000,"height":2000,"url":"https:\/\/bordeaux.intercontinental.com\/wp-content\/uploads\/sites\/4\/2023\/05\/InterContinental-Bordeaux-Le-Grand-Hotel-Soin-Reparation-Royal.jpg","type":"image\/jpeg"}],"twitter_card":"summary_large_image","schema":{"@context":"https:\/\/schema.org","@graph":[{"@type":"WebPage","@id":"https:\/\/bordeaux.intercontinental.com\/es\/produit\/tratamiento-regenerador-real-1h30\/","url":"https:\/\/bordeaux.intercontinental.com\/es\/produit\/tratamiento-regenerador-real-1h30\/","name":"Tratamiento Regenerador Real (1h30) - InterContinental Bordeaux","isPartOf":{"@id":"https:\/\/bordeaux.intercontinental.com\/#website"},"primaryImageOfPage":{"@id":"https:\/\/bordeaux.intercontinental.com\/es\/produit\/tratamiento-regenerador-real-1h30\/#primaryimage"},"image":{"@id":"https:\/\/bordeaux.intercontinental.com\/es\/produit\/tratamiento-regenerador-real-1h30\/#primaryimage"},"thumbnailUrl":"https:\/\/bordeaux.intercontinental.com\/wp-content\/uploads\/sites\/4\/2023\/05\/InterContinental-Bordeaux-Le-Grand-Hotel-Soin-Reparation-Royal.jpg","datePublished":"2023-05-22T12:37:45+00:00","dateModified":"2024-03-14T14:03:03+00:00","breadcrumb":{"@id":"https:\/\/bordeaux.intercontinental.com\/es\/produit\/tratamiento-regenerador-real-1h30\/#breadcrumb"},"inLanguage":"es","potentialAction":[{"@type":"ReadAction","target":["https:\/\/bordeaux.intercontinental.com\/es\/produit\/tratamiento-regenerador-real-1h30\/"]}]},{"@type":"ImageObject","inLanguage":"es","@id":"https:\/\/bordeaux.intercontinental.com\/es\/produit\/tratamiento-regenerador-real-1h30\/#primaryimage","url":"https:\/\/bordeaux.intercontinental.com\/wp-content\/uploads\/sites\/4\/2023\/05\/InterContinental-Bordeaux-Le-Grand-Hotel-Soin-Reparation-Royal.jpg","contentUrl":"https:\/\/bordeaux.intercontinental.com\/wp-content\/uploads\/sites\/4\/2023\/05\/InterContinental-Bordeaux-Le-Grand-Hotel-Soin-Reparation-Royal.jpg","width":2000,"height":2000},{"@type":"BreadcrumbList","@id":"https:\/\/bordeaux.intercontinental.com\/es\/produit\/tratamiento-regenerador-real-1h30\/#breadcrumb","itemListElement":[{"@type":"ListItem","position":1,"name":"Inicio","item":"https:\/\/bordeaux.intercontinental.com\/es\/"},{"@type":"ListItem","position":2,"name":"Tienda","item":"https:\/\/bordeaux.intercontinental.com\/es\/tienda\/"},{"@type":"ListItem","position":3,"name":"Tratamiento Regenerador Real (1h30)"}]},{"@type":"WebSite","@id":"https:\/\/bordeaux.intercontinental.com\/#website","url":"https:\/\/bordeaux.intercontinental.com\/","name":"InterContinental Bordeaux","description":"Live the InterContinental Life","publisher":{"@id":"https:\/\/bordeaux.intercontinental.com\/#organization"},"alternateName":"InterContinental Bordeaux - Le Grand H\u00f4tel","potentialAction":[{"@type":"SearchAction","target":{"@type":"EntryPoint","urlTemplate":"https:\/\/bordeaux.intercontinental.com\/?s={search_term_string}"},"query-input":{"@type":"PropertyValueSpecification","valueRequired":true,"valueName":"search_term_string"}}],"inLanguage":"es"},{"@type":"Organization","@id":"https:\/\/bordeaux.intercontinental.com\/#organization","name":"InterContinental Bordeaux","alternateName":"InterContinental Bordeaux - Le Grand H\u00f4tel","url":"https:\/\/bordeaux.intercontinental.com\/","logo":{"@type":"ImageObject","inLanguage":"es","@id":"https:\/\/bordeaux.intercontinental.com\/#\/schema\/logo\/image\/","url":"https:\/\/bordeaux.intercontinental.com\/wp-content\/uploads\/sites\/4\/2023\/08\/logo-ihg-bordeaux-nl.svg","contentUrl":"https:\/\/bordeaux.intercontinental.com\/wp-content\/uploads\/sites\/4\/2023\/08\/logo-ihg-bordeaux-nl.svg","caption":"InterContinental Bordeaux"},"image":{"@id":"https:\/\/bordeaux.intercontinental.com\/#\/schema\/logo\/image\/"}}]}},"_links":{"self":[{"href":"https:\/\/bordeaux.intercontinental.com\/es\/wp-json\/wp\/v2\/product\/22749","targetHints":{"allow":["GET"]}}],"collection":[{"href":"https:\/\/bordeaux.intercontinental.com\/es\/wp-json\/wp\/v2\/product"}],"about":[{"href":"https:\/\/bordeaux.intercontinental.com\/es\/wp-json\/wp\/v2\/types\/product"}],"replies":[{"embeddable":true,"href":"https:\/\/bordeaux.intercontinental.com\/es\/wp-json\/wp\/v2\/comments?post=22749"}],"wp:featuredmedia":[{"embeddable":true,"href":"https:\/\/bordeaux.intercontinental.com\/es\/wp-json\/wp\/v2\/media\/22750"}],"wp:attachment":[{"href":"https:\/\/bordeaux.intercontinental.com\/es\/wp-json\/wp\/v2\/media?parent=22749"}],"wp:term":[{"taxonomy":"product_brand","embeddable":true,"href":"https:\/\/bordeaux.intercontinental.com\/es\/wp-json\/wp\/v2\/product_brand?post=22749"},{"taxonomy":"product_cat","embeddable":true,"href":"https:\/\/bordeaux.intercontinental.com\/es\/wp-json\/wp\/v2\/product_cat?post=22749"},{"taxonomy":"product_tag","embeddable":true,"href":"https:\/\/bordeaux.intercontinental.com\/es\/wp-json\/wp\/v2\/product_tag?post=22749"}],"curies":[{"name":"wp","href":"https:\/\/api.w.org\/{rel}","templated":true}]}}