{"id":22736,"date":"2023-04-24T14:05:44","date_gmt":"2023-04-24T12:05:44","guid":{"rendered":"https:\/\/bordeaux.intercontinental.com\/produit\/brunch-at-le-grand-hotel\/"},"modified":"2025-07-25T11:48:47","modified_gmt":"2025-07-25T09:48:47","slug":"brunch-at-le-grand-hotel","status":"publish","type":"product","link":"https:\/\/bordeaux.intercontinental.com\/es\/produit\/brunch-at-le-grand-hotel\/","title":{"rendered":"Brunch en el restaurante Le Bordeaux"},"content":{"rendered":"<p>Cualquier raz\u00f3n es buena para venir a descubrir o volver a descubrir <strong>nuestro tradicional Brunch dominical. <\/strong><\/p>\n<p>Para esta nueva versi\u00f3n, el equipo de Le Bordeaux quiso rendir homenaje a nuestro terru\u00f1o y a los productores locales ofreci\u00e9ndole un Brunch del Suroeste que har\u00e1 las delicias de su paladar.<\/p>\n<p><strong>Para m\u00e1s informaci\u00f3n:<\/strong><\/p>\n<p>Reservas en el 05 57 30 43 46<br \/>\n20 euros para los menores de 12 a\u00f1os y gratuito para los menores de 3 a\u00f1os.<br \/>\nDomingo de 12h a 15h<br \/>\nBebidas no incluidas<\/p>\n<p>Cheque regalo no v\u00e1lido el 25 de diciembre ni el 1 de enero<\/p>\n<p>V\u00e1lido los domingos. Sujeto a disponibilidad<br \/>\nOferta por persona v\u00e1lida 365 d\u00edas a partir de la fecha de compra<\/p>\n","protected":false},"excerpt":{"rendered":"<p>Cualquier raz\u00f3n es buena para venir a descubrir o volver a descubrir <strong>nuestro tradicional Brunch dominical.<\/strong><\/p>\n","protected":false},"featured_media":22737,"comment_status":"open","ping_status":"closed","template":"","meta":{"_acf_changed":false},"product_brand":[],"product_cat":[110],"product_tag":[],"class_list":{"0":"post-22736","1":"product","2":"type-product","3":"status-publish","4":"has-post-thumbnail","6":"product_cat-restaurantes-y-bares","8":"first","9":"instock","10":"taxable","11":"shipping-taxable","12":"purchasable","13":"product-type-variable"},"composite_virtual":false,"composite_layout":"","composite_add_to_cart_form_location":"","composite_editable_in_cart":false,"composite_sold_individually_context":"","composite_shop_price_calc":"","composite_components":[],"composite_scenarios":[],"acf":[],"yoast_head":"<!-- This site is optimized with the Yoast SEO plugin v26.2 - https:\/\/yoast.com\/wordpress\/plugins\/seo\/ -->\n<title>Brunch en el restaurante Le Bordeaux - InterContinental Bordeaux<\/title>\n<meta name=\"robots\" content=\"index, follow, max-snippet:-1, max-image-preview:large, max-video-preview:-1\" \/>\n<link rel=\"canonical\" href=\"https:\/\/bordeaux.intercontinental.com\/es\/produit\/brunch-at-le-grand-hotel\/\" \/>\n<meta property=\"og:locale\" content=\"es_ES\" \/>\n<meta property=\"og:type\" content=\"article\" \/>\n<meta property=\"og:title\" content=\"Brunch en el restaurante Le Bordeaux - InterContinental Bordeaux\" \/>\n<meta property=\"og:description\" content=\"Cualquier raz\u00f3n es buena para venir a descubrir o volver a descubrir nuestro tradicional Brunch dominical.\" \/>\n<meta property=\"og:url\" content=\"https:\/\/bordeaux.intercontinental.com\/es\/produit\/brunch-at-le-grand-hotel\/\" \/>\n<meta property=\"og:site_name\" content=\"InterContinental Bordeaux\" \/>\n<meta property=\"article:modified_time\" content=\"2025-07-25T09:48:47+00:00\" \/>\n<meta property=\"og:image\" content=\"https:\/\/bordeaux.intercontinental.com\/wp-content\/uploads\/sites\/4\/2022\/07\/InterContinental-Bordeaux-Le-Grand-Hotel-Plat-pdj.jpg\" \/>\n\t<meta property=\"og:image:width\" content=\"976\" \/>\n\t<meta property=\"og:image:height\" content=\"623\" \/>\n\t<meta property=\"og:image:type\" content=\"image\/jpeg\" \/>\n<meta name=\"twitter:card\" content=\"summary_large_image\" \/>\n<meta name=\"twitter:label1\" content=\"Tiempo de lectura\" \/>\n\t<meta name=\"twitter:data1\" content=\"1 minuto\" \/>\n<script type=\"application\/ld+json\" class=\"yoast-schema-graph\">{\"@context\":\"https:\/\/schema.org\",\"@graph\":[{\"@type\":\"WebPage\",\"@id\":\"https:\/\/bordeaux.intercontinental.com\/es\/produit\/brunch-at-le-grand-hotel\/\",\"url\":\"https:\/\/bordeaux.intercontinental.com\/es\/produit\/brunch-at-le-grand-hotel\/\",\"name\":\"Brunch en el restaurante Le Bordeaux - InterContinental Bordeaux\",\"isPartOf\":{\"@id\":\"https:\/\/bordeaux.intercontinental.com\/#website\"},\"primaryImageOfPage\":{\"@id\":\"https:\/\/bordeaux.intercontinental.com\/es\/produit\/brunch-at-le-grand-hotel\/#primaryimage\"},\"image\":{\"@id\":\"https:\/\/bordeaux.intercontinental.com\/es\/produit\/brunch-at-le-grand-hotel\/#primaryimage\"},\"thumbnailUrl\":\"https:\/\/bordeaux.intercontinental.com\/wp-content\/uploads\/sites\/4\/2022\/07\/InterContinental-Bordeaux-Le-Grand-Hotel-Plat-pdj.jpg\",\"datePublished\":\"2023-04-24T12:05:44+00:00\",\"dateModified\":\"2025-07-25T09:48:47+00:00\",\"breadcrumb\":{\"@id\":\"https:\/\/bordeaux.intercontinental.com\/es\/produit\/brunch-at-le-grand-hotel\/#breadcrumb\"},\"inLanguage\":\"es\",\"potentialAction\":[{\"@type\":\"ReadAction\",\"target\":[\"https:\/\/bordeaux.intercontinental.com\/es\/produit\/brunch-at-le-grand-hotel\/\"]}]},{\"@type\":\"ImageObject\",\"inLanguage\":\"es\",\"@id\":\"https:\/\/bordeaux.intercontinental.com\/es\/produit\/brunch-at-le-grand-hotel\/#primaryimage\",\"url\":\"https:\/\/bordeaux.intercontinental.com\/wp-content\/uploads\/sites\/4\/2022\/07\/InterContinental-Bordeaux-Le-Grand-Hotel-Plat-pdj.jpg\",\"contentUrl\":\"https:\/\/bordeaux.intercontinental.com\/wp-content\/uploads\/sites\/4\/2022\/07\/InterContinental-Bordeaux-Le-Grand-Hotel-Plat-pdj.jpg\",\"width\":976,\"height\":623},{\"@type\":\"BreadcrumbList\",\"@id\":\"https:\/\/bordeaux.intercontinental.com\/es\/produit\/brunch-at-le-grand-hotel\/#breadcrumb\",\"itemListElement\":[{\"@type\":\"ListItem\",\"position\":1,\"name\":\"Inicio\",\"item\":\"https:\/\/bordeaux.intercontinental.com\/es\/\"},{\"@type\":\"ListItem\",\"position\":2,\"name\":\"Tienda\",\"item\":\"https:\/\/bordeaux.intercontinental.com\/es\/tienda\/\"},{\"@type\":\"ListItem\",\"position\":3,\"name\":\"Brunch en el restaurante Le Bordeaux\"}]},{\"@type\":\"WebSite\",\"@id\":\"https:\/\/bordeaux.intercontinental.com\/#website\",\"url\":\"https:\/\/bordeaux.intercontinental.com\/\",\"name\":\"InterContinental Bordeaux\",\"description\":\"Live the InterContinental Life\",\"publisher\":{\"@id\":\"https:\/\/bordeaux.intercontinental.com\/#organization\"},\"alternateName\":\"InterContinental Bordeaux - Le Grand H\u00f4tel\",\"potentialAction\":[{\"@type\":\"SearchAction\",\"target\":{\"@type\":\"EntryPoint\",\"urlTemplate\":\"https:\/\/bordeaux.intercontinental.com\/?s={search_term_string}\"},\"query-input\":{\"@type\":\"PropertyValueSpecification\",\"valueRequired\":true,\"valueName\":\"search_term_string\"}}],\"inLanguage\":\"es\"},{\"@type\":\"Organization\",\"@id\":\"https:\/\/bordeaux.intercontinental.com\/#organization\",\"name\":\"InterContinental Bordeaux\",\"alternateName\":\"InterContinental Bordeaux - Le Grand H\u00f4tel\",\"url\":\"https:\/\/bordeaux.intercontinental.com\/\",\"logo\":{\"@type\":\"ImageObject\",\"inLanguage\":\"es\",\"@id\":\"https:\/\/bordeaux.intercontinental.com\/#\/schema\/logo\/image\/\",\"url\":\"https:\/\/bordeaux.intercontinental.com\/wp-content\/uploads\/sites\/4\/2023\/08\/logo-ihg-bordeaux-nl.svg\",\"contentUrl\":\"https:\/\/bordeaux.intercontinental.com\/wp-content\/uploads\/sites\/4\/2023\/08\/logo-ihg-bordeaux-nl.svg\",\"caption\":\"InterContinental Bordeaux\"},\"image\":{\"@id\":\"https:\/\/bordeaux.intercontinental.com\/#\/schema\/logo\/image\/\"}}]}<\/script>\n<!-- \/ Yoast SEO plugin. -->","yoast_head_json":{"title":"Brunch en el restaurante Le Bordeaux - InterContinental Bordeaux","robots":{"index":"index","follow":"follow","max-snippet":"max-snippet:-1","max-image-preview":"max-image-preview:large","max-video-preview":"max-video-preview:-1"},"canonical":"https:\/\/bordeaux.intercontinental.com\/es\/produit\/brunch-at-le-grand-hotel\/","og_locale":"es_ES","og_type":"article","og_title":"Brunch en el restaurante Le Bordeaux - InterContinental Bordeaux","og_description":"Cualquier raz\u00f3n es buena para venir a descubrir o volver a descubrir nuestro tradicional Brunch dominical.","og_url":"https:\/\/bordeaux.intercontinental.com\/es\/produit\/brunch-at-le-grand-hotel\/","og_site_name":"InterContinental Bordeaux","article_modified_time":"2025-07-25T09:48:47+00:00","og_image":[{"width":976,"height":623,"url":"https:\/\/bordeaux.intercontinental.com\/wp-content\/uploads\/sites\/4\/2022\/07\/InterContinental-Bordeaux-Le-Grand-Hotel-Plat-pdj.jpg","type":"image\/jpeg"}],"twitter_card":"summary_large_image","twitter_misc":{"Tiempo de lectura":"1 minuto"},"schema":{"@context":"https:\/\/schema.org","@graph":[{"@type":"WebPage","@id":"https:\/\/bordeaux.intercontinental.com\/es\/produit\/brunch-at-le-grand-hotel\/","url":"https:\/\/bordeaux.intercontinental.com\/es\/produit\/brunch-at-le-grand-hotel\/","name":"Brunch en el restaurante Le Bordeaux - InterContinental Bordeaux","isPartOf":{"@id":"https:\/\/bordeaux.intercontinental.com\/#website"},"primaryImageOfPage":{"@id":"https:\/\/bordeaux.intercontinental.com\/es\/produit\/brunch-at-le-grand-hotel\/#primaryimage"},"image":{"@id":"https:\/\/bordeaux.intercontinental.com\/es\/produit\/brunch-at-le-grand-hotel\/#primaryimage"},"thumbnailUrl":"https:\/\/bordeaux.intercontinental.com\/wp-content\/uploads\/sites\/4\/2022\/07\/InterContinental-Bordeaux-Le-Grand-Hotel-Plat-pdj.jpg","datePublished":"2023-04-24T12:05:44+00:00","dateModified":"2025-07-25T09:48:47+00:00","breadcrumb":{"@id":"https:\/\/bordeaux.intercontinental.com\/es\/produit\/brunch-at-le-grand-hotel\/#breadcrumb"},"inLanguage":"es","potentialAction":[{"@type":"ReadAction","target":["https:\/\/bordeaux.intercontinental.com\/es\/produit\/brunch-at-le-grand-hotel\/"]}]},{"@type":"ImageObject","inLanguage":"es","@id":"https:\/\/bordeaux.intercontinental.com\/es\/produit\/brunch-at-le-grand-hotel\/#primaryimage","url":"https:\/\/bordeaux.intercontinental.com\/wp-content\/uploads\/sites\/4\/2022\/07\/InterContinental-Bordeaux-Le-Grand-Hotel-Plat-pdj.jpg","contentUrl":"https:\/\/bordeaux.intercontinental.com\/wp-content\/uploads\/sites\/4\/2022\/07\/InterContinental-Bordeaux-Le-Grand-Hotel-Plat-pdj.jpg","width":976,"height":623},{"@type":"BreadcrumbList","@id":"https:\/\/bordeaux.intercontinental.com\/es\/produit\/brunch-at-le-grand-hotel\/#breadcrumb","itemListElement":[{"@type":"ListItem","position":1,"name":"Inicio","item":"https:\/\/bordeaux.intercontinental.com\/es\/"},{"@type":"ListItem","position":2,"name":"Tienda","item":"https:\/\/bordeaux.intercontinental.com\/es\/tienda\/"},{"@type":"ListItem","position":3,"name":"Brunch en el restaurante Le Bordeaux"}]},{"@type":"WebSite","@id":"https:\/\/bordeaux.intercontinental.com\/#website","url":"https:\/\/bordeaux.intercontinental.com\/","name":"InterContinental Bordeaux","description":"Live the InterContinental Life","publisher":{"@id":"https:\/\/bordeaux.intercontinental.com\/#organization"},"alternateName":"InterContinental Bordeaux - Le Grand H\u00f4tel","potentialAction":[{"@type":"SearchAction","target":{"@type":"EntryPoint","urlTemplate":"https:\/\/bordeaux.intercontinental.com\/?s={search_term_string}"},"query-input":{"@type":"PropertyValueSpecification","valueRequired":true,"valueName":"search_term_string"}}],"inLanguage":"es"},{"@type":"Organization","@id":"https:\/\/bordeaux.intercontinental.com\/#organization","name":"InterContinental Bordeaux","alternateName":"InterContinental Bordeaux - Le Grand H\u00f4tel","url":"https:\/\/bordeaux.intercontinental.com\/","logo":{"@type":"ImageObject","inLanguage":"es","@id":"https:\/\/bordeaux.intercontinental.com\/#\/schema\/logo\/image\/","url":"https:\/\/bordeaux.intercontinental.com\/wp-content\/uploads\/sites\/4\/2023\/08\/logo-ihg-bordeaux-nl.svg","contentUrl":"https:\/\/bordeaux.intercontinental.com\/wp-content\/uploads\/sites\/4\/2023\/08\/logo-ihg-bordeaux-nl.svg","caption":"InterContinental Bordeaux"},"image":{"@id":"https:\/\/bordeaux.intercontinental.com\/#\/schema\/logo\/image\/"}}]}},"_links":{"self":[{"href":"https:\/\/bordeaux.intercontinental.com\/es\/wp-json\/wp\/v2\/product\/22736","targetHints":{"allow":["GET"]}}],"collection":[{"href":"https:\/\/bordeaux.intercontinental.com\/es\/wp-json\/wp\/v2\/product"}],"about":[{"href":"https:\/\/bordeaux.intercontinental.com\/es\/wp-json\/wp\/v2\/types\/product"}],"replies":[{"embeddable":true,"href":"https:\/\/bordeaux.intercontinental.com\/es\/wp-json\/wp\/v2\/comments?post=22736"}],"wp:featuredmedia":[{"embeddable":true,"href":"https:\/\/bordeaux.intercontinental.com\/es\/wp-json\/wp\/v2\/media\/22737"}],"wp:attachment":[{"href":"https:\/\/bordeaux.intercontinental.com\/es\/wp-json\/wp\/v2\/media?parent=22736"}],"wp:term":[{"taxonomy":"product_brand","embeddable":true,"href":"https:\/\/bordeaux.intercontinental.com\/es\/wp-json\/wp\/v2\/product_brand?post=22736"},{"taxonomy":"product_cat","embeddable":true,"href":"https:\/\/bordeaux.intercontinental.com\/es\/wp-json\/wp\/v2\/product_cat?post=22736"},{"taxonomy":"product_tag","embeddable":true,"href":"https:\/\/bordeaux.intercontinental.com\/es\/wp-json\/wp\/v2\/product_tag?post=22736"}],"curies":[{"name":"wp","href":"https:\/\/api.w.org\/{rel}","templated":true}]}}