{"id":22646,"date":"2023-02-21T11:13:54","date_gmt":"2023-02-21T10:13:54","guid":{"rendered":"https:\/\/bordeaux.intercontinental.com\/produit\/menu-herencia-en-le-pressoir-dargent-gordon-ramsay-con-maridaje-de-vinos\/"},"modified":"2025-12-17T11:20:44","modified_gmt":"2025-12-17T10:20:44","slug":"menu-herencia-en-le-pressoir-dargent-gordon-ramsay","status":"publish","type":"product","link":"https:\/\/bordeaux.intercontinental.com\/es\/produit\/menu-herencia-en-le-pressoir-dargent-gordon-ramsay\/","title":{"rendered":"Men\u00fa Herencia en Le Pressoir d&#8217;Argent Gordon Ramsay"},"content":{"rendered":"<p>Obra maestra atemporal, el restaurante de dos estrellas Michelin Le Pressoir d&#8217;Argent Gordon Ramsay es un remanso de excelencia digno de este gran chef.<br \/>\nEntre en el mundo gastron\u00f3mico del chef Gordon Ramsay con su men\u00fa degustaci\u00f3n de 7 platos.<\/p>\n<p>V\u00e1lido de martes a s\u00e1bado para cenas de las 19:00 hasta las 21:30 (sujeto a disponibilidad)<br \/>\nOferta v\u00e1lida por persona 365 d\u00edas a partir de la fecha de compra.<\/p>\n<p><em>El aperitivo y las bebidas calientes no est\u00e1n incluidos en la oferta.<\/em><\/p>\n","protected":false},"excerpt":{"rendered":"<p>Obra maestra atemporal, el restaurante de dos estrellas Michelin Le Pressoir d&#8217;Argent Gordon Ramsay es un remanso de excelencia digno de este gran chef.<\/p>\n","protected":false},"featured_media":46658,"comment_status":"open","ping_status":"closed","template":"","meta":{"_acf_changed":false},"product_brand":[],"product_cat":[110],"product_tag":[],"class_list":{"0":"post-22646","1":"product","2":"type-product","3":"status-publish","4":"has-post-thumbnail","6":"product_cat-restaurantes-y-bares","8":"first","9":"instock","10":"taxable","11":"shipping-taxable","12":"purchasable","13":"product-type-variable"},"composite_virtual":false,"composite_layout":"","composite_add_to_cart_form_location":"","composite_editable_in_cart":false,"composite_sold_individually_context":"","composite_shop_price_calc":"","composite_components":[],"composite_scenarios":[],"acf":[],"yoast_head":"<!-- This site is optimized with the Yoast SEO plugin v26.2 - https:\/\/yoast.com\/wordpress\/plugins\/seo\/ -->\n<title>Men\u00fa Herencia en Le Pressoir d&#039;Argent Gordon Ramsay - InterContinental Bordeaux<\/title>\n<meta name=\"robots\" content=\"index, follow, max-snippet:-1, max-image-preview:large, max-video-preview:-1\" \/>\n<link rel=\"canonical\" href=\"https:\/\/bordeaux.intercontinental.com\/es\/produit\/menu-herencia-en-le-pressoir-dargent-gordon-ramsay\/\" \/>\n<meta property=\"og:locale\" content=\"es_ES\" \/>\n<meta property=\"og:type\" content=\"article\" \/>\n<meta property=\"og:title\" content=\"Men\u00fa Herencia en Le Pressoir d&#039;Argent Gordon Ramsay - InterContinental Bordeaux\" \/>\n<meta property=\"og:description\" content=\"Obra maestra atemporal, el restaurante de dos estrellas Michelin Le Pressoir d&#039;Argent Gordon Ramsay es un remanso de excelencia digno de este gran chef.\" \/>\n<meta property=\"og:url\" content=\"https:\/\/bordeaux.intercontinental.com\/es\/produit\/menu-herencia-en-le-pressoir-dargent-gordon-ramsay\/\" \/>\n<meta property=\"og:site_name\" content=\"InterContinental Bordeaux\" \/>\n<meta property=\"article:modified_time\" content=\"2025-12-17T10:20:44+00:00\" \/>\n<meta property=\"og:image\" content=\"https:\/\/bordeaux.intercontinental.com\/wp-content\/uploads\/sites\/4\/2022\/07\/Intercontinental_Bordeaux_0305-scaled-1.jpg\" \/>\n\t<meta property=\"og:image:width\" content=\"1775\" \/>\n\t<meta property=\"og:image:height\" content=\"2048\" \/>\n\t<meta property=\"og:image:type\" content=\"image\/jpeg\" \/>\n<meta name=\"twitter:card\" content=\"summary_large_image\" \/>\n<script type=\"application\/ld+json\" class=\"yoast-schema-graph\">{\"@context\":\"https:\/\/schema.org\",\"@graph\":[{\"@type\":\"WebPage\",\"@id\":\"https:\/\/bordeaux.intercontinental.com\/es\/produit\/menu-herencia-en-le-pressoir-dargent-gordon-ramsay\/\",\"url\":\"https:\/\/bordeaux.intercontinental.com\/es\/produit\/menu-herencia-en-le-pressoir-dargent-gordon-ramsay\/\",\"name\":\"Men\u00fa Herencia en Le Pressoir d'Argent Gordon Ramsay - InterContinental Bordeaux\",\"isPartOf\":{\"@id\":\"https:\/\/bordeaux.intercontinental.com\/#website\"},\"primaryImageOfPage\":{\"@id\":\"https:\/\/bordeaux.intercontinental.com\/es\/produit\/menu-herencia-en-le-pressoir-dargent-gordon-ramsay\/#primaryimage\"},\"image\":{\"@id\":\"https:\/\/bordeaux.intercontinental.com\/es\/produit\/menu-herencia-en-le-pressoir-dargent-gordon-ramsay\/#primaryimage\"},\"thumbnailUrl\":\"https:\/\/bordeaux.intercontinental.com\/wp-content\/uploads\/sites\/4\/2023\/02\/Rouget_PDA@marionescalier_-04.jpg\",\"datePublished\":\"2023-02-21T10:13:54+00:00\",\"dateModified\":\"2025-12-17T10:20:44+00:00\",\"breadcrumb\":{\"@id\":\"https:\/\/bordeaux.intercontinental.com\/es\/produit\/menu-herencia-en-le-pressoir-dargent-gordon-ramsay\/#breadcrumb\"},\"inLanguage\":\"es\",\"potentialAction\":[{\"@type\":\"ReadAction\",\"target\":[\"https:\/\/bordeaux.intercontinental.com\/es\/produit\/menu-herencia-en-le-pressoir-dargent-gordon-ramsay\/\"]}]},{\"@type\":\"ImageObject\",\"inLanguage\":\"es\",\"@id\":\"https:\/\/bordeaux.intercontinental.com\/es\/produit\/menu-herencia-en-le-pressoir-dargent-gordon-ramsay\/#primaryimage\",\"url\":\"https:\/\/bordeaux.intercontinental.com\/wp-content\/uploads\/sites\/4\/2023\/02\/Rouget_PDA@marionescalier_-04.jpg\",\"contentUrl\":\"https:\/\/bordeaux.intercontinental.com\/wp-content\/uploads\/sites\/4\/2023\/02\/Rouget_PDA@marionescalier_-04.jpg\",\"width\":3190,\"height\":4196},{\"@type\":\"BreadcrumbList\",\"@id\":\"https:\/\/bordeaux.intercontinental.com\/es\/produit\/menu-herencia-en-le-pressoir-dargent-gordon-ramsay\/#breadcrumb\",\"itemListElement\":[{\"@type\":\"ListItem\",\"position\":1,\"name\":\"Inicio\",\"item\":\"https:\/\/bordeaux.intercontinental.com\/es\/\"},{\"@type\":\"ListItem\",\"position\":2,\"name\":\"Tienda\",\"item\":\"https:\/\/bordeaux.intercontinental.com\/es\/tienda\/\"},{\"@type\":\"ListItem\",\"position\":3,\"name\":\"Men\u00fa Herencia en Le Pressoir d&rsquo;Argent Gordon Ramsay\"}]},{\"@type\":\"WebSite\",\"@id\":\"https:\/\/bordeaux.intercontinental.com\/#website\",\"url\":\"https:\/\/bordeaux.intercontinental.com\/\",\"name\":\"InterContinental Bordeaux\",\"description\":\"Live the InterContinental Life\",\"publisher\":{\"@id\":\"https:\/\/bordeaux.intercontinental.com\/#organization\"},\"alternateName\":\"InterContinental Bordeaux - Le Grand H\u00f4tel\",\"potentialAction\":[{\"@type\":\"SearchAction\",\"target\":{\"@type\":\"EntryPoint\",\"urlTemplate\":\"https:\/\/bordeaux.intercontinental.com\/?s={search_term_string}\"},\"query-input\":{\"@type\":\"PropertyValueSpecification\",\"valueRequired\":true,\"valueName\":\"search_term_string\"}}],\"inLanguage\":\"es\"},{\"@type\":\"Organization\",\"@id\":\"https:\/\/bordeaux.intercontinental.com\/#organization\",\"name\":\"InterContinental Bordeaux\",\"alternateName\":\"InterContinental Bordeaux - Le Grand H\u00f4tel\",\"url\":\"https:\/\/bordeaux.intercontinental.com\/\",\"logo\":{\"@type\":\"ImageObject\",\"inLanguage\":\"es\",\"@id\":\"https:\/\/bordeaux.intercontinental.com\/#\/schema\/logo\/image\/\",\"url\":\"https:\/\/bordeaux.intercontinental.com\/wp-content\/uploads\/sites\/4\/2023\/08\/logo-ihg-bordeaux-nl.svg\",\"contentUrl\":\"https:\/\/bordeaux.intercontinental.com\/wp-content\/uploads\/sites\/4\/2023\/08\/logo-ihg-bordeaux-nl.svg\",\"caption\":\"InterContinental Bordeaux\"},\"image\":{\"@id\":\"https:\/\/bordeaux.intercontinental.com\/#\/schema\/logo\/image\/\"}}]}<\/script>\n<!-- \/ Yoast SEO plugin. -->","yoast_head_json":{"title":"Men\u00fa Herencia en Le Pressoir d'Argent Gordon Ramsay - InterContinental Bordeaux","robots":{"index":"index","follow":"follow","max-snippet":"max-snippet:-1","max-image-preview":"max-image-preview:large","max-video-preview":"max-video-preview:-1"},"canonical":"https:\/\/bordeaux.intercontinental.com\/es\/produit\/menu-herencia-en-le-pressoir-dargent-gordon-ramsay\/","og_locale":"es_ES","og_type":"article","og_title":"Men\u00fa Herencia en Le Pressoir d'Argent Gordon Ramsay - InterContinental Bordeaux","og_description":"Obra maestra atemporal, el restaurante de dos estrellas Michelin Le Pressoir d'Argent Gordon Ramsay es un remanso de excelencia digno de este gran chef.","og_url":"https:\/\/bordeaux.intercontinental.com\/es\/produit\/menu-herencia-en-le-pressoir-dargent-gordon-ramsay\/","og_site_name":"InterContinental Bordeaux","article_modified_time":"2025-12-17T10:20:44+00:00","og_image":[{"width":1775,"height":2048,"url":"https:\/\/bordeaux.intercontinental.com\/wp-content\/uploads\/sites\/4\/2022\/07\/Intercontinental_Bordeaux_0305-scaled-1.jpg","type":"image\/jpeg"}],"twitter_card":"summary_large_image","schema":{"@context":"https:\/\/schema.org","@graph":[{"@type":"WebPage","@id":"https:\/\/bordeaux.intercontinental.com\/es\/produit\/menu-herencia-en-le-pressoir-dargent-gordon-ramsay\/","url":"https:\/\/bordeaux.intercontinental.com\/es\/produit\/menu-herencia-en-le-pressoir-dargent-gordon-ramsay\/","name":"Men\u00fa Herencia en Le Pressoir d'Argent Gordon Ramsay - InterContinental Bordeaux","isPartOf":{"@id":"https:\/\/bordeaux.intercontinental.com\/#website"},"primaryImageOfPage":{"@id":"https:\/\/bordeaux.intercontinental.com\/es\/produit\/menu-herencia-en-le-pressoir-dargent-gordon-ramsay\/#primaryimage"},"image":{"@id":"https:\/\/bordeaux.intercontinental.com\/es\/produit\/menu-herencia-en-le-pressoir-dargent-gordon-ramsay\/#primaryimage"},"thumbnailUrl":"https:\/\/bordeaux.intercontinental.com\/wp-content\/uploads\/sites\/4\/2023\/02\/Rouget_PDA@marionescalier_-04.jpg","datePublished":"2023-02-21T10:13:54+00:00","dateModified":"2025-12-17T10:20:44+00:00","breadcrumb":{"@id":"https:\/\/bordeaux.intercontinental.com\/es\/produit\/menu-herencia-en-le-pressoir-dargent-gordon-ramsay\/#breadcrumb"},"inLanguage":"es","potentialAction":[{"@type":"ReadAction","target":["https:\/\/bordeaux.intercontinental.com\/es\/produit\/menu-herencia-en-le-pressoir-dargent-gordon-ramsay\/"]}]},{"@type":"ImageObject","inLanguage":"es","@id":"https:\/\/bordeaux.intercontinental.com\/es\/produit\/menu-herencia-en-le-pressoir-dargent-gordon-ramsay\/#primaryimage","url":"https:\/\/bordeaux.intercontinental.com\/wp-content\/uploads\/sites\/4\/2023\/02\/Rouget_PDA@marionescalier_-04.jpg","contentUrl":"https:\/\/bordeaux.intercontinental.com\/wp-content\/uploads\/sites\/4\/2023\/02\/Rouget_PDA@marionescalier_-04.jpg","width":3190,"height":4196},{"@type":"BreadcrumbList","@id":"https:\/\/bordeaux.intercontinental.com\/es\/produit\/menu-herencia-en-le-pressoir-dargent-gordon-ramsay\/#breadcrumb","itemListElement":[{"@type":"ListItem","position":1,"name":"Inicio","item":"https:\/\/bordeaux.intercontinental.com\/es\/"},{"@type":"ListItem","position":2,"name":"Tienda","item":"https:\/\/bordeaux.intercontinental.com\/es\/tienda\/"},{"@type":"ListItem","position":3,"name":"Men\u00fa Herencia en Le Pressoir d&rsquo;Argent Gordon Ramsay"}]},{"@type":"WebSite","@id":"https:\/\/bordeaux.intercontinental.com\/#website","url":"https:\/\/bordeaux.intercontinental.com\/","name":"InterContinental Bordeaux","description":"Live the InterContinental Life","publisher":{"@id":"https:\/\/bordeaux.intercontinental.com\/#organization"},"alternateName":"InterContinental Bordeaux - Le Grand H\u00f4tel","potentialAction":[{"@type":"SearchAction","target":{"@type":"EntryPoint","urlTemplate":"https:\/\/bordeaux.intercontinental.com\/?s={search_term_string}"},"query-input":{"@type":"PropertyValueSpecification","valueRequired":true,"valueName":"search_term_string"}}],"inLanguage":"es"},{"@type":"Organization","@id":"https:\/\/bordeaux.intercontinental.com\/#organization","name":"InterContinental Bordeaux","alternateName":"InterContinental Bordeaux - Le Grand H\u00f4tel","url":"https:\/\/bordeaux.intercontinental.com\/","logo":{"@type":"ImageObject","inLanguage":"es","@id":"https:\/\/bordeaux.intercontinental.com\/#\/schema\/logo\/image\/","url":"https:\/\/bordeaux.intercontinental.com\/wp-content\/uploads\/sites\/4\/2023\/08\/logo-ihg-bordeaux-nl.svg","contentUrl":"https:\/\/bordeaux.intercontinental.com\/wp-content\/uploads\/sites\/4\/2023\/08\/logo-ihg-bordeaux-nl.svg","caption":"InterContinental Bordeaux"},"image":{"@id":"https:\/\/bordeaux.intercontinental.com\/#\/schema\/logo\/image\/"}}]}},"_links":{"self":[{"href":"https:\/\/bordeaux.intercontinental.com\/es\/wp-json\/wp\/v2\/product\/22646","targetHints":{"allow":["GET"]}}],"collection":[{"href":"https:\/\/bordeaux.intercontinental.com\/es\/wp-json\/wp\/v2\/product"}],"about":[{"href":"https:\/\/bordeaux.intercontinental.com\/es\/wp-json\/wp\/v2\/types\/product"}],"replies":[{"embeddable":true,"href":"https:\/\/bordeaux.intercontinental.com\/es\/wp-json\/wp\/v2\/comments?post=22646"}],"wp:featuredmedia":[{"embeddable":true,"href":"https:\/\/bordeaux.intercontinental.com\/es\/wp-json\/wp\/v2\/media\/46658"}],"wp:attachment":[{"href":"https:\/\/bordeaux.intercontinental.com\/es\/wp-json\/wp\/v2\/media?parent=22646"}],"wp:term":[{"taxonomy":"product_brand","embeddable":true,"href":"https:\/\/bordeaux.intercontinental.com\/es\/wp-json\/wp\/v2\/product_brand?post=22646"},{"taxonomy":"product_cat","embeddable":true,"href":"https:\/\/bordeaux.intercontinental.com\/es\/wp-json\/wp\/v2\/product_cat?post=22646"},{"taxonomy":"product_tag","embeddable":true,"href":"https:\/\/bordeaux.intercontinental.com\/es\/wp-json\/wp\/v2\/product_tag?post=22646"}],"curies":[{"name":"wp","href":"https:\/\/api.w.org\/{rel}","templated":true}]}}