{"id":22631,"date":"2022-08-17T11:26:41","date_gmt":"2022-08-17T09:26:41","guid":{"rendered":"https:\/\/bordeaux.intercontinental.com\/produit\/tratamiento-exclusivo-tratamiento-facial-espejo-de-agua-1h\/"},"modified":"2024-03-14T14:57:49","modified_gmt":"2024-03-14T13:57:49","slug":"tratamiento-exclusivo-tratamiento-facial-espejo-de-agua-1h","status":"publish","type":"product","link":"https:\/\/bordeaux.intercontinental.com\/es\/produit\/tratamiento-exclusivo-tratamiento-facial-espejo-de-agua-1h\/","title":{"rendered":"Tratamiento exclusivo\u00a0: Tratamiento Facial Espejo de Agua (1h)"},"content":{"rendered":"<p>En homenaje a la mujer bordelesa, Espejo de Agua es un tratamiento facial dedicado a hidratar y y rejuvenecer la piel. Especialmente dise\u00f1ado por Guerlain para L&#8217;Intercontinental Bordeaux \u2013 Le Grand H\u00f4tel, este tratamiento exclusivo ofrece un viaje maravillloso que invita a una sensaci\u00f3n de bienestar supremo mediante movimientos expertos profundamente calmantes. Una aut\u00e9ntica pausa revitalizante que permite que la piel recupere su hidrataci\u00f3n mientras combate los signos del envejecimiento. Igual que el espejo de agua de la suntuosa plaza de la \u00ab\u00a0Bella Durmiente\u00a0\u00bb, el masaje proporciona una deliciosa sensaci\u00f3n de frescor que devuelve la flexibilidad, la ligereza y el brillo.<\/p>\n<p><strong>Duraci\u00f3n del Tratamiento:<\/strong> 90 minutos<\/p>\n<p>Le rogamos presentarse 15 minutos antes de que comience su Tratamiento.<\/p>\n<p>*Este bono no es reembolsable en ning\u00fan caso.<\/p>\n<p>Sujeto a disponibilidad.<\/p>\n","protected":false},"excerpt":{"rendered":"<p>En homenaje a la mujer bordelesa, Espejo de Agua es un tratamiento facial dedicado a hidratar y y rejuvenecer la piel. Especialmente dise\u00f1ado por Guerlain&#8230;<\/p>\n","protected":false},"featured_media":22632,"comment_status":"open","ping_status":"closed","template":"","meta":{"_acf_changed":false},"product_brand":[],"product_cat":[111,115],"product_tag":[],"class_list":{"0":"post-22631","1":"product","2":"type-product","3":"status-publish","4":"has-post-thumbnail","6":"product_cat-spa-guerlain-es","7":"product_cat-tratamiento-facial","9":"first","10":"instock","11":"taxable","12":"shipping-taxable","13":"purchasable","14":"product-type-variable"},"composite_virtual":false,"composite_layout":"","composite_add_to_cart_form_location":"","composite_editable_in_cart":false,"composite_sold_individually_context":"","composite_shop_price_calc":"","composite_components":[],"composite_scenarios":[],"acf":[],"yoast_head":"<!-- This site is optimized with the Yoast SEO plugin v26.2 - https:\/\/yoast.com\/wordpress\/plugins\/seo\/ -->\n<title>Tratamiento exclusivo\u00a0: Tratamiento Facial Espejo de Agua (1h) - InterContinental Bordeaux<\/title>\n<meta name=\"robots\" content=\"index, follow, max-snippet:-1, max-image-preview:large, max-video-preview:-1\" \/>\n<link rel=\"canonical\" href=\"https:\/\/bordeaux.intercontinental.com\/es\/produit\/tratamiento-exclusivo-tratamiento-facial-espejo-de-agua-1h\/\" \/>\n<meta property=\"og:locale\" content=\"es_ES\" \/>\n<meta property=\"og:type\" content=\"article\" \/>\n<meta property=\"og:title\" content=\"Tratamiento exclusivo\u00a0: Tratamiento Facial Espejo de Agua (1h) - InterContinental Bordeaux\" \/>\n<meta property=\"og:description\" content=\"En homenaje a la mujer bordelesa, Espejo de Agua es un tratamiento facial dedicado a hidratar y y rejuvenecer la piel. Especialmente dise\u00f1ado por Guerlain...\" \/>\n<meta property=\"og:url\" content=\"https:\/\/bordeaux.intercontinental.com\/es\/produit\/tratamiento-exclusivo-tratamiento-facial-espejo-de-agua-1h\/\" \/>\n<meta property=\"og:site_name\" content=\"InterContinental Bordeaux\" \/>\n<meta property=\"article:modified_time\" content=\"2024-03-14T13:57:49+00:00\" \/>\n<meta property=\"og:image\" content=\"https:\/\/bordeaux.intercontinental.com\/wp-content\/uploads\/sites\/4\/2023\/05\/SPA21-1032-scaled-1.jpg\" \/>\n\t<meta property=\"og:image:width\" content=\"2545\" \/>\n\t<meta property=\"og:image:height\" content=\"2560\" \/>\n\t<meta property=\"og:image:type\" content=\"image\/jpeg\" \/>\n<meta name=\"twitter:card\" content=\"summary_large_image\" \/>\n<meta name=\"twitter:label1\" content=\"Tiempo de lectura\" \/>\n\t<meta name=\"twitter:data1\" content=\"1 minuto\" \/>\n<script type=\"application\/ld+json\" class=\"yoast-schema-graph\">{\"@context\":\"https:\/\/schema.org\",\"@graph\":[{\"@type\":\"WebPage\",\"@id\":\"https:\/\/bordeaux.intercontinental.com\/es\/produit\/tratamiento-exclusivo-tratamiento-facial-espejo-de-agua-1h\/\",\"url\":\"https:\/\/bordeaux.intercontinental.com\/es\/produit\/tratamiento-exclusivo-tratamiento-facial-espejo-de-agua-1h\/\",\"name\":\"Tratamiento exclusivo\u00a0: Tratamiento Facial Espejo de Agua (1h) - InterContinental Bordeaux\",\"isPartOf\":{\"@id\":\"https:\/\/bordeaux.intercontinental.com\/#website\"},\"primaryImageOfPage\":{\"@id\":\"https:\/\/bordeaux.intercontinental.com\/es\/produit\/tratamiento-exclusivo-tratamiento-facial-espejo-de-agua-1h\/#primaryimage\"},\"image\":{\"@id\":\"https:\/\/bordeaux.intercontinental.com\/es\/produit\/tratamiento-exclusivo-tratamiento-facial-espejo-de-agua-1h\/#primaryimage\"},\"thumbnailUrl\":\"https:\/\/bordeaux.intercontinental.com\/wp-content\/uploads\/sites\/4\/2023\/05\/SPA21-1032-scaled-1.jpg\",\"datePublished\":\"2022-08-17T09:26:41+00:00\",\"dateModified\":\"2024-03-14T13:57:49+00:00\",\"breadcrumb\":{\"@id\":\"https:\/\/bordeaux.intercontinental.com\/es\/produit\/tratamiento-exclusivo-tratamiento-facial-espejo-de-agua-1h\/#breadcrumb\"},\"inLanguage\":\"es\",\"potentialAction\":[{\"@type\":\"ReadAction\",\"target\":[\"https:\/\/bordeaux.intercontinental.com\/es\/produit\/tratamiento-exclusivo-tratamiento-facial-espejo-de-agua-1h\/\"]}]},{\"@type\":\"ImageObject\",\"inLanguage\":\"es\",\"@id\":\"https:\/\/bordeaux.intercontinental.com\/es\/produit\/tratamiento-exclusivo-tratamiento-facial-espejo-de-agua-1h\/#primaryimage\",\"url\":\"https:\/\/bordeaux.intercontinental.com\/wp-content\/uploads\/sites\/4\/2023\/05\/SPA21-1032-scaled-1.jpg\",\"contentUrl\":\"https:\/\/bordeaux.intercontinental.com\/wp-content\/uploads\/sites\/4\/2023\/05\/SPA21-1032-scaled-1.jpg\",\"width\":2545,\"height\":2560},{\"@type\":\"BreadcrumbList\",\"@id\":\"https:\/\/bordeaux.intercontinental.com\/es\/produit\/tratamiento-exclusivo-tratamiento-facial-espejo-de-agua-1h\/#breadcrumb\",\"itemListElement\":[{\"@type\":\"ListItem\",\"position\":1,\"name\":\"Inicio\",\"item\":\"https:\/\/bordeaux.intercontinental.com\/es\/\"},{\"@type\":\"ListItem\",\"position\":2,\"name\":\"Tienda\",\"item\":\"https:\/\/bordeaux.intercontinental.com\/es\/tienda\/\"},{\"@type\":\"ListItem\",\"position\":3,\"name\":\"Tratamiento exclusivo\u00a0: Tratamiento Facial Espejo de Agua (1h)\"}]},{\"@type\":\"WebSite\",\"@id\":\"https:\/\/bordeaux.intercontinental.com\/#website\",\"url\":\"https:\/\/bordeaux.intercontinental.com\/\",\"name\":\"InterContinental Bordeaux\",\"description\":\"Live the InterContinental Life\",\"publisher\":{\"@id\":\"https:\/\/bordeaux.intercontinental.com\/#organization\"},\"alternateName\":\"InterContinental Bordeaux - Le Grand H\u00f4tel\",\"potentialAction\":[{\"@type\":\"SearchAction\",\"target\":{\"@type\":\"EntryPoint\",\"urlTemplate\":\"https:\/\/bordeaux.intercontinental.com\/?s={search_term_string}\"},\"query-input\":{\"@type\":\"PropertyValueSpecification\",\"valueRequired\":true,\"valueName\":\"search_term_string\"}}],\"inLanguage\":\"es\"},{\"@type\":\"Organization\",\"@id\":\"https:\/\/bordeaux.intercontinental.com\/#organization\",\"name\":\"InterContinental Bordeaux\",\"alternateName\":\"InterContinental Bordeaux - Le Grand H\u00f4tel\",\"url\":\"https:\/\/bordeaux.intercontinental.com\/\",\"logo\":{\"@type\":\"ImageObject\",\"inLanguage\":\"es\",\"@id\":\"https:\/\/bordeaux.intercontinental.com\/#\/schema\/logo\/image\/\",\"url\":\"https:\/\/bordeaux.intercontinental.com\/wp-content\/uploads\/sites\/4\/2023\/08\/logo-ihg-bordeaux-nl.svg\",\"contentUrl\":\"https:\/\/bordeaux.intercontinental.com\/wp-content\/uploads\/sites\/4\/2023\/08\/logo-ihg-bordeaux-nl.svg\",\"caption\":\"InterContinental Bordeaux\"},\"image\":{\"@id\":\"https:\/\/bordeaux.intercontinental.com\/#\/schema\/logo\/image\/\"}}]}<\/script>\n<!-- \/ Yoast SEO plugin. -->","yoast_head_json":{"title":"Tratamiento exclusivo\u00a0: Tratamiento Facial Espejo de Agua (1h) - InterContinental Bordeaux","robots":{"index":"index","follow":"follow","max-snippet":"max-snippet:-1","max-image-preview":"max-image-preview:large","max-video-preview":"max-video-preview:-1"},"canonical":"https:\/\/bordeaux.intercontinental.com\/es\/produit\/tratamiento-exclusivo-tratamiento-facial-espejo-de-agua-1h\/","og_locale":"es_ES","og_type":"article","og_title":"Tratamiento exclusivo\u00a0: Tratamiento Facial Espejo de Agua (1h) - InterContinental Bordeaux","og_description":"En homenaje a la mujer bordelesa, Espejo de Agua es un tratamiento facial dedicado a hidratar y y rejuvenecer la piel. Especialmente dise\u00f1ado por Guerlain...","og_url":"https:\/\/bordeaux.intercontinental.com\/es\/produit\/tratamiento-exclusivo-tratamiento-facial-espejo-de-agua-1h\/","og_site_name":"InterContinental Bordeaux","article_modified_time":"2024-03-14T13:57:49+00:00","og_image":[{"width":2545,"height":2560,"url":"https:\/\/bordeaux.intercontinental.com\/wp-content\/uploads\/sites\/4\/2023\/05\/SPA21-1032-scaled-1.jpg","type":"image\/jpeg"}],"twitter_card":"summary_large_image","twitter_misc":{"Tiempo de lectura":"1 minuto"},"schema":{"@context":"https:\/\/schema.org","@graph":[{"@type":"WebPage","@id":"https:\/\/bordeaux.intercontinental.com\/es\/produit\/tratamiento-exclusivo-tratamiento-facial-espejo-de-agua-1h\/","url":"https:\/\/bordeaux.intercontinental.com\/es\/produit\/tratamiento-exclusivo-tratamiento-facial-espejo-de-agua-1h\/","name":"Tratamiento exclusivo\u00a0: Tratamiento Facial Espejo de Agua (1h) - InterContinental Bordeaux","isPartOf":{"@id":"https:\/\/bordeaux.intercontinental.com\/#website"},"primaryImageOfPage":{"@id":"https:\/\/bordeaux.intercontinental.com\/es\/produit\/tratamiento-exclusivo-tratamiento-facial-espejo-de-agua-1h\/#primaryimage"},"image":{"@id":"https:\/\/bordeaux.intercontinental.com\/es\/produit\/tratamiento-exclusivo-tratamiento-facial-espejo-de-agua-1h\/#primaryimage"},"thumbnailUrl":"https:\/\/bordeaux.intercontinental.com\/wp-content\/uploads\/sites\/4\/2023\/05\/SPA21-1032-scaled-1.jpg","datePublished":"2022-08-17T09:26:41+00:00","dateModified":"2024-03-14T13:57:49+00:00","breadcrumb":{"@id":"https:\/\/bordeaux.intercontinental.com\/es\/produit\/tratamiento-exclusivo-tratamiento-facial-espejo-de-agua-1h\/#breadcrumb"},"inLanguage":"es","potentialAction":[{"@type":"ReadAction","target":["https:\/\/bordeaux.intercontinental.com\/es\/produit\/tratamiento-exclusivo-tratamiento-facial-espejo-de-agua-1h\/"]}]},{"@type":"ImageObject","inLanguage":"es","@id":"https:\/\/bordeaux.intercontinental.com\/es\/produit\/tratamiento-exclusivo-tratamiento-facial-espejo-de-agua-1h\/#primaryimage","url":"https:\/\/bordeaux.intercontinental.com\/wp-content\/uploads\/sites\/4\/2023\/05\/SPA21-1032-scaled-1.jpg","contentUrl":"https:\/\/bordeaux.intercontinental.com\/wp-content\/uploads\/sites\/4\/2023\/05\/SPA21-1032-scaled-1.jpg","width":2545,"height":2560},{"@type":"BreadcrumbList","@id":"https:\/\/bordeaux.intercontinental.com\/es\/produit\/tratamiento-exclusivo-tratamiento-facial-espejo-de-agua-1h\/#breadcrumb","itemListElement":[{"@type":"ListItem","position":1,"name":"Inicio","item":"https:\/\/bordeaux.intercontinental.com\/es\/"},{"@type":"ListItem","position":2,"name":"Tienda","item":"https:\/\/bordeaux.intercontinental.com\/es\/tienda\/"},{"@type":"ListItem","position":3,"name":"Tratamiento exclusivo\u00a0: Tratamiento Facial Espejo de Agua (1h)"}]},{"@type":"WebSite","@id":"https:\/\/bordeaux.intercontinental.com\/#website","url":"https:\/\/bordeaux.intercontinental.com\/","name":"InterContinental Bordeaux","description":"Live the InterContinental Life","publisher":{"@id":"https:\/\/bordeaux.intercontinental.com\/#organization"},"alternateName":"InterContinental Bordeaux - Le Grand H\u00f4tel","potentialAction":[{"@type":"SearchAction","target":{"@type":"EntryPoint","urlTemplate":"https:\/\/bordeaux.intercontinental.com\/?s={search_term_string}"},"query-input":{"@type":"PropertyValueSpecification","valueRequired":true,"valueName":"search_term_string"}}],"inLanguage":"es"},{"@type":"Organization","@id":"https:\/\/bordeaux.intercontinental.com\/#organization","name":"InterContinental Bordeaux","alternateName":"InterContinental Bordeaux - Le Grand H\u00f4tel","url":"https:\/\/bordeaux.intercontinental.com\/","logo":{"@type":"ImageObject","inLanguage":"es","@id":"https:\/\/bordeaux.intercontinental.com\/#\/schema\/logo\/image\/","url":"https:\/\/bordeaux.intercontinental.com\/wp-content\/uploads\/sites\/4\/2023\/08\/logo-ihg-bordeaux-nl.svg","contentUrl":"https:\/\/bordeaux.intercontinental.com\/wp-content\/uploads\/sites\/4\/2023\/08\/logo-ihg-bordeaux-nl.svg","caption":"InterContinental Bordeaux"},"image":{"@id":"https:\/\/bordeaux.intercontinental.com\/#\/schema\/logo\/image\/"}}]}},"_links":{"self":[{"href":"https:\/\/bordeaux.intercontinental.com\/es\/wp-json\/wp\/v2\/product\/22631","targetHints":{"allow":["GET"]}}],"collection":[{"href":"https:\/\/bordeaux.intercontinental.com\/es\/wp-json\/wp\/v2\/product"}],"about":[{"href":"https:\/\/bordeaux.intercontinental.com\/es\/wp-json\/wp\/v2\/types\/product"}],"replies":[{"embeddable":true,"href":"https:\/\/bordeaux.intercontinental.com\/es\/wp-json\/wp\/v2\/comments?post=22631"}],"wp:featuredmedia":[{"embeddable":true,"href":"https:\/\/bordeaux.intercontinental.com\/es\/wp-json\/wp\/v2\/media\/22632"}],"wp:attachment":[{"href":"https:\/\/bordeaux.intercontinental.com\/es\/wp-json\/wp\/v2\/media?parent=22631"}],"wp:term":[{"taxonomy":"product_brand","embeddable":true,"href":"https:\/\/bordeaux.intercontinental.com\/es\/wp-json\/wp\/v2\/product_brand?post=22631"},{"taxonomy":"product_cat","embeddable":true,"href":"https:\/\/bordeaux.intercontinental.com\/es\/wp-json\/wp\/v2\/product_cat?post=22631"},{"taxonomy":"product_tag","embeddable":true,"href":"https:\/\/bordeaux.intercontinental.com\/es\/wp-json\/wp\/v2\/product_tag?post=22631"}],"curies":[{"name":"wp","href":"https:\/\/api.w.org\/{rel}","templated":true}]}}