{"id":22613,"date":"2022-08-17T11:19:18","date_gmt":"2022-08-17T09:19:18","guid":{"rendered":"https:\/\/bordeaux.intercontinental.com\/produit\/tratamiento-facial-y-corporal-orchidee-imperiale-ultime-2h\/"},"modified":"2024-03-14T15:11:47","modified_gmt":"2024-03-14T14:11:47","slug":"tratamiento-facial-y-corporal-orchidee-imperiale-ultime-2h","status":"publish","type":"product","link":"https:\/\/bordeaux.intercontinental.com\/es\/produit\/tratamiento-facial-y-corporal-orchidee-imperiale-ultime-2h\/","title":{"rendered":"Tratamiento Facial y Corporal\u00a0: Orchid\u00e9e Imp\u00e9riale Ultime (2h)"},"content":{"rendered":"<p>Para celebrar el 80\u00ba aniversario de su centro de bienestar 68 Champs-Elys\u00e9es, Guerlain ha decidido sublimar su experiencia con un masaje modelador excepcional y sin precedentes. Este tratamiento es una experiencia \u00fanica que refleja la incre\u00edble capacidad de Guerlain para innovar apoy\u00e1ndose en su experiencia y conocimientos hist\u00f3ricos. Trabajando en 80 m\u00fasculos del cuerpo y la cara mediante 80 gestos precisos y 80 puntos de presi\u00f3n, El 8 ha sido concebido para responder a las expectativas de cada persona. Cada gesto puede personalizarse y adaptarse a las necesidades individuales. En el coraz\u00f3n de este protocolo, un objetivo: desconectar tanto a nivel cerebral como muscular, especialmente gracias a los ritmos alternados practicados por la Experta en Belleza. La sesi\u00f3n le dejar\u00e1 una sensaci\u00f3n de ligereza, flexibilidad y se sentir\u00e1 liberada estr\u00e9s, pero tambi\u00e9n se sentir\u00e1 llena de nueva energ\u00eda y confianza en s\u00ed misma. Guerlain ofrece un tratamiento \u00fanico, asumiendo el reto de combinar un masaje de belleza con los efectos de una sesi\u00f3n de yoga.<\/p>\n<p><strong>Duraci\u00f3n del Tratamiento:<\/strong> 90 minutos<\/p>\n<p>Le rogamos presentarse 15 minutos antes de que comience su Tratamiento.<\/p>\n<p>*Este bono no es reembolsable en ning\u00fan caso.<\/p>\n<p>Sujeto a disponibilidad.<\/p>\n","protected":false},"excerpt":{"rendered":"<p>Para celebrar el 80\u00ba aniversario de su centro de bienestar 68 Champs-Elys\u00e9es, Guerlain ha decidido sublimar su experiencia con un masaje modelador excepcional y sin precedentes. Este tratamiento es una experiencia \u00fanica que refleja la incre\u00edble capacidad de Guerlain para [&hellip;]<\/p>\n","protected":false},"featured_media":22614,"comment_status":"open","ping_status":"closed","template":"","meta":{"_acf_changed":false},"product_brand":[],"product_cat":[111,112],"product_tag":[],"class_list":{"0":"post-22613","1":"product","2":"type-product","3":"status-publish","4":"has-post-thumbnail","6":"product_cat-spa-guerlain-es","7":"product_cat-tratamiento-facial-y-corporal","9":"first","10":"instock","11":"taxable","12":"shipping-taxable","13":"purchasable","14":"product-type-variable"},"composite_virtual":false,"composite_layout":"","composite_add_to_cart_form_location":"","composite_editable_in_cart":false,"composite_sold_individually_context":"","composite_shop_price_calc":"","composite_components":[],"composite_scenarios":[],"acf":[],"yoast_head":"<!-- This site is optimized with the Yoast SEO plugin v26.2 - https:\/\/yoast.com\/wordpress\/plugins\/seo\/ -->\n<title>Tratamiento Facial y Corporal\u00a0: Orchid\u00e9e Imp\u00e9riale Ultime (2h) - InterContinental Bordeaux<\/title>\n<meta name=\"robots\" content=\"index, follow, max-snippet:-1, max-image-preview:large, max-video-preview:-1\" \/>\n<link rel=\"canonical\" href=\"https:\/\/bordeaux.intercontinental.com\/es\/produit\/tratamiento-facial-y-corporal-orchidee-imperiale-ultime-2h\/\" \/>\n<meta property=\"og:locale\" content=\"es_ES\" \/>\n<meta property=\"og:type\" content=\"article\" \/>\n<meta property=\"og:title\" content=\"Tratamiento Facial y Corporal\u00a0: Orchid\u00e9e Imp\u00e9riale Ultime (2h) - InterContinental Bordeaux\" \/>\n<meta property=\"og:description\" content=\"Para celebrar el 80\u00ba aniversario de su centro de bienestar 68 Champs-Elys\u00e9es, Guerlain ha decidido sublimar su experiencia con un masaje modelador excepcional y sin precedentes. Este tratamiento es una experiencia \u00fanica que refleja la incre\u00edble capacidad de Guerlain para [&hellip;]\" \/>\n<meta property=\"og:url\" content=\"https:\/\/bordeaux.intercontinental.com\/es\/produit\/tratamiento-facial-y-corporal-orchidee-imperiale-ultime-2h\/\" \/>\n<meta property=\"og:site_name\" content=\"InterContinental Bordeaux\" \/>\n<meta property=\"article:modified_time\" content=\"2024-03-14T14:11:47+00:00\" \/>\n<meta property=\"og:image\" content=\"https:\/\/bordeaux.intercontinental.com\/wp-content\/uploads\/sites\/4\/2022\/08\/InterContinentalBordeaux_LeGrandHotel_SpaGuerlain_Soin-scaled-1.jpg\" \/>\n\t<meta property=\"og:image:width\" content=\"1381\" \/>\n\t<meta property=\"og:image:height\" content=\"1381\" \/>\n\t<meta property=\"og:image:type\" content=\"image\/jpeg\" \/>\n<meta name=\"twitter:card\" content=\"summary_large_image\" \/>\n<meta name=\"twitter:label1\" content=\"Tiempo de lectura\" \/>\n\t<meta name=\"twitter:data1\" content=\"1 minuto\" \/>\n<script type=\"application\/ld+json\" class=\"yoast-schema-graph\">{\"@context\":\"https:\/\/schema.org\",\"@graph\":[{\"@type\":\"WebPage\",\"@id\":\"https:\/\/bordeaux.intercontinental.com\/es\/produit\/tratamiento-facial-y-corporal-orchidee-imperiale-ultime-2h\/\",\"url\":\"https:\/\/bordeaux.intercontinental.com\/es\/produit\/tratamiento-facial-y-corporal-orchidee-imperiale-ultime-2h\/\",\"name\":\"Tratamiento Facial y Corporal\u00a0: Orchid\u00e9e Imp\u00e9riale Ultime (2h) - InterContinental Bordeaux\",\"isPartOf\":{\"@id\":\"https:\/\/bordeaux.intercontinental.com\/#website\"},\"primaryImageOfPage\":{\"@id\":\"https:\/\/bordeaux.intercontinental.com\/es\/produit\/tratamiento-facial-y-corporal-orchidee-imperiale-ultime-2h\/#primaryimage\"},\"image\":{\"@id\":\"https:\/\/bordeaux.intercontinental.com\/es\/produit\/tratamiento-facial-y-corporal-orchidee-imperiale-ultime-2h\/#primaryimage\"},\"thumbnailUrl\":\"https:\/\/bordeaux.intercontinental.com\/wp-content\/uploads\/sites\/4\/2022\/08\/InterContinentalBordeaux_LeGrandHotel_SpaGuerlain_Soin-scaled-1.jpg\",\"datePublished\":\"2022-08-17T09:19:18+00:00\",\"dateModified\":\"2024-03-14T14:11:47+00:00\",\"breadcrumb\":{\"@id\":\"https:\/\/bordeaux.intercontinental.com\/es\/produit\/tratamiento-facial-y-corporal-orchidee-imperiale-ultime-2h\/#breadcrumb\"},\"inLanguage\":\"es\",\"potentialAction\":[{\"@type\":\"ReadAction\",\"target\":[\"https:\/\/bordeaux.intercontinental.com\/es\/produit\/tratamiento-facial-y-corporal-orchidee-imperiale-ultime-2h\/\"]}]},{\"@type\":\"ImageObject\",\"inLanguage\":\"es\",\"@id\":\"https:\/\/bordeaux.intercontinental.com\/es\/produit\/tratamiento-facial-y-corporal-orchidee-imperiale-ultime-2h\/#primaryimage\",\"url\":\"https:\/\/bordeaux.intercontinental.com\/wp-content\/uploads\/sites\/4\/2022\/08\/InterContinentalBordeaux_LeGrandHotel_SpaGuerlain_Soin-scaled-1.jpg\",\"contentUrl\":\"https:\/\/bordeaux.intercontinental.com\/wp-content\/uploads\/sites\/4\/2022\/08\/InterContinentalBordeaux_LeGrandHotel_SpaGuerlain_Soin-scaled-1.jpg\",\"width\":1381,\"height\":1381},{\"@type\":\"BreadcrumbList\",\"@id\":\"https:\/\/bordeaux.intercontinental.com\/es\/produit\/tratamiento-facial-y-corporal-orchidee-imperiale-ultime-2h\/#breadcrumb\",\"itemListElement\":[{\"@type\":\"ListItem\",\"position\":1,\"name\":\"Inicio\",\"item\":\"https:\/\/bordeaux.intercontinental.com\/es\/\"},{\"@type\":\"ListItem\",\"position\":2,\"name\":\"Tienda\",\"item\":\"https:\/\/bordeaux.intercontinental.com\/es\/tienda\/\"},{\"@type\":\"ListItem\",\"position\":3,\"name\":\"Tratamiento Facial y Corporal\u00a0: Orchid\u00e9e Imp\u00e9riale Ultime (2h)\"}]},{\"@type\":\"WebSite\",\"@id\":\"https:\/\/bordeaux.intercontinental.com\/#website\",\"url\":\"https:\/\/bordeaux.intercontinental.com\/\",\"name\":\"InterContinental Bordeaux\",\"description\":\"Live the InterContinental Life\",\"publisher\":{\"@id\":\"https:\/\/bordeaux.intercontinental.com\/#organization\"},\"alternateName\":\"InterContinental Bordeaux - Le Grand H\u00f4tel\",\"potentialAction\":[{\"@type\":\"SearchAction\",\"target\":{\"@type\":\"EntryPoint\",\"urlTemplate\":\"https:\/\/bordeaux.intercontinental.com\/?s={search_term_string}\"},\"query-input\":{\"@type\":\"PropertyValueSpecification\",\"valueRequired\":true,\"valueName\":\"search_term_string\"}}],\"inLanguage\":\"es\"},{\"@type\":\"Organization\",\"@id\":\"https:\/\/bordeaux.intercontinental.com\/#organization\",\"name\":\"InterContinental Bordeaux\",\"alternateName\":\"InterContinental Bordeaux - Le Grand H\u00f4tel\",\"url\":\"https:\/\/bordeaux.intercontinental.com\/\",\"logo\":{\"@type\":\"ImageObject\",\"inLanguage\":\"es\",\"@id\":\"https:\/\/bordeaux.intercontinental.com\/#\/schema\/logo\/image\/\",\"url\":\"https:\/\/bordeaux.intercontinental.com\/wp-content\/uploads\/sites\/4\/2023\/08\/logo-ihg-bordeaux-nl.svg\",\"contentUrl\":\"https:\/\/bordeaux.intercontinental.com\/wp-content\/uploads\/sites\/4\/2023\/08\/logo-ihg-bordeaux-nl.svg\",\"caption\":\"InterContinental Bordeaux\"},\"image\":{\"@id\":\"https:\/\/bordeaux.intercontinental.com\/#\/schema\/logo\/image\/\"}}]}<\/script>\n<!-- \/ Yoast SEO plugin. -->","yoast_head_json":{"title":"Tratamiento Facial y Corporal\u00a0: Orchid\u00e9e Imp\u00e9riale Ultime (2h) - InterContinental Bordeaux","robots":{"index":"index","follow":"follow","max-snippet":"max-snippet:-1","max-image-preview":"max-image-preview:large","max-video-preview":"max-video-preview:-1"},"canonical":"https:\/\/bordeaux.intercontinental.com\/es\/produit\/tratamiento-facial-y-corporal-orchidee-imperiale-ultime-2h\/","og_locale":"es_ES","og_type":"article","og_title":"Tratamiento Facial y Corporal\u00a0: Orchid\u00e9e Imp\u00e9riale Ultime (2h) - InterContinental Bordeaux","og_description":"Para celebrar el 80\u00ba aniversario de su centro de bienestar 68 Champs-Elys\u00e9es, Guerlain ha decidido sublimar su experiencia con un masaje modelador excepcional y sin precedentes. Este tratamiento es una experiencia \u00fanica que refleja la incre\u00edble capacidad de Guerlain para [&hellip;]","og_url":"https:\/\/bordeaux.intercontinental.com\/es\/produit\/tratamiento-facial-y-corporal-orchidee-imperiale-ultime-2h\/","og_site_name":"InterContinental Bordeaux","article_modified_time":"2024-03-14T14:11:47+00:00","og_image":[{"width":1381,"height":1381,"url":"https:\/\/bordeaux.intercontinental.com\/wp-content\/uploads\/sites\/4\/2022\/08\/InterContinentalBordeaux_LeGrandHotel_SpaGuerlain_Soin-scaled-1.jpg","type":"image\/jpeg"}],"twitter_card":"summary_large_image","twitter_misc":{"Tiempo de lectura":"1 minuto"},"schema":{"@context":"https:\/\/schema.org","@graph":[{"@type":"WebPage","@id":"https:\/\/bordeaux.intercontinental.com\/es\/produit\/tratamiento-facial-y-corporal-orchidee-imperiale-ultime-2h\/","url":"https:\/\/bordeaux.intercontinental.com\/es\/produit\/tratamiento-facial-y-corporal-orchidee-imperiale-ultime-2h\/","name":"Tratamiento Facial y Corporal\u00a0: Orchid\u00e9e Imp\u00e9riale Ultime (2h) - InterContinental Bordeaux","isPartOf":{"@id":"https:\/\/bordeaux.intercontinental.com\/#website"},"primaryImageOfPage":{"@id":"https:\/\/bordeaux.intercontinental.com\/es\/produit\/tratamiento-facial-y-corporal-orchidee-imperiale-ultime-2h\/#primaryimage"},"image":{"@id":"https:\/\/bordeaux.intercontinental.com\/es\/produit\/tratamiento-facial-y-corporal-orchidee-imperiale-ultime-2h\/#primaryimage"},"thumbnailUrl":"https:\/\/bordeaux.intercontinental.com\/wp-content\/uploads\/sites\/4\/2022\/08\/InterContinentalBordeaux_LeGrandHotel_SpaGuerlain_Soin-scaled-1.jpg","datePublished":"2022-08-17T09:19:18+00:00","dateModified":"2024-03-14T14:11:47+00:00","breadcrumb":{"@id":"https:\/\/bordeaux.intercontinental.com\/es\/produit\/tratamiento-facial-y-corporal-orchidee-imperiale-ultime-2h\/#breadcrumb"},"inLanguage":"es","potentialAction":[{"@type":"ReadAction","target":["https:\/\/bordeaux.intercontinental.com\/es\/produit\/tratamiento-facial-y-corporal-orchidee-imperiale-ultime-2h\/"]}]},{"@type":"ImageObject","inLanguage":"es","@id":"https:\/\/bordeaux.intercontinental.com\/es\/produit\/tratamiento-facial-y-corporal-orchidee-imperiale-ultime-2h\/#primaryimage","url":"https:\/\/bordeaux.intercontinental.com\/wp-content\/uploads\/sites\/4\/2022\/08\/InterContinentalBordeaux_LeGrandHotel_SpaGuerlain_Soin-scaled-1.jpg","contentUrl":"https:\/\/bordeaux.intercontinental.com\/wp-content\/uploads\/sites\/4\/2022\/08\/InterContinentalBordeaux_LeGrandHotel_SpaGuerlain_Soin-scaled-1.jpg","width":1381,"height":1381},{"@type":"BreadcrumbList","@id":"https:\/\/bordeaux.intercontinental.com\/es\/produit\/tratamiento-facial-y-corporal-orchidee-imperiale-ultime-2h\/#breadcrumb","itemListElement":[{"@type":"ListItem","position":1,"name":"Inicio","item":"https:\/\/bordeaux.intercontinental.com\/es\/"},{"@type":"ListItem","position":2,"name":"Tienda","item":"https:\/\/bordeaux.intercontinental.com\/es\/tienda\/"},{"@type":"ListItem","position":3,"name":"Tratamiento Facial y Corporal\u00a0: Orchid\u00e9e Imp\u00e9riale Ultime (2h)"}]},{"@type":"WebSite","@id":"https:\/\/bordeaux.intercontinental.com\/#website","url":"https:\/\/bordeaux.intercontinental.com\/","name":"InterContinental Bordeaux","description":"Live the InterContinental Life","publisher":{"@id":"https:\/\/bordeaux.intercontinental.com\/#organization"},"alternateName":"InterContinental Bordeaux - Le Grand H\u00f4tel","potentialAction":[{"@type":"SearchAction","target":{"@type":"EntryPoint","urlTemplate":"https:\/\/bordeaux.intercontinental.com\/?s={search_term_string}"},"query-input":{"@type":"PropertyValueSpecification","valueRequired":true,"valueName":"search_term_string"}}],"inLanguage":"es"},{"@type":"Organization","@id":"https:\/\/bordeaux.intercontinental.com\/#organization","name":"InterContinental Bordeaux","alternateName":"InterContinental Bordeaux - Le Grand H\u00f4tel","url":"https:\/\/bordeaux.intercontinental.com\/","logo":{"@type":"ImageObject","inLanguage":"es","@id":"https:\/\/bordeaux.intercontinental.com\/#\/schema\/logo\/image\/","url":"https:\/\/bordeaux.intercontinental.com\/wp-content\/uploads\/sites\/4\/2023\/08\/logo-ihg-bordeaux-nl.svg","contentUrl":"https:\/\/bordeaux.intercontinental.com\/wp-content\/uploads\/sites\/4\/2023\/08\/logo-ihg-bordeaux-nl.svg","caption":"InterContinental Bordeaux"},"image":{"@id":"https:\/\/bordeaux.intercontinental.com\/#\/schema\/logo\/image\/"}}]}},"_links":{"self":[{"href":"https:\/\/bordeaux.intercontinental.com\/es\/wp-json\/wp\/v2\/product\/22613","targetHints":{"allow":["GET"]}}],"collection":[{"href":"https:\/\/bordeaux.intercontinental.com\/es\/wp-json\/wp\/v2\/product"}],"about":[{"href":"https:\/\/bordeaux.intercontinental.com\/es\/wp-json\/wp\/v2\/types\/product"}],"replies":[{"embeddable":true,"href":"https:\/\/bordeaux.intercontinental.com\/es\/wp-json\/wp\/v2\/comments?post=22613"}],"wp:featuredmedia":[{"embeddable":true,"href":"https:\/\/bordeaux.intercontinental.com\/es\/wp-json\/wp\/v2\/media\/22614"}],"wp:attachment":[{"href":"https:\/\/bordeaux.intercontinental.com\/es\/wp-json\/wp\/v2\/media?parent=22613"}],"wp:term":[{"taxonomy":"product_brand","embeddable":true,"href":"https:\/\/bordeaux.intercontinental.com\/es\/wp-json\/wp\/v2\/product_brand?post=22613"},{"taxonomy":"product_cat","embeddable":true,"href":"https:\/\/bordeaux.intercontinental.com\/es\/wp-json\/wp\/v2\/product_cat?post=22613"},{"taxonomy":"product_tag","embeddable":true,"href":"https:\/\/bordeaux.intercontinental.com\/es\/wp-json\/wp\/v2\/product_tag?post=22613"}],"curies":[{"name":"wp","href":"https:\/\/api.w.org\/{rel}","templated":true}]}}