{"id":22593,"date":"2022-08-16T18:10:26","date_gmt":"2022-08-16T16:10:26","guid":{"rendered":"https:\/\/bordeaux.intercontinental.com\/produit\/una-noche-en-junior-suite-executive\/"},"modified":"2024-02-07T17:12:52","modified_gmt":"2024-02-07T16:12:52","slug":"una-noche-en-junior-suite-executive","status":"publish","type":"product","link":"https:\/\/bordeaux.intercontinental.com\/es\/produit\/una-noche-en-junior-suite-executive\/","title":{"rendered":"Una Noche en Junior Suite Executive"},"content":{"rendered":"<p>Compuestas por una amplia habitaci\u00f3n de 50 m\u00b2 que puede separarse mediante una puerta para crear dos zonas distintas, las <strong>Junior Suites Executive, tambi\u00e9n denominadas family Suites<\/strong>, cumplir\u00e1n con todas sus exigencias y deseos. Con dos cuartos de ba\u00f1o y un sal\u00f3n independiente, un sof\u00e1 cama que puede acoger a dos personas adicionales, esta suite es ideal para las familias y para quienes deseen reunirse. Tambi\u00e9n disfrutar\u00e1 de un desayuno que deleitar\u00e1 a peque\u00f1os y grandes, adem\u00e1s de un acceso al Spa Guerlain (acceso a la piscina del Spa Guerlain sujeto a disponibilidad).<\/p>\n<p>Reservas al: 05 57 30 44 44<\/p>\n<p>Foto no contractual.<\/p>\n<p>Seg\u00fan disponibilidad- Habitaci\u00f3n sola, excluidos los extras<\/p>\n","protected":false},"excerpt":{"rendered":"<p>Compuestas por una amplia habitaci\u00f3n de 50 m\u00b2 que puede separarse mediante una puerta para crear dos zonas distintas, las Junior Suites Executive, tambi\u00e9n denominadas family Suites, cumplir\u00e1n con todas sus exigencias y deseos. Con dos cuartos de ba\u00f1o y [&hellip;]<\/p>\n","protected":false},"featured_media":22594,"comment_status":"open","ping_status":"closed","template":"","meta":{"_acf_changed":false},"product_brand":[],"product_cat":[109],"product_tag":[],"class_list":{"0":"post-22593","1":"product","2":"type-product","3":"status-publish","4":"has-post-thumbnail","6":"product_cat-habitaciones-y-suites","8":"first","9":"instock","10":"downloadable","11":"virtual","12":"taxable","13":"purchasable","14":"product-type-simple"},"composite_virtual":false,"composite_layout":"","composite_add_to_cart_form_location":"","composite_editable_in_cart":false,"composite_sold_individually_context":"","composite_shop_price_calc":"","composite_components":[],"composite_scenarios":[],"acf":[],"yoast_head":"<!-- This site is optimized with the Yoast SEO plugin v26.2 - https:\/\/yoast.com\/wordpress\/plugins\/seo\/ -->\n<title>Una Noche en Junior Suite Executive - InterContinental Bordeaux<\/title>\n<meta name=\"robots\" content=\"index, follow, max-snippet:-1, max-image-preview:large, max-video-preview:-1\" \/>\n<link rel=\"canonical\" href=\"https:\/\/bordeaux.intercontinental.com\/es\/produit\/una-noche-en-junior-suite-executive\/\" \/>\n<meta property=\"og:locale\" content=\"es_ES\" \/>\n<meta property=\"og:type\" content=\"article\" \/>\n<meta property=\"og:title\" content=\"Una Noche en Junior Suite Executive - InterContinental Bordeaux\" \/>\n<meta property=\"og:description\" content=\"Compuestas por una amplia habitaci\u00f3n de 50 m\u00b2 que puede separarse mediante una puerta para crear dos zonas distintas, las Junior Suites Executive, tambi\u00e9n denominadas family Suites, cumplir\u00e1n con todas sus exigencias y deseos. Con dos cuartos de ba\u00f1o y [&hellip;]\" \/>\n<meta property=\"og:url\" content=\"https:\/\/bordeaux.intercontinental.com\/es\/produit\/una-noche-en-junior-suite-executive\/\" \/>\n<meta property=\"og:site_name\" content=\"InterContinental Bordeaux\" \/>\n<meta property=\"article:modified_time\" content=\"2024-02-07T16:12:52+00:00\" \/>\n<meta property=\"og:image\" content=\"https:\/\/bordeaux.intercontinental.com\/wp-content\/uploads\/sites\/4\/2022\/07\/InterContinental-Bordeaux-Le-Grand-Hotel-Chambre-et-Suite-Executive-Junior-Suite-@Alain-Caboche0-scaled-1.jpg\" \/>\n\t<meta property=\"og:image:width\" content=\"2560\" \/>\n\t<meta property=\"og:image:height\" content=\"1714\" \/>\n\t<meta property=\"og:image:type\" content=\"image\/jpeg\" \/>\n<meta name=\"twitter:card\" content=\"summary_large_image\" \/>\n<meta name=\"twitter:label1\" content=\"Tiempo de lectura\" \/>\n\t<meta name=\"twitter:data1\" content=\"1 minuto\" \/>\n<script type=\"application\/ld+json\" class=\"yoast-schema-graph\">{\"@context\":\"https:\/\/schema.org\",\"@graph\":[{\"@type\":\"WebPage\",\"@id\":\"https:\/\/bordeaux.intercontinental.com\/es\/produit\/una-noche-en-junior-suite-executive\/\",\"url\":\"https:\/\/bordeaux.intercontinental.com\/es\/produit\/una-noche-en-junior-suite-executive\/\",\"name\":\"Una Noche en Junior Suite Executive - InterContinental Bordeaux\",\"isPartOf\":{\"@id\":\"https:\/\/bordeaux.intercontinental.com\/es\/#website\"},\"primaryImageOfPage\":{\"@id\":\"https:\/\/bordeaux.intercontinental.com\/es\/produit\/una-noche-en-junior-suite-executive\/#primaryimage\"},\"image\":{\"@id\":\"https:\/\/bordeaux.intercontinental.com\/es\/produit\/una-noche-en-junior-suite-executive\/#primaryimage\"},\"thumbnailUrl\":\"https:\/\/bordeaux.intercontinental.com\/wp-content\/uploads\/sites\/4\/2022\/07\/InterContinental-Bordeaux-Le-Grand-Hotel-Chambre-et-Suite-Executive-Junior-Suite-@Alain-Caboche0-scaled-1.jpg\",\"datePublished\":\"2022-08-16T16:10:26+00:00\",\"dateModified\":\"2024-02-07T16:12:52+00:00\",\"breadcrumb\":{\"@id\":\"https:\/\/bordeaux.intercontinental.com\/es\/produit\/una-noche-en-junior-suite-executive\/#breadcrumb\"},\"inLanguage\":\"es\",\"potentialAction\":[{\"@type\":\"ReadAction\",\"target\":[\"https:\/\/bordeaux.intercontinental.com\/es\/produit\/una-noche-en-junior-suite-executive\/\"]}]},{\"@type\":\"ImageObject\",\"inLanguage\":\"es\",\"@id\":\"https:\/\/bordeaux.intercontinental.com\/es\/produit\/una-noche-en-junior-suite-executive\/#primaryimage\",\"url\":\"https:\/\/bordeaux.intercontinental.com\/wp-content\/uploads\/sites\/4\/2022\/07\/InterContinental-Bordeaux-Le-Grand-Hotel-Chambre-et-Suite-Executive-Junior-Suite-@Alain-Caboche0-scaled-1.jpg\",\"contentUrl\":\"https:\/\/bordeaux.intercontinental.com\/wp-content\/uploads\/sites\/4\/2022\/07\/InterContinental-Bordeaux-Le-Grand-Hotel-Chambre-et-Suite-Executive-Junior-Suite-@Alain-Caboche0-scaled-1.jpg\",\"width\":2560,\"height\":1714},{\"@type\":\"BreadcrumbList\",\"@id\":\"https:\/\/bordeaux.intercontinental.com\/es\/produit\/una-noche-en-junior-suite-executive\/#breadcrumb\",\"itemListElement\":[{\"@type\":\"ListItem\",\"position\":1,\"name\":\"Inicio\",\"item\":\"https:\/\/bordeaux.intercontinental.com\/es\/\"},{\"@type\":\"ListItem\",\"position\":2,\"name\":\"Tienda\",\"item\":\"https:\/\/bordeaux.intercontinental.com\/es\/tienda\/\"},{\"@type\":\"ListItem\",\"position\":3,\"name\":\"Una Noche en Junior Suite Executive\"}]},{\"@type\":\"WebSite\",\"@id\":\"https:\/\/bordeaux.intercontinental.com\/es\/#website\",\"url\":\"https:\/\/bordeaux.intercontinental.com\/es\/\",\"name\":\"InterContinental Bordeaux\",\"description\":\"Live the InterContinental Life\",\"publisher\":{\"@id\":\"https:\/\/bordeaux.intercontinental.com\/es\/#organization\"},\"alternateName\":\"InterContinental Bordeaux - Le Grand H\u00f4tel\",\"potentialAction\":[{\"@type\":\"SearchAction\",\"target\":{\"@type\":\"EntryPoint\",\"urlTemplate\":\"https:\/\/bordeaux.intercontinental.com\/es\/?s={search_term_string}\"},\"query-input\":{\"@type\":\"PropertyValueSpecification\",\"valueRequired\":true,\"valueName\":\"search_term_string\"}}],\"inLanguage\":\"es\"},{\"@type\":\"Organization\",\"@id\":\"https:\/\/bordeaux.intercontinental.com\/es\/#organization\",\"name\":\"InterContinental Bordeaux\",\"alternateName\":\"InterContinental Bordeaux - Le Grand H\u00f4tel\",\"url\":\"https:\/\/bordeaux.intercontinental.com\/es\/\",\"logo\":{\"@type\":\"ImageObject\",\"inLanguage\":\"es\",\"@id\":\"https:\/\/bordeaux.intercontinental.com\/es\/#\/schema\/logo\/image\/\",\"url\":\"https:\/\/bordeaux.intercontinental.com\/wp-content\/uploads\/sites\/4\/2023\/08\/logo-ihg-bordeaux-nl.svg\",\"contentUrl\":\"https:\/\/bordeaux.intercontinental.com\/wp-content\/uploads\/sites\/4\/2023\/08\/logo-ihg-bordeaux-nl.svg\",\"caption\":\"InterContinental Bordeaux\"},\"image\":{\"@id\":\"https:\/\/bordeaux.intercontinental.com\/es\/#\/schema\/logo\/image\/\"}}]}<\/script>\n<!-- \/ Yoast SEO plugin. -->","yoast_head_json":{"title":"Una Noche en Junior Suite Executive - InterContinental Bordeaux","robots":{"index":"index","follow":"follow","max-snippet":"max-snippet:-1","max-image-preview":"max-image-preview:large","max-video-preview":"max-video-preview:-1"},"canonical":"https:\/\/bordeaux.intercontinental.com\/es\/produit\/una-noche-en-junior-suite-executive\/","og_locale":"es_ES","og_type":"article","og_title":"Una Noche en Junior Suite Executive - InterContinental Bordeaux","og_description":"Compuestas por una amplia habitaci\u00f3n de 50 m\u00b2 que puede separarse mediante una puerta para crear dos zonas distintas, las Junior Suites Executive, tambi\u00e9n denominadas family Suites, cumplir\u00e1n con todas sus exigencias y deseos. Con dos cuartos de ba\u00f1o y [&hellip;]","og_url":"https:\/\/bordeaux.intercontinental.com\/es\/produit\/una-noche-en-junior-suite-executive\/","og_site_name":"InterContinental Bordeaux","article_modified_time":"2024-02-07T16:12:52+00:00","og_image":[{"width":2560,"height":1714,"url":"https:\/\/bordeaux.intercontinental.com\/wp-content\/uploads\/sites\/4\/2022\/07\/InterContinental-Bordeaux-Le-Grand-Hotel-Chambre-et-Suite-Executive-Junior-Suite-@Alain-Caboche0-scaled-1.jpg","type":"image\/jpeg"}],"twitter_card":"summary_large_image","twitter_misc":{"Tiempo de lectura":"1 minuto"},"schema":{"@context":"https:\/\/schema.org","@graph":[{"@type":"WebPage","@id":"https:\/\/bordeaux.intercontinental.com\/es\/produit\/una-noche-en-junior-suite-executive\/","url":"https:\/\/bordeaux.intercontinental.com\/es\/produit\/una-noche-en-junior-suite-executive\/","name":"Una Noche en Junior Suite Executive - InterContinental Bordeaux","isPartOf":{"@id":"https:\/\/bordeaux.intercontinental.com\/es\/#website"},"primaryImageOfPage":{"@id":"https:\/\/bordeaux.intercontinental.com\/es\/produit\/una-noche-en-junior-suite-executive\/#primaryimage"},"image":{"@id":"https:\/\/bordeaux.intercontinental.com\/es\/produit\/una-noche-en-junior-suite-executive\/#primaryimage"},"thumbnailUrl":"https:\/\/bordeaux.intercontinental.com\/wp-content\/uploads\/sites\/4\/2022\/07\/InterContinental-Bordeaux-Le-Grand-Hotel-Chambre-et-Suite-Executive-Junior-Suite-@Alain-Caboche0-scaled-1.jpg","datePublished":"2022-08-16T16:10:26+00:00","dateModified":"2024-02-07T16:12:52+00:00","breadcrumb":{"@id":"https:\/\/bordeaux.intercontinental.com\/es\/produit\/una-noche-en-junior-suite-executive\/#breadcrumb"},"inLanguage":"es","potentialAction":[{"@type":"ReadAction","target":["https:\/\/bordeaux.intercontinental.com\/es\/produit\/una-noche-en-junior-suite-executive\/"]}]},{"@type":"ImageObject","inLanguage":"es","@id":"https:\/\/bordeaux.intercontinental.com\/es\/produit\/una-noche-en-junior-suite-executive\/#primaryimage","url":"https:\/\/bordeaux.intercontinental.com\/wp-content\/uploads\/sites\/4\/2022\/07\/InterContinental-Bordeaux-Le-Grand-Hotel-Chambre-et-Suite-Executive-Junior-Suite-@Alain-Caboche0-scaled-1.jpg","contentUrl":"https:\/\/bordeaux.intercontinental.com\/wp-content\/uploads\/sites\/4\/2022\/07\/InterContinental-Bordeaux-Le-Grand-Hotel-Chambre-et-Suite-Executive-Junior-Suite-@Alain-Caboche0-scaled-1.jpg","width":2560,"height":1714},{"@type":"BreadcrumbList","@id":"https:\/\/bordeaux.intercontinental.com\/es\/produit\/una-noche-en-junior-suite-executive\/#breadcrumb","itemListElement":[{"@type":"ListItem","position":1,"name":"Inicio","item":"https:\/\/bordeaux.intercontinental.com\/es\/"},{"@type":"ListItem","position":2,"name":"Tienda","item":"https:\/\/bordeaux.intercontinental.com\/es\/tienda\/"},{"@type":"ListItem","position":3,"name":"Una Noche en Junior Suite Executive"}]},{"@type":"WebSite","@id":"https:\/\/bordeaux.intercontinental.com\/es\/#website","url":"https:\/\/bordeaux.intercontinental.com\/es\/","name":"InterContinental Bordeaux","description":"Live the InterContinental Life","publisher":{"@id":"https:\/\/bordeaux.intercontinental.com\/es\/#organization"},"alternateName":"InterContinental Bordeaux - Le Grand H\u00f4tel","potentialAction":[{"@type":"SearchAction","target":{"@type":"EntryPoint","urlTemplate":"https:\/\/bordeaux.intercontinental.com\/es\/?s={search_term_string}"},"query-input":{"@type":"PropertyValueSpecification","valueRequired":true,"valueName":"search_term_string"}}],"inLanguage":"es"},{"@type":"Organization","@id":"https:\/\/bordeaux.intercontinental.com\/es\/#organization","name":"InterContinental Bordeaux","alternateName":"InterContinental Bordeaux - Le Grand H\u00f4tel","url":"https:\/\/bordeaux.intercontinental.com\/es\/","logo":{"@type":"ImageObject","inLanguage":"es","@id":"https:\/\/bordeaux.intercontinental.com\/es\/#\/schema\/logo\/image\/","url":"https:\/\/bordeaux.intercontinental.com\/wp-content\/uploads\/sites\/4\/2023\/08\/logo-ihg-bordeaux-nl.svg","contentUrl":"https:\/\/bordeaux.intercontinental.com\/wp-content\/uploads\/sites\/4\/2023\/08\/logo-ihg-bordeaux-nl.svg","caption":"InterContinental Bordeaux"},"image":{"@id":"https:\/\/bordeaux.intercontinental.com\/es\/#\/schema\/logo\/image\/"}}]}},"_links":{"self":[{"href":"https:\/\/bordeaux.intercontinental.com\/es\/wp-json\/wp\/v2\/product\/22593","targetHints":{"allow":["GET"]}}],"collection":[{"href":"https:\/\/bordeaux.intercontinental.com\/es\/wp-json\/wp\/v2\/product"}],"about":[{"href":"https:\/\/bordeaux.intercontinental.com\/es\/wp-json\/wp\/v2\/types\/product"}],"replies":[{"embeddable":true,"href":"https:\/\/bordeaux.intercontinental.com\/es\/wp-json\/wp\/v2\/comments?post=22593"}],"wp:featuredmedia":[{"embeddable":true,"href":"https:\/\/bordeaux.intercontinental.com\/es\/wp-json\/wp\/v2\/media\/22594"}],"wp:attachment":[{"href":"https:\/\/bordeaux.intercontinental.com\/es\/wp-json\/wp\/v2\/media?parent=22593"}],"wp:term":[{"taxonomy":"product_brand","embeddable":true,"href":"https:\/\/bordeaux.intercontinental.com\/es\/wp-json\/wp\/v2\/product_brand?post=22593"},{"taxonomy":"product_cat","embeddable":true,"href":"https:\/\/bordeaux.intercontinental.com\/es\/wp-json\/wp\/v2\/product_cat?post=22593"},{"taxonomy":"product_tag","embeddable":true,"href":"https:\/\/bordeaux.intercontinental.com\/es\/wp-json\/wp\/v2\/product_tag?post=22593"}],"curies":[{"name":"wp","href":"https:\/\/api.w.org\/{rel}","templated":true}]}}