{"id":22588,"date":"2022-08-16T18:07:04","date_gmt":"2022-08-16T16:07:04","guid":{"rendered":"https:\/\/bordeaux.intercontinental.com\/produit\/una-noche-en-junior-suite\/"},"modified":"2024-02-07T17:12:55","modified_gmt":"2024-02-07T16:12:55","slug":"una-noche-en-junior-suite","status":"publish","type":"product","link":"https:\/\/bordeaux.intercontinental.com\/es\/produit\/una-noche-en-junior-suite\/","title":{"rendered":"Una Noche en Junior Suite"},"content":{"rendered":"<p>Desde las alfombras hasta las cortinas, desde el mobiliario hasta los colores de las paredes, la c\u00e1lida atm\u00f3sfera de las Junior Suites despliega la paleta de un esteticismo voluptuoso a trav\u00e9s de una armon\u00eda de materiales y tonos meticulosamente elaborados hasta el m\u00e1s m\u00ednimo detalle. Con techos altos, un sal\u00f3n di\u00e1fano y 45 m\u00b2 de superficie, la impresi\u00f3n de grandeza de la habitaci\u00f3n Junior Suite est\u00e1 garantizada. La oferta incluye el desayuno en nuestro restaurante Le Bordeaux y acceso a nuestro Spa Guerlain (acceso a la piscina del Spa Guerlain sujeto a disponibilidad).<\/p>\n<p>Reservas al\u00a0: 05 57 30 44 44<\/p>\n<p>Foto no contractual<\/p>\n<p>Seg\u00fan disponibilidad- Habitaci\u00f3n sola, excluidos los extras<\/p>\n","protected":false},"excerpt":{"rendered":"<p>Desde las alfombras hasta las cortinas, desde el mobiliario hasta los colores de las paredes, la c\u00e1lida atm\u00f3sfera de las Junior Suites despliega la paleta de un esteticismo voluptuoso a trav\u00e9s de una armon\u00eda de materiales y tonos meticulosamente elaborados [&hellip;]<\/p>\n","protected":false},"featured_media":22589,"comment_status":"open","ping_status":"closed","template":"","meta":{"_acf_changed":false},"product_brand":[],"product_cat":[109],"product_tag":[],"class_list":{"0":"post-22588","1":"product","2":"type-product","3":"status-publish","4":"has-post-thumbnail","6":"product_cat-habitaciones-y-suites","8":"first","9":"instock","10":"downloadable","11":"virtual","12":"taxable","13":"purchasable","14":"product-type-simple"},"composite_virtual":false,"composite_layout":"","composite_add_to_cart_form_location":"","composite_editable_in_cart":false,"composite_sold_individually_context":"","composite_shop_price_calc":"","composite_components":[],"composite_scenarios":[],"acf":[],"yoast_head":"<!-- This site is optimized with the Yoast SEO plugin v26.2 - https:\/\/yoast.com\/wordpress\/plugins\/seo\/ -->\n<title>Una Noche en Junior Suite - InterContinental Bordeaux<\/title>\n<meta name=\"robots\" content=\"index, follow, max-snippet:-1, max-image-preview:large, max-video-preview:-1\" \/>\n<link rel=\"canonical\" href=\"https:\/\/bordeaux.intercontinental.com\/es\/produit\/una-noche-en-junior-suite\/\" \/>\n<meta property=\"og:locale\" content=\"es_ES\" \/>\n<meta property=\"og:type\" content=\"article\" \/>\n<meta property=\"og:title\" content=\"Una Noche en Junior Suite - InterContinental Bordeaux\" \/>\n<meta property=\"og:description\" content=\"Desde las alfombras hasta las cortinas, desde el mobiliario hasta los colores de las paredes, la c\u00e1lida atm\u00f3sfera de las Junior Suites despliega la paleta de un esteticismo voluptuoso a trav\u00e9s de una armon\u00eda de materiales y tonos meticulosamente elaborados [&hellip;]\" \/>\n<meta property=\"og:url\" content=\"https:\/\/bordeaux.intercontinental.com\/es\/produit\/una-noche-en-junior-suite\/\" \/>\n<meta property=\"og:site_name\" content=\"InterContinental Bordeaux\" \/>\n<meta property=\"article:modified_time\" content=\"2024-02-07T16:12:55+00:00\" \/>\n<meta property=\"og:image\" content=\"https:\/\/bordeaux.intercontinental.com\/wp-content\/uploads\/sites\/4\/2022\/07\/InterContinental-Bordeaux-Le-Grand-Hotel-Chambre-et-Suite-N\u00b0318-Junior-suite-@Eric-Cuvillier-7-BD.jpg\" \/>\n\t<meta property=\"og:image:width\" content=\"2122\" \/>\n\t<meta property=\"og:image:height\" content=\"1349\" \/>\n\t<meta property=\"og:image:type\" content=\"image\/jpeg\" \/>\n<meta name=\"twitter:card\" content=\"summary_large_image\" \/>\n<meta name=\"twitter:label1\" content=\"Tiempo de lectura\" \/>\n\t<meta name=\"twitter:data1\" content=\"1 minuto\" \/>\n<script type=\"application\/ld+json\" class=\"yoast-schema-graph\">{\"@context\":\"https:\/\/schema.org\",\"@graph\":[{\"@type\":\"WebPage\",\"@id\":\"https:\/\/bordeaux.intercontinental.com\/es\/produit\/una-noche-en-junior-suite\/\",\"url\":\"https:\/\/bordeaux.intercontinental.com\/es\/produit\/una-noche-en-junior-suite\/\",\"name\":\"Una Noche en Junior Suite - InterContinental Bordeaux\",\"isPartOf\":{\"@id\":\"https:\/\/bordeaux.intercontinental.com\/#website\"},\"primaryImageOfPage\":{\"@id\":\"https:\/\/bordeaux.intercontinental.com\/es\/produit\/una-noche-en-junior-suite\/#primaryimage\"},\"image\":{\"@id\":\"https:\/\/bordeaux.intercontinental.com\/es\/produit\/una-noche-en-junior-suite\/#primaryimage\"},\"thumbnailUrl\":\"https:\/\/bordeaux.intercontinental.com\/wp-content\/uploads\/sites\/4\/2022\/07\/InterContinental-Bordeaux-Le-Grand-Hotel-Chambre-et-Suite-N\u00b0318-Junior-suite-@Eric-Cuvillier-7-BD.jpg\",\"datePublished\":\"2022-08-16T16:07:04+00:00\",\"dateModified\":\"2024-02-07T16:12:55+00:00\",\"breadcrumb\":{\"@id\":\"https:\/\/bordeaux.intercontinental.com\/es\/produit\/una-noche-en-junior-suite\/#breadcrumb\"},\"inLanguage\":\"es\",\"potentialAction\":[{\"@type\":\"ReadAction\",\"target\":[\"https:\/\/bordeaux.intercontinental.com\/es\/produit\/una-noche-en-junior-suite\/\"]}]},{\"@type\":\"ImageObject\",\"inLanguage\":\"es\",\"@id\":\"https:\/\/bordeaux.intercontinental.com\/es\/produit\/una-noche-en-junior-suite\/#primaryimage\",\"url\":\"https:\/\/bordeaux.intercontinental.com\/wp-content\/uploads\/sites\/4\/2022\/07\/InterContinental-Bordeaux-Le-Grand-Hotel-Chambre-et-Suite-N\u00b0318-Junior-suite-@Eric-Cuvillier-7-BD.jpg\",\"contentUrl\":\"https:\/\/bordeaux.intercontinental.com\/wp-content\/uploads\/sites\/4\/2022\/07\/InterContinental-Bordeaux-Le-Grand-Hotel-Chambre-et-Suite-N\u00b0318-Junior-suite-@Eric-Cuvillier-7-BD.jpg\",\"width\":2122,\"height\":1349},{\"@type\":\"BreadcrumbList\",\"@id\":\"https:\/\/bordeaux.intercontinental.com\/es\/produit\/una-noche-en-junior-suite\/#breadcrumb\",\"itemListElement\":[{\"@type\":\"ListItem\",\"position\":1,\"name\":\"Inicio\",\"item\":\"https:\/\/bordeaux.intercontinental.com\/es\/\"},{\"@type\":\"ListItem\",\"position\":2,\"name\":\"Tienda\",\"item\":\"https:\/\/bordeaux.intercontinental.com\/es\/tienda\/\"},{\"@type\":\"ListItem\",\"position\":3,\"name\":\"Una Noche en Junior Suite\"}]},{\"@type\":\"WebSite\",\"@id\":\"https:\/\/bordeaux.intercontinental.com\/#website\",\"url\":\"https:\/\/bordeaux.intercontinental.com\/\",\"name\":\"InterContinental Bordeaux\",\"description\":\"Live the InterContinental Life\",\"publisher\":{\"@id\":\"https:\/\/bordeaux.intercontinental.com\/#organization\"},\"alternateName\":\"InterContinental Bordeaux - Le Grand H\u00f4tel\",\"potentialAction\":[{\"@type\":\"SearchAction\",\"target\":{\"@type\":\"EntryPoint\",\"urlTemplate\":\"https:\/\/bordeaux.intercontinental.com\/?s={search_term_string}\"},\"query-input\":{\"@type\":\"PropertyValueSpecification\",\"valueRequired\":true,\"valueName\":\"search_term_string\"}}],\"inLanguage\":\"es\"},{\"@type\":\"Organization\",\"@id\":\"https:\/\/bordeaux.intercontinental.com\/#organization\",\"name\":\"InterContinental Bordeaux\",\"alternateName\":\"InterContinental Bordeaux - Le Grand H\u00f4tel\",\"url\":\"https:\/\/bordeaux.intercontinental.com\/\",\"logo\":{\"@type\":\"ImageObject\",\"inLanguage\":\"es\",\"@id\":\"https:\/\/bordeaux.intercontinental.com\/#\/schema\/logo\/image\/\",\"url\":\"https:\/\/bordeaux.intercontinental.com\/wp-content\/uploads\/sites\/4\/2023\/08\/logo-ihg-bordeaux-nl.svg\",\"contentUrl\":\"https:\/\/bordeaux.intercontinental.com\/wp-content\/uploads\/sites\/4\/2023\/08\/logo-ihg-bordeaux-nl.svg\",\"caption\":\"InterContinental Bordeaux\"},\"image\":{\"@id\":\"https:\/\/bordeaux.intercontinental.com\/#\/schema\/logo\/image\/\"}}]}<\/script>\n<!-- \/ Yoast SEO plugin. -->","yoast_head_json":{"title":"Una Noche en Junior Suite - InterContinental Bordeaux","robots":{"index":"index","follow":"follow","max-snippet":"max-snippet:-1","max-image-preview":"max-image-preview:large","max-video-preview":"max-video-preview:-1"},"canonical":"https:\/\/bordeaux.intercontinental.com\/es\/produit\/una-noche-en-junior-suite\/","og_locale":"es_ES","og_type":"article","og_title":"Una Noche en Junior Suite - InterContinental Bordeaux","og_description":"Desde las alfombras hasta las cortinas, desde el mobiliario hasta los colores de las paredes, la c\u00e1lida atm\u00f3sfera de las Junior Suites despliega la paleta de un esteticismo voluptuoso a trav\u00e9s de una armon\u00eda de materiales y tonos meticulosamente elaborados [&hellip;]","og_url":"https:\/\/bordeaux.intercontinental.com\/es\/produit\/una-noche-en-junior-suite\/","og_site_name":"InterContinental Bordeaux","article_modified_time":"2024-02-07T16:12:55+00:00","og_image":[{"width":2122,"height":1349,"url":"https:\/\/bordeaux.intercontinental.com\/wp-content\/uploads\/sites\/4\/2022\/07\/InterContinental-Bordeaux-Le-Grand-Hotel-Chambre-et-Suite-N\u00b0318-Junior-suite-@Eric-Cuvillier-7-BD.jpg","type":"image\/jpeg"}],"twitter_card":"summary_large_image","twitter_misc":{"Tiempo de lectura":"1 minuto"},"schema":{"@context":"https:\/\/schema.org","@graph":[{"@type":"WebPage","@id":"https:\/\/bordeaux.intercontinental.com\/es\/produit\/una-noche-en-junior-suite\/","url":"https:\/\/bordeaux.intercontinental.com\/es\/produit\/una-noche-en-junior-suite\/","name":"Una Noche en Junior Suite - InterContinental Bordeaux","isPartOf":{"@id":"https:\/\/bordeaux.intercontinental.com\/#website"},"primaryImageOfPage":{"@id":"https:\/\/bordeaux.intercontinental.com\/es\/produit\/una-noche-en-junior-suite\/#primaryimage"},"image":{"@id":"https:\/\/bordeaux.intercontinental.com\/es\/produit\/una-noche-en-junior-suite\/#primaryimage"},"thumbnailUrl":"https:\/\/bordeaux.intercontinental.com\/wp-content\/uploads\/sites\/4\/2022\/07\/InterContinental-Bordeaux-Le-Grand-Hotel-Chambre-et-Suite-N\u00b0318-Junior-suite-@Eric-Cuvillier-7-BD.jpg","datePublished":"2022-08-16T16:07:04+00:00","dateModified":"2024-02-07T16:12:55+00:00","breadcrumb":{"@id":"https:\/\/bordeaux.intercontinental.com\/es\/produit\/una-noche-en-junior-suite\/#breadcrumb"},"inLanguage":"es","potentialAction":[{"@type":"ReadAction","target":["https:\/\/bordeaux.intercontinental.com\/es\/produit\/una-noche-en-junior-suite\/"]}]},{"@type":"ImageObject","inLanguage":"es","@id":"https:\/\/bordeaux.intercontinental.com\/es\/produit\/una-noche-en-junior-suite\/#primaryimage","url":"https:\/\/bordeaux.intercontinental.com\/wp-content\/uploads\/sites\/4\/2022\/07\/InterContinental-Bordeaux-Le-Grand-Hotel-Chambre-et-Suite-N\u00b0318-Junior-suite-@Eric-Cuvillier-7-BD.jpg","contentUrl":"https:\/\/bordeaux.intercontinental.com\/wp-content\/uploads\/sites\/4\/2022\/07\/InterContinental-Bordeaux-Le-Grand-Hotel-Chambre-et-Suite-N\u00b0318-Junior-suite-@Eric-Cuvillier-7-BD.jpg","width":2122,"height":1349},{"@type":"BreadcrumbList","@id":"https:\/\/bordeaux.intercontinental.com\/es\/produit\/una-noche-en-junior-suite\/#breadcrumb","itemListElement":[{"@type":"ListItem","position":1,"name":"Inicio","item":"https:\/\/bordeaux.intercontinental.com\/es\/"},{"@type":"ListItem","position":2,"name":"Tienda","item":"https:\/\/bordeaux.intercontinental.com\/es\/tienda\/"},{"@type":"ListItem","position":3,"name":"Una Noche en Junior Suite"}]},{"@type":"WebSite","@id":"https:\/\/bordeaux.intercontinental.com\/#website","url":"https:\/\/bordeaux.intercontinental.com\/","name":"InterContinental Bordeaux","description":"Live the InterContinental Life","publisher":{"@id":"https:\/\/bordeaux.intercontinental.com\/#organization"},"alternateName":"InterContinental Bordeaux - Le Grand H\u00f4tel","potentialAction":[{"@type":"SearchAction","target":{"@type":"EntryPoint","urlTemplate":"https:\/\/bordeaux.intercontinental.com\/?s={search_term_string}"},"query-input":{"@type":"PropertyValueSpecification","valueRequired":true,"valueName":"search_term_string"}}],"inLanguage":"es"},{"@type":"Organization","@id":"https:\/\/bordeaux.intercontinental.com\/#organization","name":"InterContinental Bordeaux","alternateName":"InterContinental Bordeaux - Le Grand H\u00f4tel","url":"https:\/\/bordeaux.intercontinental.com\/","logo":{"@type":"ImageObject","inLanguage":"es","@id":"https:\/\/bordeaux.intercontinental.com\/#\/schema\/logo\/image\/","url":"https:\/\/bordeaux.intercontinental.com\/wp-content\/uploads\/sites\/4\/2023\/08\/logo-ihg-bordeaux-nl.svg","contentUrl":"https:\/\/bordeaux.intercontinental.com\/wp-content\/uploads\/sites\/4\/2023\/08\/logo-ihg-bordeaux-nl.svg","caption":"InterContinental Bordeaux"},"image":{"@id":"https:\/\/bordeaux.intercontinental.com\/#\/schema\/logo\/image\/"}}]}},"_links":{"self":[{"href":"https:\/\/bordeaux.intercontinental.com\/es\/wp-json\/wp\/v2\/product\/22588","targetHints":{"allow":["GET"]}}],"collection":[{"href":"https:\/\/bordeaux.intercontinental.com\/es\/wp-json\/wp\/v2\/product"}],"about":[{"href":"https:\/\/bordeaux.intercontinental.com\/es\/wp-json\/wp\/v2\/types\/product"}],"replies":[{"embeddable":true,"href":"https:\/\/bordeaux.intercontinental.com\/es\/wp-json\/wp\/v2\/comments?post=22588"}],"wp:featuredmedia":[{"embeddable":true,"href":"https:\/\/bordeaux.intercontinental.com\/es\/wp-json\/wp\/v2\/media\/22589"}],"wp:attachment":[{"href":"https:\/\/bordeaux.intercontinental.com\/es\/wp-json\/wp\/v2\/media?parent=22588"}],"wp:term":[{"taxonomy":"product_brand","embeddable":true,"href":"https:\/\/bordeaux.intercontinental.com\/es\/wp-json\/wp\/v2\/product_brand?post=22588"},{"taxonomy":"product_cat","embeddable":true,"href":"https:\/\/bordeaux.intercontinental.com\/es\/wp-json\/wp\/v2\/product_cat?post=22588"},{"taxonomy":"product_tag","embeddable":true,"href":"https:\/\/bordeaux.intercontinental.com\/es\/wp-json\/wp\/v2\/product_tag?post=22588"}],"curies":[{"name":"wp","href":"https:\/\/api.w.org\/{rel}","templated":true}]}}