{"id":29910,"date":"2022-08-09T16:28:17","date_gmt":"2022-08-09T14:28:17","guid":{"rendered":"https:\/\/bordeaux.intercontinental.com\/?page_id=29910"},"modified":"2025-05-19T11:59:49","modified_gmt":"2025-05-19T09:59:49","slug":"compromiso-del-grand-hotel-con-el-planeta","status":"publish","type":"page","link":"https:\/\/bordeaux.intercontinental.com\/es\/compromiso-del-grand-hotel-con-el-planeta\/","title":{"rendered":"Compromiso del Grand H\u00f4tel con el planeta"},"content":{"rendered":"\r\n\r\n\r\n\r\n  <!-- Swiper hero -->\r\n  <div id=\"slideshow-block_a00d746011249a94727c749f5aed9d50\" class=\"row \">  \r\n    <div class=\"swiper d-swiper-container hero\" data-swiper={\"navigation\":{\"enabled\":false}}>\r\n      <div class=\"swiper-wrapper\">\r\n                    <div class=\"swiper-slide\">\r\n                                            <img decoding=\"async\" src=\"https:\/\/bordeaux.intercontinental.com\/wp-content\/uploads\/sites\/4\/2022\/07\/InterContinental-Bordeaux-Le-Grand-Hotel-pyla-bis.jpg\"\r\n                sizes=\"(max-width: 2000px) 100vw, 2000px\"\r\n                srcset=\"https:\/\/bordeaux.intercontinental.com\/wp-content\/uploads\/sites\/4\/2022\/07\/InterContinental-Bordeaux-Le-Grand-Hotel-pyla-bis.jpg 2016w,\r\n                        https:\/\/bordeaux.intercontinental.com\/wp-content\/uploads\/sites\/4\/2022\/07\/InterContinental-Bordeaux-Le-Grand-Hotel-pyla-bis-1024x768.jpg 1024w,\r\n                        https:\/\/bordeaux.intercontinental.com\/wp-content\/uploads\/sites\/4\/2022\/07\/InterContinental-Bordeaux-Le-Grand-Hotel-pyla-bis-768x576.jpg 768w\"\r\n                        alt=\"Processed with VSCO with a6 preset\"\/>\r\n                                            <div class=\"slide-e-content d-none d-md-block\">\r\n                                      <h1 class=\"title\">Compromiso del Grand H\u00f4tel con el planeta<\/h1>\r\n                                                                      <\/div>\r\n                          <\/div>\r\n                <\/div>\r\n            <\/div>\r\n  <\/div>\r\n  <!-- End Swiper hero -->\r\n\r\n \n\n\n<div class=\"wp-block-group row is-layout-constrained wp-block-group-is-layout-constrained\">\n<div class=\"wp-block-group pattern-address col-lg-12 has-light-grey-background-color has-background is-nowrap is-layout-flex wp-container-core-group-is-layout-fe492232 wp-block-group-is-layout-flex\" style=\"margin-bottom:var(--wp--preset--spacing--60)\">\n<div class=\"wp-block-group col-lg-6 offset-lg-3 is-vertical is-content-justification-center is-layout-flex wp-container-core-group-is-layout-f9a93ed8 wp-block-group-is-layout-flex\">\n<p class=\"has-text-align-center\" style=\"margin-top:0;margin-bottom:0\">InterContinental Bordeaux &#8211; Place de la Com\u00e9die, 33000 Burdeos, FRANCIA<\/p>\n\n\n\n<p class=\"has-charcoal-grey-color has-text-color has-small-font-size\"><a href=\"tel:+33557304444\">Tel\u00e9fono: +33 5 57 30 44 44 <\/a><\/p>\n<\/div>\n\n\n\n<div class=\"wp-block-group col-lg-3 icons-social is-content-justification-right is-nowrap is-layout-flex wp-container-core-group-is-layout-17124a9a wp-block-group-is-layout-flex\">\n<figure class=\"wp-block-image size-full is-resized\"><a href=\"https:\/\/www.facebook.com\/InterContinentalBordeauxLeGrandHotel\" target=\"_blank\" rel=\"noreferrer noopener\"><img decoding=\"async\" src=\"https:\/\/bordeaux.intercontinental.com\/wp-content\/themes\/intercontinental\/assets\/images\/icons\/icon-facebook.svg\" alt=\"\" class=\"wp-image-2313\" style=\"width:25px;height:25px\" \/><\/a><\/figure>\n\n\n\n<figure class=\"wp-block-image size-full is-resized\"><a href=\"https:\/\/www.instagram.com\/intercontinental_bordeaux\/?hl=fr\" target=\"_blank\" rel=\"noreferrer noopener\"><img decoding=\"async\" src=\"https:\/\/bordeaux.intercontinental.com\/wp-content\/themes\/intercontinental\/assets\/images\/icons\/icon-instagram.svg\" alt=\"\" class=\"wp-image-2315\" style=\"width:25px;height:25px\" \/><\/a><\/figure>\n\n\n\n<figure class=\"wp-block-image size-full is-resized\"><a href=\"https:\/\/www.youtube.com\/channel\/UC2v_S-f8-CpTmjmuJkAiSAg\" target=\"_blank\" rel=\"noreferrer noopener\"><img decoding=\"async\" src=\"https:\/\/bordeaux.intercontinental.com\/wp-content\/themes\/intercontinental\/assets\/images\/icons\/icon-youtube.svg\" alt=\"\" class=\"wp-image-2317\" style=\"width:25px;height:25px\" \/><\/a><\/figure>\n\n\n\n<figure class=\"wp-block-image size-full is-resized\"><a href=\"https:\/\/www.linkedin.com\/company\/grand-h-tel-de-bordeaux-&amp;-spa\/?originalSubdomain=fr\" target=\"_blank\" rel=\"noreferrer noopener\"><img decoding=\"async\" src=\"https:\/\/bordeaux.intercontinental.com\/wp-content\/themes\/intercontinental\/assets\/images\/icons\/icon-linkedin.svg\" alt=\"\" class=\"wp-image-2319\" style=\"width:25px;height:25px\" \/><\/a><\/figure>\n<\/div>\n<\/div>\n\n\n\n<div class=\"wp-block-columns is-layout-flex wp-container-core-columns-is-layout-28f84493 wp-block-columns-is-layout-flex\">\n<div class=\"wp-block-column is-layout-flow wp-block-column-is-layout-flow\" style=\"flex-basis:10%\"><\/div>\n\n\n\n<div class=\"wp-block-column is-layout-flow wp-block-column-is-layout-flow\">\n<p class=\"has-text-align-center\">Sabemos que la sostenibilidad ambiental es tan importante para usted como para todos los hombres y mujeres que trabajan en el InterContinental Bordeaux \u2013 Le Grand H\u00f4tel. Por eso intentamos cada d\u00eda llevar a cabo un gran n\u00famero de acciones para respetar estos valores y mejorar nuestra huella de carbono.<\/p>\n\n\n\n<div class=\"wp-block-buttons is-content-justification-center is-layout-flex wp-container-core-buttons-is-layout-a89b3969 wp-block-buttons-is-layout-flex\">\n<div class=\"wp-block-button\"><a class=\"wp-block-button__link wp-element-button\" href=\"\/wp-content\/uploads\/sites\/4\/2022\/07\/InterContinental-Bordeaux-Le-Grand-Hotel-AQuachiara-1.jpg\" target=\"_blank\" rel=\"noreferrer noopener\">Agua kil\u00f3metro cero<\/a><\/div>\n\n\n\n<div class=\"wp-block-button\"><a class=\"wp-block-button__link wp-element-button\" href=\"\/wp-content\/uploads\/sites\/4\/2022\/07\/InterContinental-Bordeaux-Le-Grand-Hotel-Recyclage.jpg\" target=\"_blank\" rel=\"noreferrer noopener\">Una empresa al servicio del planeta<\/a><\/div>\n\n\n\n<div class=\"wp-block-button\"><a class=\"wp-block-button__link wp-element-button\" href=\"\/wp-content\/uploads\/sites\/4\/2022\/07\/InterContinental-Bordeaux-Le-Grand-Hotel-Unisoap.jpg\" target=\"_blank\" rel=\"noreferrer noopener\">Reciclaje de jab\u00f3n para personas<\/a><\/div>\n\n\n\n<div class=\"wp-block-button\"><a class=\"wp-block-button__link wp-element-button\" href=\"\/wp-content\/uploads\/sites\/4\/2022\/07\/InterContinental-Bordeaux-Le-Grand-Hotel-Ecomegot-1.jpg\" target=\"_blank\" rel=\"noreferrer noopener\">Cero colillas<\/a><\/div>\n\n\n\n<div class=\"wp-block-button\"><a class=\"wp-block-button__link wp-element-button\" href=\"https:\/\/bordeaux.intercontinental.com\/wp-content\/uploads\/sites\/4\/2025\/05\/Environnemental-Charter-EN.pdf.pdf\">Carta medioambiental<\/a><\/div>\n<\/div>\n<\/div>\n\n\n\n<div class=\"wp-block-column is-layout-flow wp-block-column-is-layout-flow\" style=\"flex-basis:10%\"><\/div>\n<\/div>\n\n\n\n<div style=\"height:35px\" aria-hidden=\"true\" class=\"wp-block-spacer\"><\/div>\n\n\n\n<div class=\"wp-block-columns pattern-2-col-text-and-slider is-layout-flex wp-container-core-columns-is-layout-28f84493 wp-block-columns-is-layout-flex\">\n<div class=\"wp-block-column is-vertically-aligned-bottom text-column is-layout-flow wp-block-column-is-layout-flow\" style=\"padding-top:var(--wp--preset--spacing--70);padding-right:var(--wp--preset--spacing--60);padding-bottom:var(--wp--preset--spacing--70);padding-left:var(--wp--preset--spacing--60);flex-basis:33.33%\">\n<h3 class=\"wp-block-heading has-text-align-left\">IHG Green Engage<\/h3>\n\n\n\n<p>Todos los hoteles pertenecientes al grupo hotelero IHG utilizan el sistema IHG Green Engage.<\/p>\n\n\n\n<p>Este innovador sistema en l\u00ednea proporciona a los establecimientos los medios para medir y gestionar su impacto ambiental.<\/p>\n\n\n\n<p>Los hoteles pueden elegir entre m\u00e1s de 200 \u00abSoluciones Verdes\u00bb dise\u00f1adas para ayudarles a reducir su consumo de energ\u00eda, agua y residuos, y reducir as\u00ed su impacto en el medio ambiente.<\/p>\n<\/div>\n\n\n\n<div class=\"wp-block-column is-vertically-aligned-center is-layout-flow wp-block-column-is-layout-flow\" style=\"padding-right:var(--wp--preset--spacing--30);padding-left:var(--wp--preset--spacing--30);flex-basis:66.66%\">\r\n\r\n\r\n  <div id=\"slideshow-block_6bee808dbc6e571d75a0cdc024063f00\" class=\"row\" data-aos=\"fade-in\">\r\n      <!-- Swiper -->\r\n      <div class=\"swiper d-swiper-container \" data-swiper={\"navigation\":{\"enabled\":false}} style=\"height:66vh\">\r\n        <div class=\"swiper-wrapper\">\r\n                                      <div class=\"swiper-slide\">\r\n                                    <img decoding=\"async\" src=\"https:\/\/bordeaux.intercontinental.com\/wp-content\/uploads\/sites\/4\/2022\/07\/InterContinental-Bordeaux-Le-Grand-Hotel-banc-arguin-1.jpg\"\r\n                  sizes=\"(max-width: 2000px) 100vw, 2000px\"\r\n                  srcset=\"https:\/\/bordeaux.intercontinental.com\/wp-content\/uploads\/sites\/4\/2022\/07\/InterContinental-Bordeaux-Le-Grand-Hotel-banc-arguin-1.jpg 1920w,\r\n                          https:\/\/bordeaux.intercontinental.com\/wp-content\/uploads\/sites\/4\/2022\/07\/InterContinental-Bordeaux-Le-Grand-Hotel-banc-arguin-1-1024x683.jpg 1024w,\r\n                          https:\/\/bordeaux.intercontinental.com\/wp-content\/uploads\/sites\/4\/2022\/07\/InterContinental-Bordeaux-Le-Grand-Hotel-banc-arguin-1-768x512.jpg 768w\"\r\n                          alt=\"InterContinental Bordeaux Le Grand Hotel banc-arguin-1\">\r\n                <\/div>\r\n                              <\/div>\r\n          <div class=\"swiper-pagination\">\r\n          <\/div>\r\n          <div class=\"swiper-button swiper-button-prev\">\r\n            <span class=\"arrowl\"><\/span>\r\n          <\/div>\r\n          <div class=\"swiper-button swiper-button-next\">\r\n            <span class=\"arrowr\"><\/span>\r\n          <\/div>\r\n      <\/div>\r\n      <!-- End Swiper -->\r\n  <\/div>\r\n  \r\n\r\n <\/div>\n<\/div>\n\n\n\n<div class=\"wp-block-columns pattern-2-col-text-and-slider slider-left is-layout-flex wp-container-core-columns-is-layout-28f84493 wp-block-columns-is-layout-flex\">\n<div class=\"wp-block-column is-vertically-aligned-center is-layout-flow wp-block-column-is-layout-flow\" style=\"padding-right:var(--wp--preset--spacing--30);padding-left:var(--wp--preset--spacing--30);flex-basis:66.66%\">\r\n\r\n\r\n  <div id=\"slideshow-block_3b0c488443bb6c9d42cb0206de19275a\" class=\"row\" data-aos=\"fade-in\">\r\n      <!-- Swiper -->\r\n      <div class=\"swiper d-swiper-container full\" data-swiper={\"autoplay\":true,\"slidesPerView\":1,\"effect\":\"creative\",\"creativeEffect\":{\"limitProgress\":2,\"prev\":{\"translate\":[\"-100%\",0,0]},\"next\":{\"translate\":[\"100%\",0,0]}},\"speed\":1000} style=\"height:66vh\">\r\n        <div class=\"swiper-wrapper\">\r\n                                      <div class=\"swiper-slide\">\r\n                                    <img decoding=\"async\" src=\"https:\/\/bordeaux.intercontinental.com\/wp-content\/uploads\/sites\/4\/2022\/07\/InterContinental-Bordeaux-Le-Grand-Hotel-plage-betey.jpg\"\r\n                  sizes=\"(max-width: 2000px) 100vw, 2000px\"\r\n                  srcset=\"https:\/\/bordeaux.intercontinental.com\/wp-content\/uploads\/sites\/4\/2022\/07\/InterContinental-Bordeaux-Le-Grand-Hotel-plage-betey.jpg 1000w,\r\n                          https:\/\/bordeaux.intercontinental.com\/wp-content\/uploads\/sites\/4\/2022\/07\/InterContinental-Bordeaux-Le-Grand-Hotel-plage-betey.jpg 1024w,\r\n                          https:\/\/bordeaux.intercontinental.com\/wp-content\/uploads\/sites\/4\/2022\/07\/InterContinental-Bordeaux-Le-Grand-Hotel-plage-betey-768x272.jpg 768w\"\r\n                          alt=\"InterContinental Bordeaux Le Grand Hotel plage-betey\">\r\n                <\/div>\r\n                            <div class=\"swiper-slide\">\r\n                                    <img decoding=\"async\" src=\"https:\/\/bordeaux.intercontinental.com\/wp-content\/uploads\/sites\/4\/2022\/07\/InterContinental-Bordeaux-Le-Grand-Hotel-PICHON-LONGUEVILLE2B5I1388.jpg\"\r\n                  sizes=\"(max-width: 2000px) 100vw, 2000px\"\r\n                  srcset=\"https:\/\/bordeaux.intercontinental.com\/wp-content\/uploads\/sites\/4\/2022\/07\/InterContinental-Bordeaux-Le-Grand-Hotel-PICHON-LONGUEVILLE2B5I1388.jpg 1772w,\r\n                          https:\/\/bordeaux.intercontinental.com\/wp-content\/uploads\/sites\/4\/2022\/07\/InterContinental-Bordeaux-Le-Grand-Hotel-PICHON-LONGUEVILLE2B5I1388-1024x682.jpg 1024w,\r\n                          https:\/\/bordeaux.intercontinental.com\/wp-content\/uploads\/sites\/4\/2022\/07\/InterContinental-Bordeaux-Le-Grand-Hotel-PICHON-LONGUEVILLE2B5I1388-768x512.jpg 768w\"\r\n                          alt=\"InterContinental Bordeaux Le Grand Hotel PICHON-LONGUEVILLE2B5I1388\">\r\n                <\/div>\r\n                              <\/div>\r\n          <div class=\"swiper-pagination\">\r\n          <\/div>\r\n          <div class=\"swiper-button swiper-button-prev\">\r\n            <span class=\"arrowl\"><\/span>\r\n          <\/div>\r\n          <div class=\"swiper-button swiper-button-next\">\r\n            <span class=\"arrowr\"><\/span>\r\n          <\/div>\r\n      <\/div>\r\n      <!-- End Swiper -->\r\n  <\/div>\r\n  \r\n\r\n <\/div>\n\n\n\n<div class=\"wp-block-column is-vertically-aligned-bottom text-column is-layout-flow wp-block-column-is-layout-flow\" style=\"padding-top:var(--wp--preset--spacing--70);padding-right:var(--wp--preset--spacing--60);padding-bottom:var(--wp--preset--spacing--70);padding-left:var(--wp--preset--spacing--60);flex-basis:33.33%\">\n<h3 class=\"wp-block-heading has-text-align-left\">Un esfuerzo mundial para proteger el planeta<\/h3>\n\n\n\n<p>Mediante el uso de sistemas inteligentes e innovadores, todo lo que los hoteles del grupo hotelero IHG hacen por la sostenibilidad medioambiental puede suponer una gran diferencia para nuestro planeta.<\/p>\n\n\n\n<p>Al alojarse en uno de los hoteles del grupo IHG, contribuye a proteger el medio ambiente.<\/p>\n<\/div>\n<\/div>\n\n\n\n<div style=\"height:50px\" aria-hidden=\"true\" class=\"wp-block-spacer\"><\/div>\n<\/div>\n","protected":false},"excerpt":{"rendered":"<p>InterContinental Bordeaux &#8211; Place de la Com\u00e9die, 33000 Burdeos, FRANCIA Tel\u00e9fono: +33 5 57 30 44 44 Sabemos que la sostenibilidad ambiental es tan importante para usted como para todos los hombres y mujeres que trabajan en el InterContinental Bordeaux [&hellip;]<\/p>\n","protected":false},"author":1,"featured_media":23446,"parent":0,"menu_order":0,"comment_status":"closed","ping_status":"closed","template":"","meta":{"_acf_changed":false,"footnotes":""},"class_list":["post-29910","page","type-page","status-publish","has-post-thumbnail","hentry"],"acf":[],"yoast_head":"<!-- This site is optimized with the Yoast SEO plugin v26.2 - https:\/\/yoast.com\/wordpress\/plugins\/seo\/ -->\n<title>Compromiso del Grand H\u00f4tel con el planeta - InterContinental Bordeaux<\/title>\n<meta name=\"robots\" content=\"index, follow, max-snippet:-1, max-image-preview:large, max-video-preview:-1\" \/>\n<link rel=\"canonical\" href=\"https:\/\/bordeaux.intercontinental.com\/es\/compromiso-del-grand-hotel-con-el-planeta\/\" \/>\n<meta property=\"og:locale\" content=\"es_ES\" \/>\n<meta property=\"og:type\" content=\"article\" \/>\n<meta property=\"og:title\" content=\"Compromiso del Grand H\u00f4tel con el planeta - InterContinental Bordeaux\" \/>\n<meta property=\"og:description\" content=\"InterContinental Bordeaux &#8211; Place de la Com\u00e9die, 33000 Burdeos, FRANCIA Tel\u00e9fono: +33 5 57 30 44 44 Sabemos que la sostenibilidad ambiental es tan importante para usted como para todos los hombres y mujeres que trabajan en el InterContinental Bordeaux [&hellip;]\" \/>\n<meta property=\"og:url\" content=\"https:\/\/bordeaux.intercontinental.com\/es\/compromiso-del-grand-hotel-con-el-planeta\/\" \/>\n<meta property=\"og:site_name\" content=\"InterContinental Bordeaux\" \/>\n<meta property=\"article:modified_time\" content=\"2025-05-19T09:59:49+00:00\" \/>\n<meta property=\"og:image\" content=\"https:\/\/bordeaux.intercontinental.com\/wp-content\/uploads\/sites\/4\/2022\/07\/InterContinental-Bordeaux-Le-Grand-Hotel-green-engage-logo.png\" \/>\n\t<meta property=\"og:image:width\" content=\"488\" \/>\n\t<meta property=\"og:image:height\" content=\"430\" \/>\n\t<meta property=\"og:image:type\" content=\"image\/png\" \/>\n<meta name=\"twitter:card\" content=\"summary_large_image\" \/>\n<meta name=\"twitter:label1\" content=\"Tiempo de lectura\" \/>\n\t<meta name=\"twitter:data1\" content=\"3 minutos\" \/>\n<script type=\"application\/ld+json\" class=\"yoast-schema-graph\">{\"@context\":\"https:\/\/schema.org\",\"@graph\":[{\"@type\":\"WebPage\",\"@id\":\"https:\/\/bordeaux.intercontinental.com\/es\/compromiso-del-grand-hotel-con-el-planeta\/\",\"url\":\"https:\/\/bordeaux.intercontinental.com\/es\/compromiso-del-grand-hotel-con-el-planeta\/\",\"name\":\"Compromiso del Grand H\u00f4tel con el planeta - InterContinental Bordeaux\",\"isPartOf\":{\"@id\":\"https:\/\/bordeaux.intercontinental.com\/#website\"},\"primaryImageOfPage\":{\"@id\":\"https:\/\/bordeaux.intercontinental.com\/es\/compromiso-del-grand-hotel-con-el-planeta\/#primaryimage\"},\"image\":{\"@id\":\"https:\/\/bordeaux.intercontinental.com\/es\/compromiso-del-grand-hotel-con-el-planeta\/#primaryimage\"},\"thumbnailUrl\":\"https:\/\/bordeaux.intercontinental.com\/wp-content\/uploads\/sites\/4\/2022\/07\/InterContinental-Bordeaux-Le-Grand-Hotel-green-engage-logo.png\",\"datePublished\":\"2022-08-09T14:28:17+00:00\",\"dateModified\":\"2025-05-19T09:59:49+00:00\",\"breadcrumb\":{\"@id\":\"https:\/\/bordeaux.intercontinental.com\/es\/compromiso-del-grand-hotel-con-el-planeta\/#breadcrumb\"},\"inLanguage\":\"es\",\"potentialAction\":[{\"@type\":\"ReadAction\",\"target\":[\"https:\/\/bordeaux.intercontinental.com\/es\/compromiso-del-grand-hotel-con-el-planeta\/\"]}]},{\"@type\":\"ImageObject\",\"inLanguage\":\"es\",\"@id\":\"https:\/\/bordeaux.intercontinental.com\/es\/compromiso-del-grand-hotel-con-el-planeta\/#primaryimage\",\"url\":\"https:\/\/bordeaux.intercontinental.com\/wp-content\/uploads\/sites\/4\/2022\/07\/InterContinental-Bordeaux-Le-Grand-Hotel-green-engage-logo.png\",\"contentUrl\":\"https:\/\/bordeaux.intercontinental.com\/wp-content\/uploads\/sites\/4\/2022\/07\/InterContinental-Bordeaux-Le-Grand-Hotel-green-engage-logo.png\",\"width\":488,\"height\":430},{\"@type\":\"BreadcrumbList\",\"@id\":\"https:\/\/bordeaux.intercontinental.com\/es\/compromiso-del-grand-hotel-con-el-planeta\/#breadcrumb\",\"itemListElement\":[{\"@type\":\"ListItem\",\"position\":1,\"name\":\"Inicio\",\"item\":\"https:\/\/bordeaux.intercontinental.com\/es\/\"},{\"@type\":\"ListItem\",\"position\":2,\"name\":\"Compromiso del Grand H\u00f4tel con el planeta\"}]},{\"@type\":\"WebSite\",\"@id\":\"https:\/\/bordeaux.intercontinental.com\/#website\",\"url\":\"https:\/\/bordeaux.intercontinental.com\/\",\"name\":\"InterContinental Bordeaux\",\"description\":\"Live the InterContinental Life\",\"publisher\":{\"@id\":\"https:\/\/bordeaux.intercontinental.com\/#organization\"},\"alternateName\":\"InterContinental Bordeaux - Le Grand H\u00f4tel\",\"potentialAction\":[{\"@type\":\"SearchAction\",\"target\":{\"@type\":\"EntryPoint\",\"urlTemplate\":\"https:\/\/bordeaux.intercontinental.com\/?s={search_term_string}\"},\"query-input\":{\"@type\":\"PropertyValueSpecification\",\"valueRequired\":true,\"valueName\":\"search_term_string\"}}],\"inLanguage\":\"es\"},{\"@type\":\"Organization\",\"@id\":\"https:\/\/bordeaux.intercontinental.com\/#organization\",\"name\":\"InterContinental Bordeaux\",\"alternateName\":\"InterContinental Bordeaux - Le Grand H\u00f4tel\",\"url\":\"https:\/\/bordeaux.intercontinental.com\/\",\"logo\":{\"@type\":\"ImageObject\",\"inLanguage\":\"es\",\"@id\":\"https:\/\/bordeaux.intercontinental.com\/#\/schema\/logo\/image\/\",\"url\":\"https:\/\/bordeaux.intercontinental.com\/wp-content\/uploads\/sites\/4\/2023\/08\/logo-ihg-bordeaux-nl.svg\",\"contentUrl\":\"https:\/\/bordeaux.intercontinental.com\/wp-content\/uploads\/sites\/4\/2023\/08\/logo-ihg-bordeaux-nl.svg\",\"caption\":\"InterContinental Bordeaux\"},\"image\":{\"@id\":\"https:\/\/bordeaux.intercontinental.com\/#\/schema\/logo\/image\/\"}}]}<\/script>\n<!-- \/ Yoast SEO plugin. -->","yoast_head_json":{"title":"Compromiso del Grand H\u00f4tel con el planeta - InterContinental Bordeaux","robots":{"index":"index","follow":"follow","max-snippet":"max-snippet:-1","max-image-preview":"max-image-preview:large","max-video-preview":"max-video-preview:-1"},"canonical":"https:\/\/bordeaux.intercontinental.com\/es\/compromiso-del-grand-hotel-con-el-planeta\/","og_locale":"es_ES","og_type":"article","og_title":"Compromiso del Grand H\u00f4tel con el planeta - InterContinental Bordeaux","og_description":"InterContinental Bordeaux &#8211; Place de la Com\u00e9die, 33000 Burdeos, FRANCIA Tel\u00e9fono: +33 5 57 30 44 44 Sabemos que la sostenibilidad ambiental es tan importante para usted como para todos los hombres y mujeres que trabajan en el InterContinental Bordeaux [&hellip;]","og_url":"https:\/\/bordeaux.intercontinental.com\/es\/compromiso-del-grand-hotel-con-el-planeta\/","og_site_name":"InterContinental Bordeaux","article_modified_time":"2025-05-19T09:59:49+00:00","og_image":[{"width":488,"height":430,"url":"https:\/\/bordeaux.intercontinental.com\/wp-content\/uploads\/sites\/4\/2022\/07\/InterContinental-Bordeaux-Le-Grand-Hotel-green-engage-logo.png","type":"image\/png"}],"twitter_card":"summary_large_image","twitter_misc":{"Tiempo de lectura":"3 minutos"},"schema":{"@context":"https:\/\/schema.org","@graph":[{"@type":"WebPage","@id":"https:\/\/bordeaux.intercontinental.com\/es\/compromiso-del-grand-hotel-con-el-planeta\/","url":"https:\/\/bordeaux.intercontinental.com\/es\/compromiso-del-grand-hotel-con-el-planeta\/","name":"Compromiso del Grand H\u00f4tel con el planeta - InterContinental Bordeaux","isPartOf":{"@id":"https:\/\/bordeaux.intercontinental.com\/#website"},"primaryImageOfPage":{"@id":"https:\/\/bordeaux.intercontinental.com\/es\/compromiso-del-grand-hotel-con-el-planeta\/#primaryimage"},"image":{"@id":"https:\/\/bordeaux.intercontinental.com\/es\/compromiso-del-grand-hotel-con-el-planeta\/#primaryimage"},"thumbnailUrl":"https:\/\/bordeaux.intercontinental.com\/wp-content\/uploads\/sites\/4\/2022\/07\/InterContinental-Bordeaux-Le-Grand-Hotel-green-engage-logo.png","datePublished":"2022-08-09T14:28:17+00:00","dateModified":"2025-05-19T09:59:49+00:00","breadcrumb":{"@id":"https:\/\/bordeaux.intercontinental.com\/es\/compromiso-del-grand-hotel-con-el-planeta\/#breadcrumb"},"inLanguage":"es","potentialAction":[{"@type":"ReadAction","target":["https:\/\/bordeaux.intercontinental.com\/es\/compromiso-del-grand-hotel-con-el-planeta\/"]}]},{"@type":"ImageObject","inLanguage":"es","@id":"https:\/\/bordeaux.intercontinental.com\/es\/compromiso-del-grand-hotel-con-el-planeta\/#primaryimage","url":"https:\/\/bordeaux.intercontinental.com\/wp-content\/uploads\/sites\/4\/2022\/07\/InterContinental-Bordeaux-Le-Grand-Hotel-green-engage-logo.png","contentUrl":"https:\/\/bordeaux.intercontinental.com\/wp-content\/uploads\/sites\/4\/2022\/07\/InterContinental-Bordeaux-Le-Grand-Hotel-green-engage-logo.png","width":488,"height":430},{"@type":"BreadcrumbList","@id":"https:\/\/bordeaux.intercontinental.com\/es\/compromiso-del-grand-hotel-con-el-planeta\/#breadcrumb","itemListElement":[{"@type":"ListItem","position":1,"name":"Inicio","item":"https:\/\/bordeaux.intercontinental.com\/es\/"},{"@type":"ListItem","position":2,"name":"Compromiso del Grand H\u00f4tel con el planeta"}]},{"@type":"WebSite","@id":"https:\/\/bordeaux.intercontinental.com\/#website","url":"https:\/\/bordeaux.intercontinental.com\/","name":"InterContinental Bordeaux","description":"Live the InterContinental Life","publisher":{"@id":"https:\/\/bordeaux.intercontinental.com\/#organization"},"alternateName":"InterContinental Bordeaux - Le Grand H\u00f4tel","potentialAction":[{"@type":"SearchAction","target":{"@type":"EntryPoint","urlTemplate":"https:\/\/bordeaux.intercontinental.com\/?s={search_term_string}"},"query-input":{"@type":"PropertyValueSpecification","valueRequired":true,"valueName":"search_term_string"}}],"inLanguage":"es"},{"@type":"Organization","@id":"https:\/\/bordeaux.intercontinental.com\/#organization","name":"InterContinental Bordeaux","alternateName":"InterContinental Bordeaux - Le Grand H\u00f4tel","url":"https:\/\/bordeaux.intercontinental.com\/","logo":{"@type":"ImageObject","inLanguage":"es","@id":"https:\/\/bordeaux.intercontinental.com\/#\/schema\/logo\/image\/","url":"https:\/\/bordeaux.intercontinental.com\/wp-content\/uploads\/sites\/4\/2023\/08\/logo-ihg-bordeaux-nl.svg","contentUrl":"https:\/\/bordeaux.intercontinental.com\/wp-content\/uploads\/sites\/4\/2023\/08\/logo-ihg-bordeaux-nl.svg","caption":"InterContinental Bordeaux"},"image":{"@id":"https:\/\/bordeaux.intercontinental.com\/#\/schema\/logo\/image\/"}}]}},"_links":{"self":[{"href":"https:\/\/bordeaux.intercontinental.com\/es\/wp-json\/wp\/v2\/pages\/29910","targetHints":{"allow":["GET"]}}],"collection":[{"href":"https:\/\/bordeaux.intercontinental.com\/es\/wp-json\/wp\/v2\/pages"}],"about":[{"href":"https:\/\/bordeaux.intercontinental.com\/es\/wp-json\/wp\/v2\/types\/page"}],"author":[{"embeddable":true,"href":"https:\/\/bordeaux.intercontinental.com\/es\/wp-json\/wp\/v2\/users\/1"}],"replies":[{"embeddable":true,"href":"https:\/\/bordeaux.intercontinental.com\/es\/wp-json\/wp\/v2\/comments?post=29910"}],"version-history":[{"count":0,"href":"https:\/\/bordeaux.intercontinental.com\/es\/wp-json\/wp\/v2\/pages\/29910\/revisions"}],"wp:featuredmedia":[{"embeddable":true,"href":"https:\/\/bordeaux.intercontinental.com\/es\/wp-json\/wp\/v2\/media\/23446"}],"wp:attachment":[{"href":"https:\/\/bordeaux.intercontinental.com\/es\/wp-json\/wp\/v2\/media?parent=29910"}],"curies":[{"name":"wp","href":"https:\/\/api.w.org\/{rel}","templated":true}]}}