{"id":29884,"date":"2023-02-13T10:21:23","date_gmt":"2023-02-13T09:21:23","guid":{"rendered":"https:\/\/bordeaux.intercontinental.com\/?page_id=29884"},"modified":"2024-02-15T09:54:45","modified_gmt":"2024-02-15T08:54:45","slug":"el-rincon-de-los-ninos","status":"publish","type":"page","link":"https:\/\/bordeaux.intercontinental.com\/es\/el-rincon-de-los-ninos\/","title":{"rendered":"El Rinc\u00f3n de los ni\u00f1os"},"content":{"rendered":"\r\n\r\n\r\n\r\n  <!-- Swiper hero -->\r\n  <div id=\"slideshow-block_e2a0251e398c913ac87a2432fc3f0957\" class=\"row \">  \r\n    <div class=\"swiper d-swiper-container hero\" data-swiper={\"autoplay\":true,\"effect\":\"fade\",\"fadeEffect\":{\"crossFade\":true},\"speed\":1000}>\r\n      <div class=\"swiper-wrapper\">\r\n                    <div class=\"swiper-slide\">\r\n                              <span aria-hidden=\"true\" class=\"slide-e-background has-background-dim-30  has-background has-black-background-color\"><\/span>\r\n                                            <img decoding=\"async\" src=\"https:\/\/bordeaux.intercontinental.com\/wp-content\/uploads\/sites\/4\/2022\/07\/InterContinental-Bordeaux-Le-Grand-Hotel-Concierge-service-enfants-bordeaux-grand-hotel-scaled-1.jpg\"\r\n                sizes=\"(max-width: 2000px) 100vw, 2000px\"\r\n                srcset=\"https:\/\/bordeaux.intercontinental.com\/wp-content\/uploads\/sites\/4\/2022\/07\/InterContinental-Bordeaux-Le-Grand-Hotel-Concierge-service-enfants-bordeaux-grand-hotel-scaled-1.jpg 2560w,\r\n                        https:\/\/bordeaux.intercontinental.com\/wp-content\/uploads\/sites\/4\/2022\/07\/InterContinental-Bordeaux-Le-Grand-Hotel-Concierge-service-enfants-bordeaux-grand-hotel-scaled-1-1024x684.jpg 1024w,\r\n                        https:\/\/bordeaux.intercontinental.com\/wp-content\/uploads\/sites\/4\/2022\/07\/InterContinental-Bordeaux-Le-Grand-Hotel-Concierge-service-enfants-bordeaux-grand-hotel-scaled-1-768x513.jpg 768w\"\r\n                        alt=\"InterContinental Bordeaux Le Grand Hotel Concierge-service-enfants-bordeaux-grand-hotel\">\r\n                                            <div class=\"slide-e-content d-none d-md-block\">\r\n                                      <h1 class=\"title\">El Rinc\u00f3n de los ni\u00f1os<\/h1>\r\n                                                                      <\/div>\r\n                          <\/div>\r\n                      <div class=\"swiper-slide\">\r\n                              <span aria-hidden=\"true\" class=\"slide-e-background has-background-dim-30  has-background has-black-background-color\"><\/span>\r\n                                            <img decoding=\"async\" src=\"https:\/\/bordeaux.intercontinental.com\/wp-content\/uploads\/sites\/4\/2022\/07\/InterContinental-Bordeaux-Le-Grand-Hotel-Conciergerie-Service-Grand-Hotel-Bordeaux-scaled-1.jpg\"\r\n                sizes=\"(max-width: 2000px) 100vw, 2000px\"\r\n                srcset=\"https:\/\/bordeaux.intercontinental.com\/wp-content\/uploads\/sites\/4\/2022\/07\/InterContinental-Bordeaux-Le-Grand-Hotel-Conciergerie-Service-Grand-Hotel-Bordeaux-scaled-1.jpg 2560w,\r\n                        https:\/\/bordeaux.intercontinental.com\/wp-content\/uploads\/sites\/4\/2022\/07\/InterContinental-Bordeaux-Le-Grand-Hotel-Conciergerie-Service-Grand-Hotel-Bordeaux-scaled-1-1024x683.jpg 1024w,\r\n                        https:\/\/bordeaux.intercontinental.com\/wp-content\/uploads\/sites\/4\/2022\/07\/InterContinental-Bordeaux-Le-Grand-Hotel-Conciergerie-Service-Grand-Hotel-Bordeaux-scaled-1-768x512.jpg 768w\"\r\n                        alt=\"InterContinental Bordeaux Le Grand Hotel Conciergerie-Service-Grand-Hotel-Bordeaux\">\r\n                                            <div class=\"slide-e-content d-none d-md-block\">\r\n                                      <h1 class=\"title\">El Rinc\u00f3n de los ni\u00f1os<\/h1>\r\n                                                                      <\/div>\r\n                          <\/div>\r\n                <\/div>\r\n                  <div class=\"swiper-pagination\">\r\n          <\/div>\r\n          <div class=\"swiper-button swiper-button-prev\">\r\n            <span class=\"arrowl\"><\/span>\r\n          <\/div>\r\n          <div class=\"swiper-button swiper-button-next\">\r\n          <span class=\"arrowr\"><\/span>\r\n          <\/div>\r\n            <\/div>\r\n  <\/div>\r\n  <!-- End Swiper hero -->\r\n\r\n \n\n\n<div class=\"wp-block-columns is-layout-flex wp-container-core-columns-is-layout-28f84493 wp-block-columns-is-layout-flex\">\n<div class=\"wp-block-column is-layout-flow wp-block-column-is-layout-flow\" style=\"flex-basis:15%\"><\/div>\n\n\n\n<div class=\"wp-block-column is-layout-flow wp-block-column-is-layout-flow\">\n<div style=\"height:50px\" aria-hidden=\"true\" class=\"wp-block-spacer\"><\/div>\n\n\n\n<h3 class=\"wp-block-heading\">Para toda la familia<\/h3>\n\n\n\n<p>El InterContinental Bordeaux &#8211; Le Grand H\u00f4tel se adapta a las exigencias y deseos de toda la familia. Sus hijos podr\u00e1n disfrutar de un servicio adecuado para que tambi\u00e9n descubran Burdeos de manera adaptada. El Conserje sabr\u00e1 proponer a sus hijos entretenimientos y visitas especialmente dise\u00f1ados para ellos. Un programa de actividades se entregar\u00e1 a los padres bajo petici\u00f3n a su llegada. Ideal para que cada uno guarde un recuerdo eterno de la metr\u00f3poli de Burdeos.<\/p>\n\n\n\n<div class=\"wp-block-buttons is-content-justification-center is-layout-flex wp-container-core-buttons-is-layout-a89b3969 wp-block-buttons-is-layout-flex\">\n<div class=\"wp-block-button\"><a class=\"wp-block-button__link wp-element-button\" href=\"\/wp-content\/uploads\/sites\/4\/2022\/09\/InterContinental-Bordeux-le-coin-des-enfants-brochure-fr-2021-aout.pdf\" target=\"_blank\" rel=\"noreferrer noopener\">EL RINC\u00d3N DE LOS NI\u00d1OS<\/a><\/div>\n<\/div>\n<\/div>\n\n\n\n<div class=\"wp-block-column is-layout-flow wp-block-column-is-layout-flow\" style=\"flex-basis:15%\"><\/div>\n<\/div>\n","protected":false},"excerpt":{"rendered":"<p>Para toda la familia El InterContinental Bordeaux &#8211; Le Grand H\u00f4tel se adapta a las exigencias y deseos de toda la familia. Sus hijos podr\u00e1n disfrutar de un servicio adecuado para que tambi\u00e9n descubran Burdeos de manera adaptada. El Conserje [&hellip;]<\/p>\n","protected":false},"author":1,"featured_media":0,"parent":0,"menu_order":0,"comment_status":"closed","ping_status":"closed","template":"","meta":{"_acf_changed":false,"footnotes":""},"class_list":["post-29884","page","type-page","status-publish","hentry"],"acf":[],"yoast_head":"<!-- This site is optimized with the Yoast SEO plugin v26.2 - https:\/\/yoast.com\/wordpress\/plugins\/seo\/ -->\n<title>El Rinc\u00f3n de los ni\u00f1os - InterContinental Bordeaux<\/title>\n<meta name=\"robots\" content=\"index, follow, max-snippet:-1, max-image-preview:large, max-video-preview:-1\" \/>\n<link rel=\"canonical\" href=\"https:\/\/bordeaux.intercontinental.com\/es\/el-rincon-de-los-ninos\/\" \/>\n<meta property=\"og:locale\" content=\"es_ES\" \/>\n<meta property=\"og:type\" content=\"article\" \/>\n<meta property=\"og:title\" content=\"El Rinc\u00f3n de los ni\u00f1os - InterContinental Bordeaux\" \/>\n<meta property=\"og:description\" content=\"Para toda la familia El InterContinental Bordeaux &#8211; Le Grand H\u00f4tel se adapta a las exigencias y deseos de toda la familia. Sus hijos podr\u00e1n disfrutar de un servicio adecuado para que tambi\u00e9n descubran Burdeos de manera adaptada. El Conserje [&hellip;]\" \/>\n<meta property=\"og:url\" content=\"https:\/\/bordeaux.intercontinental.com\/es\/el-rincon-de-los-ninos\/\" \/>\n<meta property=\"og:site_name\" content=\"InterContinental Bordeaux\" \/>\n<meta property=\"article:modified_time\" content=\"2024-02-15T08:54:45+00:00\" \/>\n<meta name=\"twitter:card\" content=\"summary_large_image\" \/>\n<meta name=\"twitter:label1\" content=\"Tiempo de lectura\" \/>\n\t<meta name=\"twitter:data1\" content=\"1 minuto\" \/>\n<script type=\"application\/ld+json\" class=\"yoast-schema-graph\">{\"@context\":\"https:\/\/schema.org\",\"@graph\":[{\"@type\":\"WebPage\",\"@id\":\"https:\/\/bordeaux.intercontinental.com\/es\/el-rincon-de-los-ninos\/\",\"url\":\"https:\/\/bordeaux.intercontinental.com\/es\/el-rincon-de-los-ninos\/\",\"name\":\"El Rinc\u00f3n de los ni\u00f1os - InterContinental Bordeaux\",\"isPartOf\":{\"@id\":\"https:\/\/bordeaux.intercontinental.com\/es\/#website\"},\"datePublished\":\"2023-02-13T09:21:23+00:00\",\"dateModified\":\"2024-02-15T08:54:45+00:00\",\"breadcrumb\":{\"@id\":\"https:\/\/bordeaux.intercontinental.com\/es\/el-rincon-de-los-ninos\/#breadcrumb\"},\"inLanguage\":\"es\",\"potentialAction\":[{\"@type\":\"ReadAction\",\"target\":[\"https:\/\/bordeaux.intercontinental.com\/es\/el-rincon-de-los-ninos\/\"]}]},{\"@type\":\"BreadcrumbList\",\"@id\":\"https:\/\/bordeaux.intercontinental.com\/es\/el-rincon-de-los-ninos\/#breadcrumb\",\"itemListElement\":[{\"@type\":\"ListItem\",\"position\":1,\"name\":\"Inicio\",\"item\":\"https:\/\/bordeaux.intercontinental.com\/es\/\"},{\"@type\":\"ListItem\",\"position\":2,\"name\":\"El Rinc\u00f3n de los ni\u00f1os\"}]},{\"@type\":\"WebSite\",\"@id\":\"https:\/\/bordeaux.intercontinental.com\/es\/#website\",\"url\":\"https:\/\/bordeaux.intercontinental.com\/es\/\",\"name\":\"InterContinental Bordeaux\",\"description\":\"Live the InterContinental Life\",\"publisher\":{\"@id\":\"https:\/\/bordeaux.intercontinental.com\/es\/#organization\"},\"alternateName\":\"InterContinental Bordeaux - Le Grand H\u00f4tel\",\"potentialAction\":[{\"@type\":\"SearchAction\",\"target\":{\"@type\":\"EntryPoint\",\"urlTemplate\":\"https:\/\/bordeaux.intercontinental.com\/es\/?s={search_term_string}\"},\"query-input\":{\"@type\":\"PropertyValueSpecification\",\"valueRequired\":true,\"valueName\":\"search_term_string\"}}],\"inLanguage\":\"es\"},{\"@type\":\"Organization\",\"@id\":\"https:\/\/bordeaux.intercontinental.com\/es\/#organization\",\"name\":\"InterContinental Bordeaux\",\"alternateName\":\"InterContinental Bordeaux - Le Grand H\u00f4tel\",\"url\":\"https:\/\/bordeaux.intercontinental.com\/es\/\",\"logo\":{\"@type\":\"ImageObject\",\"inLanguage\":\"es\",\"@id\":\"https:\/\/bordeaux.intercontinental.com\/es\/#\/schema\/logo\/image\/\",\"url\":\"https:\/\/bordeaux.intercontinental.com\/wp-content\/uploads\/sites\/4\/2023\/08\/logo-ihg-bordeaux-nl.svg\",\"contentUrl\":\"https:\/\/bordeaux.intercontinental.com\/wp-content\/uploads\/sites\/4\/2023\/08\/logo-ihg-bordeaux-nl.svg\",\"caption\":\"InterContinental Bordeaux\"},\"image\":{\"@id\":\"https:\/\/bordeaux.intercontinental.com\/es\/#\/schema\/logo\/image\/\"}}]}<\/script>\n<!-- \/ Yoast SEO plugin. -->","yoast_head_json":{"title":"El Rinc\u00f3n de los ni\u00f1os - InterContinental Bordeaux","robots":{"index":"index","follow":"follow","max-snippet":"max-snippet:-1","max-image-preview":"max-image-preview:large","max-video-preview":"max-video-preview:-1"},"canonical":"https:\/\/bordeaux.intercontinental.com\/es\/el-rincon-de-los-ninos\/","og_locale":"es_ES","og_type":"article","og_title":"El Rinc\u00f3n de los ni\u00f1os - InterContinental Bordeaux","og_description":"Para toda la familia El InterContinental Bordeaux &#8211; Le Grand H\u00f4tel se adapta a las exigencias y deseos de toda la familia. Sus hijos podr\u00e1n disfrutar de un servicio adecuado para que tambi\u00e9n descubran Burdeos de manera adaptada. El Conserje [&hellip;]","og_url":"https:\/\/bordeaux.intercontinental.com\/es\/el-rincon-de-los-ninos\/","og_site_name":"InterContinental Bordeaux","article_modified_time":"2024-02-15T08:54:45+00:00","twitter_card":"summary_large_image","twitter_misc":{"Tiempo de lectura":"1 minuto"},"schema":{"@context":"https:\/\/schema.org","@graph":[{"@type":"WebPage","@id":"https:\/\/bordeaux.intercontinental.com\/es\/el-rincon-de-los-ninos\/","url":"https:\/\/bordeaux.intercontinental.com\/es\/el-rincon-de-los-ninos\/","name":"El Rinc\u00f3n de los ni\u00f1os - InterContinental Bordeaux","isPartOf":{"@id":"https:\/\/bordeaux.intercontinental.com\/es\/#website"},"datePublished":"2023-02-13T09:21:23+00:00","dateModified":"2024-02-15T08:54:45+00:00","breadcrumb":{"@id":"https:\/\/bordeaux.intercontinental.com\/es\/el-rincon-de-los-ninos\/#breadcrumb"},"inLanguage":"es","potentialAction":[{"@type":"ReadAction","target":["https:\/\/bordeaux.intercontinental.com\/es\/el-rincon-de-los-ninos\/"]}]},{"@type":"BreadcrumbList","@id":"https:\/\/bordeaux.intercontinental.com\/es\/el-rincon-de-los-ninos\/#breadcrumb","itemListElement":[{"@type":"ListItem","position":1,"name":"Inicio","item":"https:\/\/bordeaux.intercontinental.com\/es\/"},{"@type":"ListItem","position":2,"name":"El Rinc\u00f3n de los ni\u00f1os"}]},{"@type":"WebSite","@id":"https:\/\/bordeaux.intercontinental.com\/es\/#website","url":"https:\/\/bordeaux.intercontinental.com\/es\/","name":"InterContinental Bordeaux","description":"Live the InterContinental Life","publisher":{"@id":"https:\/\/bordeaux.intercontinental.com\/es\/#organization"},"alternateName":"InterContinental Bordeaux - Le Grand H\u00f4tel","potentialAction":[{"@type":"SearchAction","target":{"@type":"EntryPoint","urlTemplate":"https:\/\/bordeaux.intercontinental.com\/es\/?s={search_term_string}"},"query-input":{"@type":"PropertyValueSpecification","valueRequired":true,"valueName":"search_term_string"}}],"inLanguage":"es"},{"@type":"Organization","@id":"https:\/\/bordeaux.intercontinental.com\/es\/#organization","name":"InterContinental Bordeaux","alternateName":"InterContinental Bordeaux - Le Grand H\u00f4tel","url":"https:\/\/bordeaux.intercontinental.com\/es\/","logo":{"@type":"ImageObject","inLanguage":"es","@id":"https:\/\/bordeaux.intercontinental.com\/es\/#\/schema\/logo\/image\/","url":"https:\/\/bordeaux.intercontinental.com\/wp-content\/uploads\/sites\/4\/2023\/08\/logo-ihg-bordeaux-nl.svg","contentUrl":"https:\/\/bordeaux.intercontinental.com\/wp-content\/uploads\/sites\/4\/2023\/08\/logo-ihg-bordeaux-nl.svg","caption":"InterContinental Bordeaux"},"image":{"@id":"https:\/\/bordeaux.intercontinental.com\/es\/#\/schema\/logo\/image\/"}}]}},"_links":{"self":[{"href":"https:\/\/bordeaux.intercontinental.com\/es\/wp-json\/wp\/v2\/pages\/29884","targetHints":{"allow":["GET"]}}],"collection":[{"href":"https:\/\/bordeaux.intercontinental.com\/es\/wp-json\/wp\/v2\/pages"}],"about":[{"href":"https:\/\/bordeaux.intercontinental.com\/es\/wp-json\/wp\/v2\/types\/page"}],"author":[{"embeddable":true,"href":"https:\/\/bordeaux.intercontinental.com\/es\/wp-json\/wp\/v2\/users\/1"}],"replies":[{"embeddable":true,"href":"https:\/\/bordeaux.intercontinental.com\/es\/wp-json\/wp\/v2\/comments?post=29884"}],"version-history":[{"count":0,"href":"https:\/\/bordeaux.intercontinental.com\/es\/wp-json\/wp\/v2\/pages\/29884\/revisions"}],"wp:attachment":[{"href":"https:\/\/bordeaux.intercontinental.com\/es\/wp-json\/wp\/v2\/media?parent=29884"}],"curies":[{"name":"wp","href":"https:\/\/api.w.org\/{rel}","templated":true}]}}