{"id":29868,"date":"2022-08-11T15:59:38","date_gmt":"2022-08-11T13:59:38","guid":{"rendered":"https:\/\/bordeaux.intercontinental.com\/?page_id=29868"},"modified":"2024-02-15T09:41:19","modified_gmt":"2024-02-15T08:41:19","slug":"suscripcion-confirmada","status":"publish","type":"page","link":"https:\/\/bordeaux.intercontinental.com\/es\/suscripcion-confirmada\/","title":{"rendered":"Suscripci\u00f3n confirmada"},"content":{"rendered":"\n<div style=\"height:30px\" aria-hidden=\"true\" class=\"wp-block-spacer\"><\/div>\n\n\n\n<h1 class=\"wp-block-heading has-text-align-center\">Suscripci\u00f3n confirmada<\/h1>\n\n\n\n<p class=\"has-text-align-center\">Gracias<br>Ahora est\u00e1 suscrito a las comunicaciones por correo electr\u00f3nico del Hotel InterContinental Bordeaux.<\/p>\n\n\n\n<div style=\"height:100px\" aria-hidden=\"true\" class=\"wp-block-spacer\"><\/div>\n","protected":false},"excerpt":{"rendered":"<p>Suscripci\u00f3n confirmada GraciasAhora est\u00e1 suscrito a las comunicaciones por correo electr\u00f3nico del Hotel InterContinental Bordeaux.<\/p>\n","protected":false},"author":1,"featured_media":0,"parent":0,"menu_order":0,"comment_status":"closed","ping_status":"closed","template":"","meta":{"_acf_changed":false,"footnotes":""},"class_list":["post-29868","page","type-page","status-publish","hentry"],"acf":[],"yoast_head":"<!-- This site is optimized with the Yoast SEO plugin v26.2 - https:\/\/yoast.com\/wordpress\/plugins\/seo\/ -->\n<title>Suscripci\u00f3n confirmada - InterContinental Bordeaux<\/title>\n<meta name=\"robots\" content=\"index, follow, max-snippet:-1, max-image-preview:large, max-video-preview:-1\" \/>\n<link rel=\"canonical\" href=\"https:\/\/bordeaux.intercontinental.com\/es\/suscripcion-confirmada\/\" \/>\n<meta property=\"og:locale\" content=\"es_ES\" \/>\n<meta property=\"og:type\" content=\"article\" \/>\n<meta property=\"og:title\" content=\"Suscripci\u00f3n confirmada - InterContinental Bordeaux\" \/>\n<meta property=\"og:description\" content=\"Suscripci\u00f3n confirmada GraciasAhora est\u00e1 suscrito a las comunicaciones por correo electr\u00f3nico del Hotel InterContinental Bordeaux.\" \/>\n<meta property=\"og:url\" content=\"https:\/\/bordeaux.intercontinental.com\/es\/suscripcion-confirmada\/\" \/>\n<meta property=\"og:site_name\" content=\"InterContinental Bordeaux\" \/>\n<meta property=\"article:modified_time\" content=\"2024-02-15T08:41:19+00:00\" \/>\n<meta name=\"twitter:card\" content=\"summary_large_image\" \/>\n<meta name=\"twitter:label1\" content=\"Tiempo de lectura\" \/>\n\t<meta name=\"twitter:data1\" content=\"1 minuto\" \/>\n<script type=\"application\/ld+json\" class=\"yoast-schema-graph\">{\"@context\":\"https:\/\/schema.org\",\"@graph\":[{\"@type\":\"WebPage\",\"@id\":\"https:\/\/bordeaux.intercontinental.com\/es\/suscripcion-confirmada\/\",\"url\":\"https:\/\/bordeaux.intercontinental.com\/es\/suscripcion-confirmada\/\",\"name\":\"Suscripci\u00f3n confirmada - InterContinental Bordeaux\",\"isPartOf\":{\"@id\":\"https:\/\/bordeaux.intercontinental.com\/es\/#website\"},\"datePublished\":\"2022-08-11T13:59:38+00:00\",\"dateModified\":\"2024-02-15T08:41:19+00:00\",\"breadcrumb\":{\"@id\":\"https:\/\/bordeaux.intercontinental.com\/es\/suscripcion-confirmada\/#breadcrumb\"},\"inLanguage\":\"es\",\"potentialAction\":[{\"@type\":\"ReadAction\",\"target\":[\"https:\/\/bordeaux.intercontinental.com\/es\/suscripcion-confirmada\/\"]}]},{\"@type\":\"BreadcrumbList\",\"@id\":\"https:\/\/bordeaux.intercontinental.com\/es\/suscripcion-confirmada\/#breadcrumb\",\"itemListElement\":[{\"@type\":\"ListItem\",\"position\":1,\"name\":\"Inicio\",\"item\":\"https:\/\/bordeaux.intercontinental.com\/es\/\"},{\"@type\":\"ListItem\",\"position\":2,\"name\":\"Suscripci\u00f3n confirmada\"}]},{\"@type\":\"WebSite\",\"@id\":\"https:\/\/bordeaux.intercontinental.com\/es\/#website\",\"url\":\"https:\/\/bordeaux.intercontinental.com\/es\/\",\"name\":\"InterContinental Bordeaux\",\"description\":\"Live the InterContinental Life\",\"publisher\":{\"@id\":\"https:\/\/bordeaux.intercontinental.com\/es\/#organization\"},\"alternateName\":\"InterContinental Bordeaux - Le Grand H\u00f4tel\",\"potentialAction\":[{\"@type\":\"SearchAction\",\"target\":{\"@type\":\"EntryPoint\",\"urlTemplate\":\"https:\/\/bordeaux.intercontinental.com\/es\/?s={search_term_string}\"},\"query-input\":{\"@type\":\"PropertyValueSpecification\",\"valueRequired\":true,\"valueName\":\"search_term_string\"}}],\"inLanguage\":\"es\"},{\"@type\":\"Organization\",\"@id\":\"https:\/\/bordeaux.intercontinental.com\/es\/#organization\",\"name\":\"InterContinental Bordeaux\",\"alternateName\":\"InterContinental Bordeaux - Le Grand H\u00f4tel\",\"url\":\"https:\/\/bordeaux.intercontinental.com\/es\/\",\"logo\":{\"@type\":\"ImageObject\",\"inLanguage\":\"es\",\"@id\":\"https:\/\/bordeaux.intercontinental.com\/es\/#\/schema\/logo\/image\/\",\"url\":\"https:\/\/bordeaux.intercontinental.com\/wp-content\/uploads\/sites\/4\/2023\/08\/logo-ihg-bordeaux-nl.svg\",\"contentUrl\":\"https:\/\/bordeaux.intercontinental.com\/wp-content\/uploads\/sites\/4\/2023\/08\/logo-ihg-bordeaux-nl.svg\",\"caption\":\"InterContinental Bordeaux\"},\"image\":{\"@id\":\"https:\/\/bordeaux.intercontinental.com\/es\/#\/schema\/logo\/image\/\"}}]}<\/script>\n<!-- \/ Yoast SEO plugin. -->","yoast_head_json":{"title":"Suscripci\u00f3n confirmada - InterContinental Bordeaux","robots":{"index":"index","follow":"follow","max-snippet":"max-snippet:-1","max-image-preview":"max-image-preview:large","max-video-preview":"max-video-preview:-1"},"canonical":"https:\/\/bordeaux.intercontinental.com\/es\/suscripcion-confirmada\/","og_locale":"es_ES","og_type":"article","og_title":"Suscripci\u00f3n confirmada - InterContinental Bordeaux","og_description":"Suscripci\u00f3n confirmada GraciasAhora est\u00e1 suscrito a las comunicaciones por correo electr\u00f3nico del Hotel InterContinental Bordeaux.","og_url":"https:\/\/bordeaux.intercontinental.com\/es\/suscripcion-confirmada\/","og_site_name":"InterContinental Bordeaux","article_modified_time":"2024-02-15T08:41:19+00:00","twitter_card":"summary_large_image","twitter_misc":{"Tiempo de lectura":"1 minuto"},"schema":{"@context":"https:\/\/schema.org","@graph":[{"@type":"WebPage","@id":"https:\/\/bordeaux.intercontinental.com\/es\/suscripcion-confirmada\/","url":"https:\/\/bordeaux.intercontinental.com\/es\/suscripcion-confirmada\/","name":"Suscripci\u00f3n confirmada - InterContinental Bordeaux","isPartOf":{"@id":"https:\/\/bordeaux.intercontinental.com\/es\/#website"},"datePublished":"2022-08-11T13:59:38+00:00","dateModified":"2024-02-15T08:41:19+00:00","breadcrumb":{"@id":"https:\/\/bordeaux.intercontinental.com\/es\/suscripcion-confirmada\/#breadcrumb"},"inLanguage":"es","potentialAction":[{"@type":"ReadAction","target":["https:\/\/bordeaux.intercontinental.com\/es\/suscripcion-confirmada\/"]}]},{"@type":"BreadcrumbList","@id":"https:\/\/bordeaux.intercontinental.com\/es\/suscripcion-confirmada\/#breadcrumb","itemListElement":[{"@type":"ListItem","position":1,"name":"Inicio","item":"https:\/\/bordeaux.intercontinental.com\/es\/"},{"@type":"ListItem","position":2,"name":"Suscripci\u00f3n confirmada"}]},{"@type":"WebSite","@id":"https:\/\/bordeaux.intercontinental.com\/es\/#website","url":"https:\/\/bordeaux.intercontinental.com\/es\/","name":"InterContinental Bordeaux","description":"Live the InterContinental Life","publisher":{"@id":"https:\/\/bordeaux.intercontinental.com\/es\/#organization"},"alternateName":"InterContinental Bordeaux - Le Grand H\u00f4tel","potentialAction":[{"@type":"SearchAction","target":{"@type":"EntryPoint","urlTemplate":"https:\/\/bordeaux.intercontinental.com\/es\/?s={search_term_string}"},"query-input":{"@type":"PropertyValueSpecification","valueRequired":true,"valueName":"search_term_string"}}],"inLanguage":"es"},{"@type":"Organization","@id":"https:\/\/bordeaux.intercontinental.com\/es\/#organization","name":"InterContinental Bordeaux","alternateName":"InterContinental Bordeaux - Le Grand H\u00f4tel","url":"https:\/\/bordeaux.intercontinental.com\/es\/","logo":{"@type":"ImageObject","inLanguage":"es","@id":"https:\/\/bordeaux.intercontinental.com\/es\/#\/schema\/logo\/image\/","url":"https:\/\/bordeaux.intercontinental.com\/wp-content\/uploads\/sites\/4\/2023\/08\/logo-ihg-bordeaux-nl.svg","contentUrl":"https:\/\/bordeaux.intercontinental.com\/wp-content\/uploads\/sites\/4\/2023\/08\/logo-ihg-bordeaux-nl.svg","caption":"InterContinental Bordeaux"},"image":{"@id":"https:\/\/bordeaux.intercontinental.com\/es\/#\/schema\/logo\/image\/"}}]}},"_links":{"self":[{"href":"https:\/\/bordeaux.intercontinental.com\/es\/wp-json\/wp\/v2\/pages\/29868","targetHints":{"allow":["GET"]}}],"collection":[{"href":"https:\/\/bordeaux.intercontinental.com\/es\/wp-json\/wp\/v2\/pages"}],"about":[{"href":"https:\/\/bordeaux.intercontinental.com\/es\/wp-json\/wp\/v2\/types\/page"}],"author":[{"embeddable":true,"href":"https:\/\/bordeaux.intercontinental.com\/es\/wp-json\/wp\/v2\/users\/1"}],"replies":[{"embeddable":true,"href":"https:\/\/bordeaux.intercontinental.com\/es\/wp-json\/wp\/v2\/comments?post=29868"}],"version-history":[{"count":0,"href":"https:\/\/bordeaux.intercontinental.com\/es\/wp-json\/wp\/v2\/pages\/29868\/revisions"}],"wp:attachment":[{"href":"https:\/\/bordeaux.intercontinental.com\/es\/wp-json\/wp\/v2\/media?parent=29868"}],"curies":[{"name":"wp","href":"https:\/\/api.w.org\/{rel}","templated":true}]}}