{"id":29866,"date":"2022-08-11T16:04:16","date_gmt":"2022-08-11T14:04:16","guid":{"rendered":"https:\/\/bordeaux.intercontinental.com\/?page_id=29866"},"modified":"2024-02-15T09:39:41","modified_gmt":"2024-02-15T08:39:41","slug":"suscribirse","status":"publish","type":"page","link":"https:\/\/bordeaux.intercontinental.com\/es\/suscribirse\/","title":{"rendered":"SUSCRIBIRSE"},"content":{"rendered":"\n<div class=\"wp-block-columns is-layout-flex wp-container-core-columns-is-layout-28f84493 wp-block-columns-is-layout-flex\">\n<div class=\"wp-block-column is-layout-flow wp-block-column-is-layout-flow\" style=\"flex-basis:15%\"><\/div>\n\n\n\n<div class=\"wp-block-column is-layout-flow wp-block-column-is-layout-flow\">\n<div style=\"height:30px\" aria-hidden=\"true\" class=\"wp-block-spacer\"><\/div>\n\n\n\n<h2 class=\"wp-block-heading has-text-align-center\">SUSCRIBIRSE<\/h2>\n\n\n\n<p class=\"has-text-align-center\">Subscr\u00edbase a nuestra newsletter para recibir ofertas especiales y promociones del Hotel InterContinental Bordeaux.<\/p>\n\n\n\n\t\t\t<form id=\"sib_signup_form_3\" method=\"post\" class=\"sib_signup_form\">\n\t\t\t\t<div class=\"sib_loader\" style=\"display:none;\"><img\n\t\t\t\t\t\t\tsrc=\"https:\/\/bordeaux.intercontinental.com\/wp-includes\/images\/spinner.gif\" alt=\"loader\"><\/div>\n\t\t\t\t<input type=\"hidden\" name=\"sib_form_action\" value=\"subscribe_form_submit\">\n\t\t\t\t<input type=\"hidden\" name=\"sib_form_id\" value=\"3\">\n                <input type=\"hidden\" name=\"sib_form_alert_notice\" value=\"Rellene este campo\">\n                <input type=\"hidden\" name=\"sib_form_invalid_email_notice\" value=\"Su direcci\u00f3n de correo electr\u00f3nico no es v\u00e1lida\">\n                <input type=\"hidden\" name=\"sib_security\" value=\"21e4a73775\">\n\t\t\t\t<div class=\"sib_signup_box_inside_3\">\n\t\t\t\t\t<div style=\"\/*display:none*\/\" class=\"sib_msg_disp\">\n\t\t\t\t\t<\/div>\n                    \t\t\t\t\t<div class=\"container my-5\">\r\n<div class=\"row justify-content-center\">\r\n<div class=\"col-lg-5\">\r\n<p class=\"d-flex flex-column sib-email-area\">\r\n    Correo electr\u00f3nico*\r\n    <input type=\"email\" class=\"sib-email-area\" name=\"email\" placeholder=\"Direcci\u00f3n de correo electr\u00f3nico\" required=\"required\">\r\n<\/p>\r\n<p class=\"text-center\" style=\"font-size:14px;display: flex;flex-direction: column\">\r\n<\/span>No se enviar\u00e1 con m\u00e1s frecuencia que una vez al mes. *<\/span>\r\n<span>Puede darse de baja en cualquier momento haciendo clic en el enlace para darse de baja que aparece en la parte inferior de nuestros correos electr\u00f3nicos..<\/span>\r\n<span><i>(* excepto ofertas y eventos especiales)<\/i><\/span>\r\n<\/p>\r\n\r\n<div class=\"wp-block-button\">\r\n    <input type=\"submit\" class=\"wp-block-button__link mx-auto\" value=\"Suscr\u00edbase\">\r\n<\/div>\r\n<\/div>\r\n<\/div>\r\n<\/div>\t\t\t\t<\/div>\n\t\t\t<\/form>\n\t\t\t<style>\n\t\t\t\tform#sib_signup_form_3 p.sib-alert-message {\n    padding: 6px 12px;\n    margin-bottom: 20px;\n    border: 1px solid transparent;\n    border-radius: 4px;\n    -webkit-box-sizing: border-box;\n    -moz-box-sizing: border-box;\n    box-sizing: border-box;\n}\nform#sib_signup_form_3 p.sib-alert-message-error {\n    background-color: #f2dede;\n    border-color: #ebccd1;\n    color: #a94442;\n}\nform#sib_signup_form_3 p.sib-alert-message-success {\n    background-color: #dff0d8;\n    border-color: #d6e9c6;\n    color: #3c763d;\n}\nform#sib_signup_form_3 p.sib-alert-message-warning {\n    background-color: #fcf8e3;\n    border-color: #faebcc;\n    color: #8a6d3b;\n}\n\t\t\t<\/style>\n\t\t\t\n<\/div>\n\n\n\n<div class=\"wp-block-column is-layout-flow wp-block-column-is-layout-flow\" style=\"flex-basis:15%\"><\/div>\n<\/div>\n","protected":false},"excerpt":{"rendered":"<p>SUSCRIBIRSE Subscr\u00edbase a nuestra newsletter para recibir ofertas especiales y promociones del Hotel InterContinental Bordeaux.<\/p>\n","protected":false},"author":1,"featured_media":0,"parent":0,"menu_order":0,"comment_status":"closed","ping_status":"closed","template":"","meta":{"_acf_changed":false,"footnotes":""},"class_list":["post-29866","page","type-page","status-publish","hentry"],"acf":[],"yoast_head":"<!-- This site is optimized with the Yoast SEO plugin v26.2 - https:\/\/yoast.com\/wordpress\/plugins\/seo\/ -->\n<title>SUSCRIBIRSE - InterContinental Bordeaux<\/title>\n<meta name=\"robots\" content=\"index, follow, max-snippet:-1, max-image-preview:large, max-video-preview:-1\" \/>\n<link rel=\"canonical\" href=\"https:\/\/bordeaux.intercontinental.com\/es\/suscribirse\/\" \/>\n<meta property=\"og:locale\" content=\"es_ES\" \/>\n<meta property=\"og:type\" content=\"article\" \/>\n<meta property=\"og:title\" content=\"SUSCRIBIRSE - InterContinental Bordeaux\" \/>\n<meta property=\"og:description\" content=\"SUSCRIBIRSE Subscr\u00edbase a nuestra newsletter para recibir ofertas especiales y promociones del Hotel InterContinental Bordeaux.\" \/>\n<meta property=\"og:url\" content=\"https:\/\/bordeaux.intercontinental.com\/es\/suscribirse\/\" \/>\n<meta property=\"og:site_name\" content=\"InterContinental Bordeaux\" \/>\n<meta property=\"article:modified_time\" content=\"2024-02-15T08:39:41+00:00\" \/>\n<meta name=\"twitter:card\" content=\"summary_large_image\" \/>\n<meta name=\"twitter:label1\" content=\"Tiempo de lectura\" \/>\n\t<meta name=\"twitter:data1\" content=\"1 minuto\" \/>\n<script type=\"application\/ld+json\" class=\"yoast-schema-graph\">{\"@context\":\"https:\/\/schema.org\",\"@graph\":[{\"@type\":\"WebPage\",\"@id\":\"https:\/\/bordeaux.intercontinental.com\/es\/suscribirse\/\",\"url\":\"https:\/\/bordeaux.intercontinental.com\/es\/suscribirse\/\",\"name\":\"SUSCRIBIRSE - InterContinental Bordeaux\",\"isPartOf\":{\"@id\":\"https:\/\/bordeaux.intercontinental.com\/es\/#website\"},\"datePublished\":\"2022-08-11T14:04:16+00:00\",\"dateModified\":\"2024-02-15T08:39:41+00:00\",\"breadcrumb\":{\"@id\":\"https:\/\/bordeaux.intercontinental.com\/es\/suscribirse\/#breadcrumb\"},\"inLanguage\":\"es\",\"potentialAction\":[{\"@type\":\"ReadAction\",\"target\":[\"https:\/\/bordeaux.intercontinental.com\/es\/suscribirse\/\"]}]},{\"@type\":\"BreadcrumbList\",\"@id\":\"https:\/\/bordeaux.intercontinental.com\/es\/suscribirse\/#breadcrumb\",\"itemListElement\":[{\"@type\":\"ListItem\",\"position\":1,\"name\":\"Inicio\",\"item\":\"https:\/\/bordeaux.intercontinental.com\/es\/\"},{\"@type\":\"ListItem\",\"position\":2,\"name\":\"SUSCRIBIRSE\"}]},{\"@type\":\"WebSite\",\"@id\":\"https:\/\/bordeaux.intercontinental.com\/es\/#website\",\"url\":\"https:\/\/bordeaux.intercontinental.com\/es\/\",\"name\":\"InterContinental Bordeaux\",\"description\":\"Live the InterContinental Life\",\"publisher\":{\"@id\":\"https:\/\/bordeaux.intercontinental.com\/es\/#organization\"},\"alternateName\":\"InterContinental Bordeaux - Le Grand H\u00f4tel\",\"potentialAction\":[{\"@type\":\"SearchAction\",\"target\":{\"@type\":\"EntryPoint\",\"urlTemplate\":\"https:\/\/bordeaux.intercontinental.com\/es\/?s={search_term_string}\"},\"query-input\":{\"@type\":\"PropertyValueSpecification\",\"valueRequired\":true,\"valueName\":\"search_term_string\"}}],\"inLanguage\":\"es\"},{\"@type\":\"Organization\",\"@id\":\"https:\/\/bordeaux.intercontinental.com\/es\/#organization\",\"name\":\"InterContinental Bordeaux\",\"alternateName\":\"InterContinental Bordeaux - Le Grand H\u00f4tel\",\"url\":\"https:\/\/bordeaux.intercontinental.com\/es\/\",\"logo\":{\"@type\":\"ImageObject\",\"inLanguage\":\"es\",\"@id\":\"https:\/\/bordeaux.intercontinental.com\/es\/#\/schema\/logo\/image\/\",\"url\":\"https:\/\/bordeaux.intercontinental.com\/wp-content\/uploads\/sites\/4\/2023\/08\/logo-ihg-bordeaux-nl.svg\",\"contentUrl\":\"https:\/\/bordeaux.intercontinental.com\/wp-content\/uploads\/sites\/4\/2023\/08\/logo-ihg-bordeaux-nl.svg\",\"caption\":\"InterContinental Bordeaux\"},\"image\":{\"@id\":\"https:\/\/bordeaux.intercontinental.com\/es\/#\/schema\/logo\/image\/\"}}]}<\/script>\n<!-- \/ Yoast SEO plugin. -->","yoast_head_json":{"title":"SUSCRIBIRSE - InterContinental Bordeaux","robots":{"index":"index","follow":"follow","max-snippet":"max-snippet:-1","max-image-preview":"max-image-preview:large","max-video-preview":"max-video-preview:-1"},"canonical":"https:\/\/bordeaux.intercontinental.com\/es\/suscribirse\/","og_locale":"es_ES","og_type":"article","og_title":"SUSCRIBIRSE - InterContinental Bordeaux","og_description":"SUSCRIBIRSE Subscr\u00edbase a nuestra newsletter para recibir ofertas especiales y promociones del Hotel InterContinental Bordeaux.","og_url":"https:\/\/bordeaux.intercontinental.com\/es\/suscribirse\/","og_site_name":"InterContinental Bordeaux","article_modified_time":"2024-02-15T08:39:41+00:00","twitter_card":"summary_large_image","twitter_misc":{"Tiempo de lectura":"1 minuto"},"schema":{"@context":"https:\/\/schema.org","@graph":[{"@type":"WebPage","@id":"https:\/\/bordeaux.intercontinental.com\/es\/suscribirse\/","url":"https:\/\/bordeaux.intercontinental.com\/es\/suscribirse\/","name":"SUSCRIBIRSE - InterContinental Bordeaux","isPartOf":{"@id":"https:\/\/bordeaux.intercontinental.com\/es\/#website"},"datePublished":"2022-08-11T14:04:16+00:00","dateModified":"2024-02-15T08:39:41+00:00","breadcrumb":{"@id":"https:\/\/bordeaux.intercontinental.com\/es\/suscribirse\/#breadcrumb"},"inLanguage":"es","potentialAction":[{"@type":"ReadAction","target":["https:\/\/bordeaux.intercontinental.com\/es\/suscribirse\/"]}]},{"@type":"BreadcrumbList","@id":"https:\/\/bordeaux.intercontinental.com\/es\/suscribirse\/#breadcrumb","itemListElement":[{"@type":"ListItem","position":1,"name":"Inicio","item":"https:\/\/bordeaux.intercontinental.com\/es\/"},{"@type":"ListItem","position":2,"name":"SUSCRIBIRSE"}]},{"@type":"WebSite","@id":"https:\/\/bordeaux.intercontinental.com\/es\/#website","url":"https:\/\/bordeaux.intercontinental.com\/es\/","name":"InterContinental Bordeaux","description":"Live the InterContinental Life","publisher":{"@id":"https:\/\/bordeaux.intercontinental.com\/es\/#organization"},"alternateName":"InterContinental Bordeaux - Le Grand H\u00f4tel","potentialAction":[{"@type":"SearchAction","target":{"@type":"EntryPoint","urlTemplate":"https:\/\/bordeaux.intercontinental.com\/es\/?s={search_term_string}"},"query-input":{"@type":"PropertyValueSpecification","valueRequired":true,"valueName":"search_term_string"}}],"inLanguage":"es"},{"@type":"Organization","@id":"https:\/\/bordeaux.intercontinental.com\/es\/#organization","name":"InterContinental Bordeaux","alternateName":"InterContinental Bordeaux - Le Grand H\u00f4tel","url":"https:\/\/bordeaux.intercontinental.com\/es\/","logo":{"@type":"ImageObject","inLanguage":"es","@id":"https:\/\/bordeaux.intercontinental.com\/es\/#\/schema\/logo\/image\/","url":"https:\/\/bordeaux.intercontinental.com\/wp-content\/uploads\/sites\/4\/2023\/08\/logo-ihg-bordeaux-nl.svg","contentUrl":"https:\/\/bordeaux.intercontinental.com\/wp-content\/uploads\/sites\/4\/2023\/08\/logo-ihg-bordeaux-nl.svg","caption":"InterContinental Bordeaux"},"image":{"@id":"https:\/\/bordeaux.intercontinental.com\/es\/#\/schema\/logo\/image\/"}}]}},"_links":{"self":[{"href":"https:\/\/bordeaux.intercontinental.com\/es\/wp-json\/wp\/v2\/pages\/29866","targetHints":{"allow":["GET"]}}],"collection":[{"href":"https:\/\/bordeaux.intercontinental.com\/es\/wp-json\/wp\/v2\/pages"}],"about":[{"href":"https:\/\/bordeaux.intercontinental.com\/es\/wp-json\/wp\/v2\/types\/page"}],"author":[{"embeddable":true,"href":"https:\/\/bordeaux.intercontinental.com\/es\/wp-json\/wp\/v2\/users\/1"}],"replies":[{"embeddable":true,"href":"https:\/\/bordeaux.intercontinental.com\/es\/wp-json\/wp\/v2\/comments?post=29866"}],"version-history":[{"count":0,"href":"https:\/\/bordeaux.intercontinental.com\/es\/wp-json\/wp\/v2\/pages\/29866\/revisions"}],"wp:attachment":[{"href":"https:\/\/bordeaux.intercontinental.com\/es\/wp-json\/wp\/v2\/media?parent=29866"}],"curies":[{"name":"wp","href":"https:\/\/api.w.org\/{rel}","templated":true}]}}