{"id":29853,"date":"2022-08-09T17:05:11","date_gmt":"2022-08-09T15:05:11","guid":{"rendered":"https:\/\/bordeaux.intercontinental.com\/?page_id=29853"},"modified":"2026-03-25T17:55:51","modified_gmt":"2026-03-25T16:55:51","slug":"menciones-legales","status":"publish","type":"page","link":"https:\/\/bordeaux.intercontinental.com\/es\/menciones-legales\/","title":{"rendered":"Menciones legales"},"content":{"rendered":"\n<div class=\"wp-block-columns is-layout-flex wp-container-core-columns-is-layout-28f84493 wp-block-columns-is-layout-flex\">\n<div class=\"wp-block-column is-layout-flow wp-block-column-is-layout-flow\" style=\"flex-basis:15%\"><\/div>\n\n\n\n<div class=\"wp-block-column is-layout-flow wp-block-column-is-layout-flow\">\n<div style=\"height:30px\" aria-hidden=\"true\" class=\"wp-block-spacer\"><\/div>\n\n\n\n<h1 class=\"wp-block-heading\">Menciones legales<\/h1>\n\n\n\n<h3 class=\"wp-block-heading has-text-align-left\">Director de publicaci\u00f3n<\/h3>\n\n\n\n<p>InterContinental Bordeaux \u2013 Le Grand Hotel<br>Direction: SALES &amp; MARKETING<\/p>\n\n\n\n<h3 class=\"wp-block-heading\">Identification de l\u2019\u00e9diteur du site<\/h3>\n\n\n\n<p><strong>Raison sociale :<\/strong>&nbsp;GRAND HOTEL DE BORDEAUX SAS<br><strong>Capital social:<\/strong> 238 200,00 \u20ac<br><strong>Si\u00e8ge social :<\/strong>&nbsp;2 Cours de l&#8217;Intendance, 33000 Bordeaux<br><strong>SIREN :<\/strong>&nbsp;438 967 416<br><strong>SIRET :<\/strong>&nbsp;438 967 416 00043<br><strong>RCS<\/strong>&nbsp;: 438 967 416 R.C.S. Bordeaux<br><strong>Code APE :<\/strong>&nbsp;5510Z<br><strong>TVA Intracommunautaire :&nbsp;<\/strong>FR93438967416<\/p>\n\n\n\n<p><strong>Email <\/strong>: info2@ic-bordeaux.com<br><strong>T\u00e9l\u00e9phone <\/strong>: <strong>&nbsp;<\/strong><a href=\"https:\/\/www.google.com\/search?q=interContinental+Bordeaux&amp;rlz=1C1GCEB_enFR1022FR1022&amp;oq=interContinental+Bordeaux+&amp;gs_lcrp=EgZjaHJvbWUyBggAEEUYOTIGCAEQRRg8Mg4IAhBFGCcYOxiABBiKBTIHCAMQABiABDIWCAQQLhivARjHARiABBiYBRiZBRieBTIGCAUQRRhBMgYIBhBFGDwyBggHEEUYQdIBCDQyNTVqMGo3qAIIsAIB8QWyLaMvbwuZzA&amp;sourceid=chrome&amp;ie=UTF-8#\">05 57 30 44 44<\/a><\/p>\n\n\n\n<h3 class=\"wp-block-heading has-text-align-left\">Cr\u00e9ditos fotogr\u00e1ficos<\/h3>\n\n\n\n<p>Julie Rey | Alain Caboche | Guy Charneau | Lucky Studio | Studio Gabin | Spa Guerlain | Julien Faure | Eric Cuvillier | Yoris Photographer | Taylor Yandell | Jules Fiol | Frederic Guy | Carla Gradiski | Artiste Associ\u00e9-Photographes |Elisabeth Delsol | Phototh\u00e8que Bordeaux Tourisme | Vincent Bengold | Mathieu Mamontoff | Rodolphe Escher | Claude Prigent | Studio Deepix | LWC | C. Couly | Thomas sanson | Rambert | C\u00e9line Lescure | Val\u00e9rie Saiveau | Brinkpeter | GentlemanClassicCars | Caroline Blumberg |David &amp; David | Que la f\u00eate commence | Plume et Caramel | Crea Fete-J event | Once upon a time | @YorisPhotographe |&nbsp;Louis Vizet | Emma Tournier | Antoine Bonin<\/p>\n\n\n\n<p>Todo el contenido de este sitio est\u00e1 sujeto a la legislaci\u00f3n francesa e internacional sobre derechos de autor y propiedad intelectual. Todos los derechos de reproducci\u00f3n est\u00e1n reservados.<\/p>\n\n\n\n<h3 class=\"wp-block-heading has-text-align-left\">Dise\u00f1o y realizaci\u00f3n del sitio<\/h3>\n\n\n\n<p><a rel=\"noreferrer noopener\" href=\"https:\/\/netsive.com\/\" target=\"_blank\">Netsive Agence Marketing &amp; Communication<\/a><br>8 Zone Industrielle Am Bruch,<br>3327 Crauthem,<br>Luxembourg<\/p>\n\n\n\n<h3 class=\"wp-block-heading has-text-align-left\">Alojamiento<\/h3>\n\n\n\n<p>Netsive Agence Marketing &amp; Communication<br>8 Zone Industrielle Am Bruch,<br>3327 Crauthem,<br>Luxembourg<\/p>\n\n\n\n<h3 class=\"wp-block-heading has-text-align-left\">L\u00edmite de responsabilidad<\/h3>\n\n\n\n<p>El usuario reconoce haber le\u00eddo y aceptado las presentes condiciones de uso.<\/p>\n\n\n\n<p>El usuario https:\/\/bordeaux.intercontinental.com del sitio reconoce tener la competencia y los medios necesarios para acceder y utilizar este sitio. El internauta reconoce haber verificado que la configuraci\u00f3n inform\u00e1tica utilizada no contiene ning\u00fan virus y que est\u00e1 en perfecto estado de funcionamiento.<\/p>\n\n\n\n<p>&nbsp;El sitio  se esfuerza por ofrecer a sus usuarios informaci\u00f3n y\/o herramientas disponibles y verificadas, pero no se hace responsable de errores o de la falta de disponibilidad de las funcionalidades.<\/p>\n\n\n\n<h3 class=\"wp-block-heading has-text-align-left\">Propiedad intelectual<\/h3>\n\n\n\n<p>La estructura general, as\u00ed como los programas inform\u00e1ticos, textos, im\u00e1genes (animadas o no), know-how y todos los dem\u00e1s elementos que componen el sitio son propiedad exclusiva de InterContinental Bordeaux &#8211; Le Grand Hotel. Cualquier representaci\u00f3n total o parcial de este sitio por cualquier persona sin la autorizaci\u00f3n expresa de InterContinental Bordeaux &#8211; Le Grand Hotel est\u00e1 prohibida y constituye una infracci\u00f3n sancionada por los art\u00edculos L. 335-2 y siguientes del C\u00f3digo de la Propiedad Intelectual franc\u00e9s.<\/p>\n\n\n\n<h3 class=\"wp-block-heading has-text-align-left\">Inform\u00e1tica y libertades civiles<\/h3>\n\n\n\n<p>El sitio web https:\/\/bordeaux.intercontinental.com ha recibido un dictamen favorable de la Comisi\u00f3n de Inform\u00e1tica y Libertades (CNIL). De conformidad con los art\u00edculos 26 y 27 de la Ley francesa n\u00ba 78-17, de 6 de enero de 1978, de protecci\u00f3n de datos, los usuarios pueden oponerse (total o parcialmente) a la difusi\u00f3n de informaci\u00f3n sobre ellos en este sitio. Todo suscriptor de nuestro bolet\u00edn puede ejercer su derecho de acceso y rectificaci\u00f3n de los datos que le conciernen dirigi\u00e9ndose a InterContinental Bordeaux &#8211; Le Grand Hotel.<\/p>\n\n\n\n<p>Cada usuario del sitio dispone de un derecho de acceso (art\u00edculo 34 a 38, Ley N\u00b078-17 \u00abInformatiques et Libert\u00e9s\u00bb de 6 de enero de 1978 modificada por la ley de 6 de agosto de 2004) y de un derecho de rectificaci\u00f3n y supresi\u00f3n (art\u00edculo 36) de los datos personales que le conciernen. El usuario puede solicitar que se rectifique, complete, aclare, actualice o suprima cualquier informaci\u00f3n que le concierna que sea inexacta, incompleta, obsoleta o cuyo uso, comunicaci\u00f3n o almacenamiento est\u00e9 prohibido. Los usuarios pueden ejercer este derecho en cualquier momento poni\u00e9ndose en contacto con nosotros a trav\u00e9s del formulario de nuestra p\u00e1gina de contacto.<\/p>\n\n\n\n<h3 class=\"wp-block-heading has-text-align-left\">Software y herramientas estad\u00edsticas<\/h3>\n\n\n\n<p>El sitio web utiliza Google Analytics, un servicio de an\u00e1lisis web prestado por Google Inc.<br>El m\u00f3dulo de Google Analytics integrado en el sitio utiliza cookies, que son archivos de texto ubicados en los ordenadores de los usuarios (en el navegador web), para ayudar a analizar la audiencia y el uso del sitio por parte de los internautas.<\/p>\n\n\n\n<p>La informaci\u00f3n que genera la cookie acerca de su uso del website (incluyendo su direcci\u00f3n IP) ser\u00e1 directamente transmitida y archivada por Google en los servidores de Estados Unidos. Google usar\u00e1 esta informaci\u00f3n por cuenta nuestra con el prop\u00f3sito de seguir la pista de su uso del website, recopilando informes de la actividad del website y prestando otros servicios relacionados con la actividad del website y el uso de Internet.<\/p>\n\n\n\n<p>Google podr\u00e1 transmitir dicha informaci\u00f3n a terceros cuando as\u00ed se lo requiera la legislaci\u00f3n, o cuando dichos terceros procesen la informaci\u00f3n por cuenta de Google, incluyendo, en particular, el editor del sitio web https:\/\/bordeaux.intercontinental.com.<\/p>\n\n\n\n<p>Google no asociar\u00e1 su direcci\u00f3n IP con ning\u00fan otro dato del que disponga Google.<br>Puede Usted rechazar el tratamiento de los datos o la informaci\u00f3n rechazando el uso de cookies mediante la selecci\u00f3n de la configuraci\u00f3n apropiada de su navegador, sin embargo, debe Usted saber que si lo hace puede ser que no pueda usar la plena funcionabilidad de este website. No obstante, dicha desactivaci\u00f3n puede impedir el uso de determinadas funcionalidades de este sitio. Al utilizar este sitio web, el usuario consiente expresamente el tratamiento de informaci\u00f3n acerca de \u00e9l por Google en la forma y para los fines arriba indicados.<\/p>\n\n\n\n<h3 class=\"wp-block-heading has-text-align-left\">Legislaci\u00f3n aplicable en caso de litigio<\/h3>\n\n\n\n<p>Una vez que haya remitido el asunto al departamento afectado por su desacuerdo comercial con el establecimiento, y si no ha recibido una respuesta satisfactoria en el plazo de 3 semanas, puede remitir el asunto al responsable de mediaci\u00f3n Jean Pierre Teyssier, cuyos datos de contacto y procedimientos est\u00e1n disponibles en su p\u00e1gina web: www.mtv.travel.<\/p>\n\n\n\n<p><em>Direcci\u00f3n postal: M\u00e9diation Tourisme et Voyage<\/em><\/p>\n\n\n\n<p><em>BP 80 303 75 823<\/em><\/p>\n\n\n\n<p><em>Paris Cedex 17<\/em><\/p>\n\n\n\n<h3 class=\"wp-block-heading has-text-align-left\">Igualdad de g\u00e9nero<\/h3>\n\n\n\n<p>InterContinental Bordeaux &#8211; Le Grand H\u00f4tel ha obtenido una puntuaci\u00f3n de 86\/100. Podemos estar orgullosos de esta puntuaci\u00f3n, que confirma que las pol\u00edticas que hemos puesto en marcha est\u00e1n teniendo un impacto positivo y posicionan al InterContinental Bordeaux &#8211; Le Grand H\u00f4tel como un empleador responsable y comprometido con la igualdad de g\u00e9nero.<\/p>\n\n\n\n<p>Nuestro hotel mantendr\u00e1 su compromiso con la igualdad profesional.<\/p>\n<\/div>\n\n\n\n<div class=\"wp-block-column is-layout-flow wp-block-column-is-layout-flow\" style=\"flex-basis:15%\"><\/div>\n<\/div>\n","protected":false},"excerpt":{"rendered":"<p>Menciones legales Director de publicaci\u00f3n InterContinental Bordeaux \u2013 Le Grand HotelDirection: SALES &amp; MARKETING Identification de l\u2019\u00e9diteur du site Raison sociale :&nbsp;GRAND HOTEL DE BORDEAUX SASCapital social: 238 200,00 \u20acSi\u00e8ge social :&nbsp;2 Cours de l&#8217;Intendance, 33000 BordeauxSIREN :&nbsp;438 967 416SIRET [&hellip;]<\/p>\n","protected":false},"author":1,"featured_media":0,"parent":0,"menu_order":0,"comment_status":"closed","ping_status":"closed","template":"","meta":{"_acf_changed":false,"footnotes":""},"class_list":["post-29853","page","type-page","status-publish","hentry"],"acf":[],"yoast_head":"<!-- This site is optimized with the Yoast SEO plugin v26.2 - https:\/\/yoast.com\/wordpress\/plugins\/seo\/ -->\n<title>Menciones legales - InterContinental Bordeaux<\/title>\n<meta name=\"robots\" content=\"index, follow, max-snippet:-1, max-image-preview:large, max-video-preview:-1\" \/>\n<link rel=\"canonical\" href=\"https:\/\/bordeaux.intercontinental.com\/es\/menciones-legales\/\" \/>\n<meta property=\"og:locale\" content=\"es_ES\" \/>\n<meta property=\"og:type\" content=\"article\" \/>\n<meta property=\"og:title\" content=\"Menciones legales - InterContinental Bordeaux\" \/>\n<meta property=\"og:description\" content=\"Menciones legales Director de publicaci\u00f3n InterContinental Bordeaux \u2013 Le Grand HotelDirection: SALES &amp; MARKETING Identification de l\u2019\u00e9diteur du site Raison sociale :&nbsp;GRAND HOTEL DE BORDEAUX SASCapital social: 238 200,00 \u20acSi\u00e8ge social :&nbsp;2 Cours de l&#8217;Intendance, 33000 BordeauxSIREN :&nbsp;438 967 416SIRET [&hellip;]\" \/>\n<meta property=\"og:url\" content=\"https:\/\/bordeaux.intercontinental.com\/es\/menciones-legales\/\" \/>\n<meta property=\"og:site_name\" content=\"InterContinental Bordeaux\" \/>\n<meta property=\"article:modified_time\" content=\"2026-03-25T16:55:51+00:00\" \/>\n<meta name=\"twitter:card\" content=\"summary_large_image\" \/>\n<meta name=\"twitter:label1\" content=\"Tiempo de lectura\" \/>\n\t<meta name=\"twitter:data1\" content=\"6 minutos\" \/>\n<script type=\"application\/ld+json\" class=\"yoast-schema-graph\">{\"@context\":\"https:\/\/schema.org\",\"@graph\":[{\"@type\":\"WebPage\",\"@id\":\"https:\/\/bordeaux.intercontinental.com\/es\/menciones-legales\/\",\"url\":\"https:\/\/bordeaux.intercontinental.com\/es\/menciones-legales\/\",\"name\":\"Menciones legales - InterContinental Bordeaux\",\"isPartOf\":{\"@id\":\"https:\/\/bordeaux.intercontinental.com\/#website\"},\"datePublished\":\"2022-08-09T15:05:11+00:00\",\"dateModified\":\"2026-03-25T16:55:51+00:00\",\"breadcrumb\":{\"@id\":\"https:\/\/bordeaux.intercontinental.com\/es\/menciones-legales\/#breadcrumb\"},\"inLanguage\":\"es\",\"potentialAction\":[{\"@type\":\"ReadAction\",\"target\":[\"https:\/\/bordeaux.intercontinental.com\/es\/menciones-legales\/\"]}]},{\"@type\":\"BreadcrumbList\",\"@id\":\"https:\/\/bordeaux.intercontinental.com\/es\/menciones-legales\/#breadcrumb\",\"itemListElement\":[{\"@type\":\"ListItem\",\"position\":1,\"name\":\"Inicio\",\"item\":\"https:\/\/bordeaux.intercontinental.com\/es\/\"},{\"@type\":\"ListItem\",\"position\":2,\"name\":\"Menciones legales\"}]},{\"@type\":\"WebSite\",\"@id\":\"https:\/\/bordeaux.intercontinental.com\/#website\",\"url\":\"https:\/\/bordeaux.intercontinental.com\/\",\"name\":\"InterContinental Bordeaux\",\"description\":\"Live the InterContinental Life\",\"publisher\":{\"@id\":\"https:\/\/bordeaux.intercontinental.com\/#organization\"},\"alternateName\":\"InterContinental Bordeaux - Le Grand H\u00f4tel\",\"potentialAction\":[{\"@type\":\"SearchAction\",\"target\":{\"@type\":\"EntryPoint\",\"urlTemplate\":\"https:\/\/bordeaux.intercontinental.com\/?s={search_term_string}\"},\"query-input\":{\"@type\":\"PropertyValueSpecification\",\"valueRequired\":true,\"valueName\":\"search_term_string\"}}],\"inLanguage\":\"es\"},{\"@type\":\"Organization\",\"@id\":\"https:\/\/bordeaux.intercontinental.com\/#organization\",\"name\":\"InterContinental Bordeaux\",\"alternateName\":\"InterContinental Bordeaux - Le Grand H\u00f4tel\",\"url\":\"https:\/\/bordeaux.intercontinental.com\/\",\"logo\":{\"@type\":\"ImageObject\",\"inLanguage\":\"es\",\"@id\":\"https:\/\/bordeaux.intercontinental.com\/#\/schema\/logo\/image\/\",\"url\":\"https:\/\/bordeaux.intercontinental.com\/wp-content\/uploads\/sites\/4\/2023\/08\/logo-ihg-bordeaux-nl.svg\",\"contentUrl\":\"https:\/\/bordeaux.intercontinental.com\/wp-content\/uploads\/sites\/4\/2023\/08\/logo-ihg-bordeaux-nl.svg\",\"caption\":\"InterContinental Bordeaux\"},\"image\":{\"@id\":\"https:\/\/bordeaux.intercontinental.com\/#\/schema\/logo\/image\/\"}}]}<\/script>\n<!-- \/ Yoast SEO plugin. -->","yoast_head_json":{"title":"Menciones legales - InterContinental Bordeaux","robots":{"index":"index","follow":"follow","max-snippet":"max-snippet:-1","max-image-preview":"max-image-preview:large","max-video-preview":"max-video-preview:-1"},"canonical":"https:\/\/bordeaux.intercontinental.com\/es\/menciones-legales\/","og_locale":"es_ES","og_type":"article","og_title":"Menciones legales - InterContinental Bordeaux","og_description":"Menciones legales Director de publicaci\u00f3n InterContinental Bordeaux \u2013 Le Grand HotelDirection: SALES &amp; MARKETING Identification de l\u2019\u00e9diteur du site Raison sociale :&nbsp;GRAND HOTEL DE BORDEAUX SASCapital social: 238 200,00 \u20acSi\u00e8ge social :&nbsp;2 Cours de l&#8217;Intendance, 33000 BordeauxSIREN :&nbsp;438 967 416SIRET [&hellip;]","og_url":"https:\/\/bordeaux.intercontinental.com\/es\/menciones-legales\/","og_site_name":"InterContinental Bordeaux","article_modified_time":"2026-03-25T16:55:51+00:00","twitter_card":"summary_large_image","twitter_misc":{"Tiempo de lectura":"6 minutos"},"schema":{"@context":"https:\/\/schema.org","@graph":[{"@type":"WebPage","@id":"https:\/\/bordeaux.intercontinental.com\/es\/menciones-legales\/","url":"https:\/\/bordeaux.intercontinental.com\/es\/menciones-legales\/","name":"Menciones legales - InterContinental Bordeaux","isPartOf":{"@id":"https:\/\/bordeaux.intercontinental.com\/#website"},"datePublished":"2022-08-09T15:05:11+00:00","dateModified":"2026-03-25T16:55:51+00:00","breadcrumb":{"@id":"https:\/\/bordeaux.intercontinental.com\/es\/menciones-legales\/#breadcrumb"},"inLanguage":"es","potentialAction":[{"@type":"ReadAction","target":["https:\/\/bordeaux.intercontinental.com\/es\/menciones-legales\/"]}]},{"@type":"BreadcrumbList","@id":"https:\/\/bordeaux.intercontinental.com\/es\/menciones-legales\/#breadcrumb","itemListElement":[{"@type":"ListItem","position":1,"name":"Inicio","item":"https:\/\/bordeaux.intercontinental.com\/es\/"},{"@type":"ListItem","position":2,"name":"Menciones legales"}]},{"@type":"WebSite","@id":"https:\/\/bordeaux.intercontinental.com\/#website","url":"https:\/\/bordeaux.intercontinental.com\/","name":"InterContinental Bordeaux","description":"Live the InterContinental Life","publisher":{"@id":"https:\/\/bordeaux.intercontinental.com\/#organization"},"alternateName":"InterContinental Bordeaux - Le Grand H\u00f4tel","potentialAction":[{"@type":"SearchAction","target":{"@type":"EntryPoint","urlTemplate":"https:\/\/bordeaux.intercontinental.com\/?s={search_term_string}"},"query-input":{"@type":"PropertyValueSpecification","valueRequired":true,"valueName":"search_term_string"}}],"inLanguage":"es"},{"@type":"Organization","@id":"https:\/\/bordeaux.intercontinental.com\/#organization","name":"InterContinental Bordeaux","alternateName":"InterContinental Bordeaux - Le Grand H\u00f4tel","url":"https:\/\/bordeaux.intercontinental.com\/","logo":{"@type":"ImageObject","inLanguage":"es","@id":"https:\/\/bordeaux.intercontinental.com\/#\/schema\/logo\/image\/","url":"https:\/\/bordeaux.intercontinental.com\/wp-content\/uploads\/sites\/4\/2023\/08\/logo-ihg-bordeaux-nl.svg","contentUrl":"https:\/\/bordeaux.intercontinental.com\/wp-content\/uploads\/sites\/4\/2023\/08\/logo-ihg-bordeaux-nl.svg","caption":"InterContinental Bordeaux"},"image":{"@id":"https:\/\/bordeaux.intercontinental.com\/#\/schema\/logo\/image\/"}}]}},"_links":{"self":[{"href":"https:\/\/bordeaux.intercontinental.com\/es\/wp-json\/wp\/v2\/pages\/29853","targetHints":{"allow":["GET"]}}],"collection":[{"href":"https:\/\/bordeaux.intercontinental.com\/es\/wp-json\/wp\/v2\/pages"}],"about":[{"href":"https:\/\/bordeaux.intercontinental.com\/es\/wp-json\/wp\/v2\/types\/page"}],"author":[{"embeddable":true,"href":"https:\/\/bordeaux.intercontinental.com\/es\/wp-json\/wp\/v2\/users\/1"}],"replies":[{"embeddable":true,"href":"https:\/\/bordeaux.intercontinental.com\/es\/wp-json\/wp\/v2\/comments?post=29853"}],"version-history":[{"count":2,"href":"https:\/\/bordeaux.intercontinental.com\/es\/wp-json\/wp\/v2\/pages\/29853\/revisions"}],"predecessor-version":[{"id":47591,"href":"https:\/\/bordeaux.intercontinental.com\/es\/wp-json\/wp\/v2\/pages\/29853\/revisions\/47591"}],"wp:attachment":[{"href":"https:\/\/bordeaux.intercontinental.com\/es\/wp-json\/wp\/v2\/media?parent=29853"}],"curies":[{"name":"wp","href":"https:\/\/api.w.org\/{rel}","templated":true}]}}