{"id":29843,"date":"2022-08-09T15:00:11","date_gmt":"2022-08-09T13:00:11","guid":{"rendered":"https:\/\/bordeaux.intercontinental.com\/?page_id=29843"},"modified":"2024-02-15T09:12:00","modified_gmt":"2024-02-15T08:12:00","slug":"ihg-way-of-clean","status":"publish","type":"page","link":"https:\/\/bordeaux.intercontinental.com\/es\/ihg-way-of-clean\/","title":{"rendered":"IHG Way of Clean"},"content":{"rendered":"\r\n\r\n\r\n\r\n  <!-- Swiper hero -->\r\n  <div id=\"slideshow-block_0b775a5b660b76fc0d47ec6c4a784747\" class=\"row \">  \r\n    <div class=\"swiper d-swiper-container hero\" data-swiper={\"navigation\":{\"enabled\":false}}>\r\n      <div class=\"swiper-wrapper\">\r\n                    <div class=\"swiper-slide\">\r\n                              <span aria-hidden=\"true\" class=\"slide-e-background has-background-dim-30  has-background has-black-background-color\"><\/span>\r\n                                            <img decoding=\"async\" src=\"https:\/\/bordeaux.intercontinental.com\/wp-content\/uploads\/sites\/4\/2022\/07\/InterContinental-Bordeaux-Le-Grand-Hotel-Personnel-C0A5099-scaled-1.jpg\"\r\n                sizes=\"(max-width: 2000px) 100vw, 2000px\"\r\n                srcset=\"https:\/\/bordeaux.intercontinental.com\/wp-content\/uploads\/sites\/4\/2022\/07\/InterContinental-Bordeaux-Le-Grand-Hotel-Personnel-C0A5099-scaled-1.jpg 1365w,\r\n                        https:\/\/bordeaux.intercontinental.com\/wp-content\/uploads\/sites\/4\/2022\/07\/InterContinental-Bordeaux-Le-Grand-Hotel-Personnel-C0A5099-scaled-1-683x1024.jpg 1024w,\r\n                        https:\/\/bordeaux.intercontinental.com\/wp-content\/uploads\/sites\/4\/2022\/07\/InterContinental-Bordeaux-Le-Grand-Hotel-Personnel-C0A5099-scaled-1-768x1152.jpg 768w\"\r\n                        alt=\"InterContinental Bordeaux Le Grand Hotel Personnel C0A5099-scaled\">\r\n                                            <div class=\"slide-e-content d-none d-md-block\">\r\n                                      <h1 class=\"title\">IHG Way of Clean<\/h1>\r\n                                                                      <\/div>\r\n                          <\/div>\r\n                <\/div>\r\n            <\/div>\r\n  <\/div>\r\n  <!-- End Swiper hero -->\r\n\r\n \n\n<div class=\"wp-block-group row is-layout-constrained wp-block-group-is-layout-constrained\">\n<div class=\"wp-block-group pattern-address col-lg-12 has-light-grey-background-color has-background is-nowrap is-layout-flex wp-container-core-group-is-layout-fe492232 wp-block-group-is-layout-flex\" style=\"margin-bottom:var(--wp--preset--spacing--60)\">\n<div class=\"wp-block-group col-lg-6 offset-lg-3 is-vertical is-content-justification-center is-layout-flex wp-container-core-group-is-layout-f9a93ed8 wp-block-group-is-layout-flex\">\n<p class=\"has-text-align-center\" style=\"margin-top:0;margin-bottom:0\">InterContinental Bordeaux &#8211; Place de la Com\u00e9die, 33000 Burdeos, FRANCIA<\/p>\n\n\n\n<div class=\"wp-block-group is-nowrap is-layout-flex wp-container-core-group-is-layout-6c531013 wp-block-group-is-layout-flex\">\n<p class=\"has-charcoal-grey-color has-text-color has-small-font-size\"><a href=\"tel:+33557304444\">Tel\u00e9fono: +33 5 57 30 44 44<\/a><\/p>\n<\/div>\n<\/div>\n\n\n\n<div class=\"wp-block-group col-lg-3 icons-social is-content-justification-right is-nowrap is-layout-flex wp-container-core-group-is-layout-17124a9a wp-block-group-is-layout-flex\">\n<figure class=\"wp-block-image size-full is-resized\"><a href=\"https:\/\/www.facebook.com\/InterContinentalBordeauxLeGrandHotel\" target=\"_blank\" rel=\"noreferrer noopener\"><img decoding=\"async\" src=\"https:\/\/bordeaux.intercontinental.com\/wp-content\/themes\/intercontinental\/assets\/images\/icons\/icon-facebook.svg\" alt=\"\" class=\"wp-image-2313\" style=\"width:25px;height:25px\"\/><\/a><\/figure>\n\n\n\n<figure class=\"wp-block-image size-full is-resized\"><a href=\"https:\/\/www.instagram.com\/intercontinental_bordeaux\/?hl=fr\" target=\"_blank\" rel=\"noreferrer noopener\"><img decoding=\"async\" src=\"https:\/\/bordeaux.intercontinental.com\/wp-content\/themes\/intercontinental\/assets\/images\/icons\/icon-instagram.svg\" alt=\"\" class=\"wp-image-2315\" style=\"width:25px;height:25px\"\/><\/a><\/figure>\n\n\n\n<figure class=\"wp-block-image size-full is-resized\"><a href=\"https:\/\/www.youtube.com\/channel\/UC2v_S-f8-CpTmjmuJkAiSAg\" target=\"_blank\" rel=\"noreferrer noopener\"><img decoding=\"async\" src=\"https:\/\/bordeaux.intercontinental.com\/wp-content\/themes\/intercontinental\/assets\/images\/icons\/icon-youtube.svg\" alt=\"\" class=\"wp-image-2317\" style=\"width:25px;height:25px\"\/><\/a><\/figure>\n\n\n\n<figure class=\"wp-block-image size-full is-resized\"><a href=\"https:\/\/www.linkedin.com\/company\/grand-h-tel-de-bordeaux-&amp;-spa\/?originalSubdomain=fr\" target=\"_blank\" rel=\"noreferrer noopener\"><img decoding=\"async\" src=\"https:\/\/bordeaux.intercontinental.com\/wp-content\/themes\/intercontinental\/assets\/images\/icons\/icon-linkedin.svg\" alt=\"\" class=\"wp-image-2319\" style=\"width:25px;height:25px\"\/><\/a><\/figure>\n<\/div>\n<\/div>\n\n\n\n<div class=\"wp-block-columns is-layout-flex wp-container-core-columns-is-layout-28f84493 wp-block-columns-is-layout-flex\">\n<div class=\"wp-block-column is-layout-flow wp-block-column-is-layout-flow\" style=\"flex-basis:15%\"><\/div>\n\n\n\n<div class=\"wp-block-column is-layout-flow wp-block-column-is-layout-flow\">\n<h3 class=\"wp-block-heading\">Puede estar seguro<\/h3>\n\n\n\n<p>Gracias a nuestro programa IHG CLEAN PROMISE y a nuestros protocolos extremadamente precisos y estrictos de limpieza, podemos garantizarle una seguridad sanitaria perfecta y permitirle as\u00ed disfrutar plenamente de su estancia.<\/p>\n\n\n\n<div style=\"height:25px\" aria-hidden=\"true\" class=\"wp-block-spacer\"><\/div>\n\n\n\n<h3 class=\"wp-block-heading\">Limpio significa limpio<\/h3>\n\n\n\n<p>Antes de su llegada, la habitaci\u00f3n ha sido limpiada a fondo seg\u00fan nuestro proceso IHG Way of Clean con desinfectantes de calidad hospitalaria.<\/p>\n\n\n\n<p>Para que su habitaci\u00f3n sea limpiada en su ausencia, le recomendamos que llame, info@ic-bordeaux.com l d\u00eda anterior, al Servicio de Gobernanta.<\/p>\n\n\n\n<p>Por \u00faltimo, si la limpieza de su habitaci\u00f3n no cumple con sus expectativas, le prometemos tomar las medidas necesarias.<\/p>\n\n\n\n<p>Para obtener m\u00e1s informaci\u00f3n, no dude en contactarnos por correo electr\u00f3nico a info@ic-bordeaux.com<\/p>\n<\/div>\n\n\n\n<div class=\"wp-block-column is-layout-flow wp-block-column-is-layout-flow\" style=\"flex-basis:15%\"><\/div>\n<\/div>\n\n\n\n<p><\/p>\n","protected":false},"excerpt":{"rendered":"<p>InterContinental Bordeaux &#8211; Place de la Com\u00e9die, 33000 Burdeos, FRANCIA Tel\u00e9fono: +33 5 57 30 44 44 Puede estar seguro Gracias a nuestro programa IHG CLEAN PROMISE y a nuestros protocolos extremadamente precisos y estrictos de limpieza, podemos garantizarle una [&hellip;]<\/p>\n","protected":false},"author":1,"featured_media":0,"parent":0,"menu_order":0,"comment_status":"closed","ping_status":"closed","template":"","meta":{"_acf_changed":false,"footnotes":""},"class_list":["post-29843","page","type-page","status-publish","hentry"],"acf":[],"yoast_head":"<!-- This site is optimized with the Yoast SEO plugin v26.2 - https:\/\/yoast.com\/wordpress\/plugins\/seo\/ -->\n<title>IHG Way of Clean - InterContinental Bordeaux<\/title>\n<meta name=\"robots\" content=\"index, follow, max-snippet:-1, max-image-preview:large, max-video-preview:-1\" \/>\n<link rel=\"canonical\" href=\"https:\/\/bordeaux.intercontinental.com\/es\/ihg-way-of-clean\/\" \/>\n<meta property=\"og:locale\" content=\"es_ES\" \/>\n<meta property=\"og:type\" content=\"article\" \/>\n<meta property=\"og:title\" content=\"IHG Way of Clean - InterContinental Bordeaux\" \/>\n<meta property=\"og:description\" content=\"InterContinental Bordeaux &#8211; Place de la Com\u00e9die, 33000 Burdeos, FRANCIA Tel\u00e9fono: +33 5 57 30 44 44 Puede estar seguro Gracias a nuestro programa IHG CLEAN PROMISE y a nuestros protocolos extremadamente precisos y estrictos de limpieza, podemos garantizarle una [&hellip;]\" \/>\n<meta property=\"og:url\" content=\"https:\/\/bordeaux.intercontinental.com\/es\/ihg-way-of-clean\/\" \/>\n<meta property=\"og:site_name\" content=\"InterContinental Bordeaux\" \/>\n<meta property=\"article:modified_time\" content=\"2024-02-15T08:12:00+00:00\" \/>\n<meta property=\"og:image\" content=\"https:\/\/bordeaux.intercontinental.com\/wp-content\/themes\/intercontinental\/assets\/images\/icons\/icon-facebook.svg\" \/>\n<meta name=\"twitter:card\" content=\"summary_large_image\" \/>\n<meta name=\"twitter:label1\" content=\"Tiempo de lectura\" \/>\n\t<meta name=\"twitter:data1\" content=\"2 minutos\" \/>\n<script type=\"application\/ld+json\" class=\"yoast-schema-graph\">{\"@context\":\"https:\/\/schema.org\",\"@graph\":[{\"@type\":\"WebPage\",\"@id\":\"https:\/\/bordeaux.intercontinental.com\/es\/ihg-way-of-clean\/\",\"url\":\"https:\/\/bordeaux.intercontinental.com\/es\/ihg-way-of-clean\/\",\"name\":\"IHG Way of Clean - InterContinental Bordeaux\",\"isPartOf\":{\"@id\":\"https:\/\/bordeaux.intercontinental.com\/#website\"},\"primaryImageOfPage\":{\"@id\":\"https:\/\/bordeaux.intercontinental.com\/es\/ihg-way-of-clean\/#primaryimage\"},\"image\":{\"@id\":\"https:\/\/bordeaux.intercontinental.com\/es\/ihg-way-of-clean\/#primaryimage\"},\"thumbnailUrl\":\"https:\/\/bordeaux.intercontinental.com\/wp-content\/themes\/intercontinental\/assets\/images\/icons\/icon-facebook.svg\",\"datePublished\":\"2022-08-09T13:00:11+00:00\",\"dateModified\":\"2024-02-15T08:12:00+00:00\",\"breadcrumb\":{\"@id\":\"https:\/\/bordeaux.intercontinental.com\/es\/ihg-way-of-clean\/#breadcrumb\"},\"inLanguage\":\"es\",\"potentialAction\":[{\"@type\":\"ReadAction\",\"target\":[\"https:\/\/bordeaux.intercontinental.com\/es\/ihg-way-of-clean\/\"]}]},{\"@type\":\"ImageObject\",\"inLanguage\":\"es\",\"@id\":\"https:\/\/bordeaux.intercontinental.com\/es\/ihg-way-of-clean\/#primaryimage\",\"url\":\"https:\/\/bordeaux.intercontinental.com\/wp-content\/themes\/intercontinental\/assets\/images\/icons\/icon-facebook.svg\",\"contentUrl\":\"https:\/\/bordeaux.intercontinental.com\/wp-content\/themes\/intercontinental\/assets\/images\/icons\/icon-facebook.svg\"},{\"@type\":\"BreadcrumbList\",\"@id\":\"https:\/\/bordeaux.intercontinental.com\/es\/ihg-way-of-clean\/#breadcrumb\",\"itemListElement\":[{\"@type\":\"ListItem\",\"position\":1,\"name\":\"Inicio\",\"item\":\"https:\/\/bordeaux.intercontinental.com\/es\/\"},{\"@type\":\"ListItem\",\"position\":2,\"name\":\"IHG Way of Clean\"}]},{\"@type\":\"WebSite\",\"@id\":\"https:\/\/bordeaux.intercontinental.com\/#website\",\"url\":\"https:\/\/bordeaux.intercontinental.com\/\",\"name\":\"InterContinental Bordeaux\",\"description\":\"Live the InterContinental Life\",\"publisher\":{\"@id\":\"https:\/\/bordeaux.intercontinental.com\/#organization\"},\"alternateName\":\"InterContinental Bordeaux - Le Grand H\u00f4tel\",\"potentialAction\":[{\"@type\":\"SearchAction\",\"target\":{\"@type\":\"EntryPoint\",\"urlTemplate\":\"https:\/\/bordeaux.intercontinental.com\/?s={search_term_string}\"},\"query-input\":{\"@type\":\"PropertyValueSpecification\",\"valueRequired\":true,\"valueName\":\"search_term_string\"}}],\"inLanguage\":\"es\"},{\"@type\":\"Organization\",\"@id\":\"https:\/\/bordeaux.intercontinental.com\/#organization\",\"name\":\"InterContinental Bordeaux\",\"alternateName\":\"InterContinental Bordeaux - Le Grand H\u00f4tel\",\"url\":\"https:\/\/bordeaux.intercontinental.com\/\",\"logo\":{\"@type\":\"ImageObject\",\"inLanguage\":\"es\",\"@id\":\"https:\/\/bordeaux.intercontinental.com\/#\/schema\/logo\/image\/\",\"url\":\"https:\/\/bordeaux.intercontinental.com\/wp-content\/uploads\/sites\/4\/2023\/08\/logo-ihg-bordeaux-nl.svg\",\"contentUrl\":\"https:\/\/bordeaux.intercontinental.com\/wp-content\/uploads\/sites\/4\/2023\/08\/logo-ihg-bordeaux-nl.svg\",\"caption\":\"InterContinental Bordeaux\"},\"image\":{\"@id\":\"https:\/\/bordeaux.intercontinental.com\/#\/schema\/logo\/image\/\"}}]}<\/script>\n<!-- \/ Yoast SEO plugin. -->","yoast_head_json":{"title":"IHG Way of Clean - InterContinental Bordeaux","robots":{"index":"index","follow":"follow","max-snippet":"max-snippet:-1","max-image-preview":"max-image-preview:large","max-video-preview":"max-video-preview:-1"},"canonical":"https:\/\/bordeaux.intercontinental.com\/es\/ihg-way-of-clean\/","og_locale":"es_ES","og_type":"article","og_title":"IHG Way of Clean - InterContinental Bordeaux","og_description":"InterContinental Bordeaux &#8211; Place de la Com\u00e9die, 33000 Burdeos, FRANCIA Tel\u00e9fono: +33 5 57 30 44 44 Puede estar seguro Gracias a nuestro programa IHG CLEAN PROMISE y a nuestros protocolos extremadamente precisos y estrictos de limpieza, podemos garantizarle una [&hellip;]","og_url":"https:\/\/bordeaux.intercontinental.com\/es\/ihg-way-of-clean\/","og_site_name":"InterContinental Bordeaux","article_modified_time":"2024-02-15T08:12:00+00:00","og_image":[{"url":"https:\/\/bordeaux.intercontinental.com\/wp-content\/themes\/intercontinental\/assets\/images\/icons\/icon-facebook.svg","type":"","width":"","height":""}],"twitter_card":"summary_large_image","twitter_misc":{"Tiempo de lectura":"2 minutos"},"schema":{"@context":"https:\/\/schema.org","@graph":[{"@type":"WebPage","@id":"https:\/\/bordeaux.intercontinental.com\/es\/ihg-way-of-clean\/","url":"https:\/\/bordeaux.intercontinental.com\/es\/ihg-way-of-clean\/","name":"IHG Way of Clean - InterContinental Bordeaux","isPartOf":{"@id":"https:\/\/bordeaux.intercontinental.com\/#website"},"primaryImageOfPage":{"@id":"https:\/\/bordeaux.intercontinental.com\/es\/ihg-way-of-clean\/#primaryimage"},"image":{"@id":"https:\/\/bordeaux.intercontinental.com\/es\/ihg-way-of-clean\/#primaryimage"},"thumbnailUrl":"https:\/\/bordeaux.intercontinental.com\/wp-content\/themes\/intercontinental\/assets\/images\/icons\/icon-facebook.svg","datePublished":"2022-08-09T13:00:11+00:00","dateModified":"2024-02-15T08:12:00+00:00","breadcrumb":{"@id":"https:\/\/bordeaux.intercontinental.com\/es\/ihg-way-of-clean\/#breadcrumb"},"inLanguage":"es","potentialAction":[{"@type":"ReadAction","target":["https:\/\/bordeaux.intercontinental.com\/es\/ihg-way-of-clean\/"]}]},{"@type":"ImageObject","inLanguage":"es","@id":"https:\/\/bordeaux.intercontinental.com\/es\/ihg-way-of-clean\/#primaryimage","url":"https:\/\/bordeaux.intercontinental.com\/wp-content\/themes\/intercontinental\/assets\/images\/icons\/icon-facebook.svg","contentUrl":"https:\/\/bordeaux.intercontinental.com\/wp-content\/themes\/intercontinental\/assets\/images\/icons\/icon-facebook.svg"},{"@type":"BreadcrumbList","@id":"https:\/\/bordeaux.intercontinental.com\/es\/ihg-way-of-clean\/#breadcrumb","itemListElement":[{"@type":"ListItem","position":1,"name":"Inicio","item":"https:\/\/bordeaux.intercontinental.com\/es\/"},{"@type":"ListItem","position":2,"name":"IHG Way of Clean"}]},{"@type":"WebSite","@id":"https:\/\/bordeaux.intercontinental.com\/#website","url":"https:\/\/bordeaux.intercontinental.com\/","name":"InterContinental Bordeaux","description":"Live the InterContinental Life","publisher":{"@id":"https:\/\/bordeaux.intercontinental.com\/#organization"},"alternateName":"InterContinental Bordeaux - Le Grand H\u00f4tel","potentialAction":[{"@type":"SearchAction","target":{"@type":"EntryPoint","urlTemplate":"https:\/\/bordeaux.intercontinental.com\/?s={search_term_string}"},"query-input":{"@type":"PropertyValueSpecification","valueRequired":true,"valueName":"search_term_string"}}],"inLanguage":"es"},{"@type":"Organization","@id":"https:\/\/bordeaux.intercontinental.com\/#organization","name":"InterContinental Bordeaux","alternateName":"InterContinental Bordeaux - Le Grand H\u00f4tel","url":"https:\/\/bordeaux.intercontinental.com\/","logo":{"@type":"ImageObject","inLanguage":"es","@id":"https:\/\/bordeaux.intercontinental.com\/#\/schema\/logo\/image\/","url":"https:\/\/bordeaux.intercontinental.com\/wp-content\/uploads\/sites\/4\/2023\/08\/logo-ihg-bordeaux-nl.svg","contentUrl":"https:\/\/bordeaux.intercontinental.com\/wp-content\/uploads\/sites\/4\/2023\/08\/logo-ihg-bordeaux-nl.svg","caption":"InterContinental Bordeaux"},"image":{"@id":"https:\/\/bordeaux.intercontinental.com\/#\/schema\/logo\/image\/"}}]}},"_links":{"self":[{"href":"https:\/\/bordeaux.intercontinental.com\/es\/wp-json\/wp\/v2\/pages\/29843","targetHints":{"allow":["GET"]}}],"collection":[{"href":"https:\/\/bordeaux.intercontinental.com\/es\/wp-json\/wp\/v2\/pages"}],"about":[{"href":"https:\/\/bordeaux.intercontinental.com\/es\/wp-json\/wp\/v2\/types\/page"}],"author":[{"embeddable":true,"href":"https:\/\/bordeaux.intercontinental.com\/es\/wp-json\/wp\/v2\/users\/1"}],"replies":[{"embeddable":true,"href":"https:\/\/bordeaux.intercontinental.com\/es\/wp-json\/wp\/v2\/comments?post=29843"}],"version-history":[{"count":0,"href":"https:\/\/bordeaux.intercontinental.com\/es\/wp-json\/wp\/v2\/pages\/29843\/revisions"}],"wp:attachment":[{"href":"https:\/\/bordeaux.intercontinental.com\/es\/wp-json\/wp\/v2\/media?parent=29843"}],"curies":[{"name":"wp","href":"https:\/\/api.w.org\/{rel}","templated":true}]}}