{"id":29723,"date":"2022-07-27T17:59:03","date_gmt":"2022-07-27T15:59:03","guid":{"rendered":"https:\/\/bordeaux.intercontinental.com\/?page_id=29723"},"modified":"2024-02-14T15:08:37","modified_gmt":"2024-02-14T14:08:37","slug":"las-suites-wine-bar","status":"publish","type":"page","link":"https:\/\/bordeaux.intercontinental.com\/es\/las-suites\/las-suites-wine-bar\/","title":{"rendered":"Las Suites Wine Bar"},"content":{"rendered":"\r\n\r\n\r\n\r\n  <!-- Swiper hero -->\r\n  <div id=\"slideshow-block_378b56c9c04beba1ef25e08e51c3dba3\" class=\"row \">  \r\n    <div class=\"swiper d-swiper-container hero\" data-swiper={\"navigation\":{\"enabled\":false}}>\r\n      <div class=\"swiper-wrapper\">\r\n                    <div class=\"swiper-slide\">\r\n                              <span aria-hidden=\"true\" class=\"slide-e-background has-background-dim-30  has-background has-black-background-color\"><\/span>\r\n                                            <img decoding=\"async\" src=\"https:\/\/bordeaux.intercontinental.com\/wp-content\/uploads\/sites\/4\/2022\/10\/5479271648722903905-CARR2813.jpg-scaled-1.jpeg\"\r\n                sizes=\"(max-width: 2000px) 100vw, 2000px\"\r\n                srcset=\"https:\/\/bordeaux.intercontinental.com\/wp-content\/uploads\/sites\/4\/2022\/10\/5479271648722903905-CARR2813.jpg-scaled-1.jpeg 2560w,\r\n                        https:\/\/bordeaux.intercontinental.com\/wp-content\/uploads\/sites\/4\/2022\/10\/5479271648722903905-CARR2813.jpg-scaled-1-1024x683.jpeg 1024w,\r\n                        https:\/\/bordeaux.intercontinental.com\/wp-content\/uploads\/sites\/4\/2022\/10\/5479271648722903905-CARR2813.jpg-scaled-1-768x512.jpeg 768w\"\r\n                        alt=\"5479271648722903905-CARR2813.jpg\"\/>\r\n                                            <div class=\"slide-e-content d-none d-md-block\">\r\n                                      <h1 class=\"title\">Las Suites Wine Bar<\/h1>\r\n                                                                      <\/div>\r\n                          <\/div>\r\n                <\/div>\r\n            <\/div>\r\n  <\/div>\r\n  <!-- End Swiper hero -->\r\n\r\n \n\n<div class=\"wp-block-group row is-layout-constrained wp-block-group-is-layout-constrained\">\n<div class=\"wp-block-group pattern-address col-lg-12 has-light-grey-background-color has-background is-nowrap is-layout-flex wp-container-core-group-is-layout-fe492232 wp-block-group-is-layout-flex\" style=\"margin-bottom:var(--wp--preset--spacing--60)\">\n<div class=\"wp-block-group col-lg-6 offset-lg-3 is-vertical is-content-justification-center is-layout-flex wp-container-core-group-is-layout-f9a93ed8 wp-block-group-is-layout-flex\">\n<p class=\"has-text-align-center\" style=\"margin-top:0;margin-bottom:0\">InterContinental Bordeaux &#8211; Place de la Com\u00e9die, 33000 Burdeos, FRANCIA<\/p>\n\n\n\n<p class=\"has-charcoal-grey-color has-text-color has-small-font-size\"><a href=\"tel:+33557304444\">Tel\u00e9fono: +33 5 57 30 44 44 <\/a><\/p>\n<\/div>\n\n\n\n<div class=\"wp-block-group col-lg-3 icons-social is-content-justification-right is-nowrap is-layout-flex wp-container-core-group-is-layout-17124a9a wp-block-group-is-layout-flex\">\n<figure class=\"wp-block-image size-full is-resized\"><a href=\"https:\/\/www.facebook.com\/InterContinentalBordeauxLeGrandHotel\" target=\"_blank\" rel=\"noreferrer noopener\"><img decoding=\"async\" src=\"https:\/\/bordeaux.intercontinental.com\/wp-content\/themes\/intercontinental\/assets\/images\/icons\/icon-facebook.svg\" alt=\"\" class=\"wp-image-2313\" style=\"width:25px;height:25px\"\/><\/a><\/figure>\n\n\n\n<figure class=\"wp-block-image size-full is-resized\"><a href=\"https:\/\/www.instagram.com\/intercontinental_bordeaux\/?hl=fr\" target=\"_blank\" rel=\"noreferrer noopener\"><img decoding=\"async\" src=\"https:\/\/bordeaux.intercontinental.com\/wp-content\/themes\/intercontinental\/assets\/images\/icons\/icon-instagram.svg\" alt=\"\" class=\"wp-image-2315\" style=\"width:25px;height:25px\"\/><\/a><\/figure>\n\n\n\n<figure class=\"wp-block-image size-full is-resized\"><a href=\"https:\/\/www.youtube.com\/channel\/UC2v_S-f8-CpTmjmuJkAiSAg\" target=\"_blank\" rel=\"noreferrer noopener\"><img decoding=\"async\" src=\"https:\/\/bordeaux.intercontinental.com\/wp-content\/themes\/intercontinental\/assets\/images\/icons\/icon-youtube.svg\" alt=\"\" class=\"wp-image-2317\" style=\"width:25px;height:25px\"\/><\/a><\/figure>\n\n\n\n<figure class=\"wp-block-image size-full is-resized\"><a href=\"https:\/\/www.linkedin.com\/company\/grand-h-tel-de-bordeaux-&amp;-spa\/?originalSubdomain=fr\" target=\"_blank\" rel=\"noreferrer noopener\"><img decoding=\"async\" src=\"https:\/\/bordeaux.intercontinental.com\/wp-content\/themes\/intercontinental\/assets\/images\/icons\/icon-linkedin.svg\" alt=\"\" class=\"wp-image-2319\" style=\"width:25px;height:25px\"\/><\/a><\/figure>\n<\/div>\n<\/div>\n\n\n\n<div class=\"wp-block-columns pattern-2-col-text-and-slider is-layout-flex wp-container-core-columns-is-layout-28f84493 wp-block-columns-is-layout-flex\">\n<div class=\"wp-block-column is-vertically-aligned-bottom text-column is-layout-flow wp-block-column-is-layout-flow\" style=\"padding-top:var(--wp--preset--spacing--70);padding-right:var(--wp--preset--spacing--60);padding-bottom:var(--wp--preset--spacing--70);padding-left:var(--wp--preset--spacing--60);flex-basis:33.33%\">\n<h4 class=\"wp-block-heading\">SUITES<\/h4>\n\n\n\n<h3 class=\"wp-block-heading has-text-align-left\">Las Suites Wine Bar<\/h3>\n\n\n\n<p>Encanto y delicadeza se desprenden de las Suites Wine Bar, que con su bar de vinos privado ofrecen una forma diferente de disfrutar de su estancia. Estas suites de 65 m\u00b2 con su sala de estar privada y su cuarto de ba\u00f1o refinado son \u00fanicas. Cada espacio ha sido cuidadosamente dise\u00f1ado para su comodidad m\u00e1xima.<\/p>\n\n\n\n<div class=\"wp-block-buttons is-layout-flex wp-block-buttons-is-layout-flex\">\n<div class=\"wp-block-button is-style-outline is-style-outline--1\"><a class=\"wp-block-button__link wp-element-button\" href=\"https:\/\/www.ihg.com\/hotels\/fr\/fr\/find-hotels\/hotel\/rooms?qDest=2-5%20Place%20de%20la%20Com%C3%A9die%20Bordeaux%20%20France&amp;qCiMy=72022&amp;qCiD=17&amp;qCoMy=72022&amp;qCoD=18&amp;qAdlt=2&amp;qChld=0&amp;qRms=1&amp;qRtP=6CBARC&amp;qIta=99502222&amp;qSlH=BODHA&amp;qAkamaiCC=LU&amp;qSrt=sDD&amp;qBrs=re.ic.in.vn.cp.vx.hi.ex.rs.cv.sb.cw.ma.ul.ki.va.ii.sp.nd.ct.sx.we.lx&amp;qWch=0&amp;qSmP=1&amp;qRad=30&amp;qRdU=mi&amp;srb_u=1&amp;_PMID=99502222\" style=\"padding-top:0;padding-right:0;padding-bottom:0;padding-left:0\" target=\"_blank\" rel=\"noreferrer noopener\">Reservar<\/a><\/div>\n\n\n\n<div class=\"wp-block-button is-style-outline is-style-outline--2\"><a class=\"wp-block-button__link wp-element-button\" href=\"\/room-service\/menu\" style=\"border-radius:0rem;padding-top:0;padding-right:0;padding-bottom:0;padding-left:0\" target=\"_blank\" rel=\"noreferrer noopener\">Men\u00fa de Servicio a la Habitaci\u00f3n<\/a><\/div>\n<\/div>\n<\/div>\n\n\n\n<div class=\"wp-block-column is-vertically-aligned-center is-layout-flow wp-block-column-is-layout-flow\" style=\"padding-right:var(--wp--preset--spacing--30);padding-left:var(--wp--preset--spacing--30);flex-basis:66.66%\">\r\n\r\n\r\n  <div id=\"slideshow-block_55d4fb9dffc7c32eb5a83be333460f45\" class=\"row\" data-aos=\"fade-in\">\r\n      <!-- Swiper -->\r\n      <div class=\"swiper d-swiper-container full\" data-swiper={\"autoplay\":true,\"slidesPerView\":1,\"effect\":\"creative\",\"creativeEffect\":{\"limitProgress\":2,\"prev\":{\"translate\":[\"-100%\",0,0]},\"next\":{\"translate\":[\"100%\",0,0]}},\"speed\":1000} style=\"height:66vh\">\r\n        <div class=\"swiper-wrapper\">\r\n                                      <div class=\"swiper-slide\">\r\n                                    <img decoding=\"async\" src=\"https:\/\/bordeaux.intercontinental.com\/wp-content\/uploads\/sites\/4\/2022\/10\/5479271648722903887-CARR2643.jpg-scaled-1.jpeg\"\r\n                  sizes=\"(max-width: 2000px) 100vw, 2000px\"\r\n                  srcset=\"https:\/\/bordeaux.intercontinental.com\/wp-content\/uploads\/sites\/4\/2022\/10\/5479271648722903887-CARR2643.jpg-scaled-1.jpeg 2560w,\r\n                          https:\/\/bordeaux.intercontinental.com\/wp-content\/uploads\/sites\/4\/2022\/10\/5479271648722903887-CARR2643.jpg-scaled-1-1024x683.jpeg 1024w,\r\n                          https:\/\/bordeaux.intercontinental.com\/wp-content\/uploads\/sites\/4\/2022\/10\/5479271648722903887-CARR2643.jpg-scaled-1-768x512.jpeg 768w\"\r\n                          alt=\"5479271648722903887-CARR2643.jpg\">\r\n                <\/div>\r\n                            <div class=\"swiper-slide\">\r\n                                    <img decoding=\"async\" src=\"https:\/\/bordeaux.intercontinental.com\/wp-content\/uploads\/sites\/4\/2022\/10\/5479271648722903866-CARR2647.jpg-scaled-1.jpeg\"\r\n                  sizes=\"(max-width: 2000px) 100vw, 2000px\"\r\n                  srcset=\"https:\/\/bordeaux.intercontinental.com\/wp-content\/uploads\/sites\/4\/2022\/10\/5479271648722903866-CARR2647.jpg-scaled-1.jpeg 2560w,\r\n                          https:\/\/bordeaux.intercontinental.com\/wp-content\/uploads\/sites\/4\/2022\/10\/5479271648722903866-CARR2647.jpg-scaled-1-1024x683.jpeg 1024w,\r\n                          https:\/\/bordeaux.intercontinental.com\/wp-content\/uploads\/sites\/4\/2022\/10\/5479271648722903866-CARR2647.jpg-scaled-1-768x512.jpeg 768w\"\r\n                          alt=\"5479271648722903866-CARR2647.jpg\">\r\n                <\/div>\r\n                            <div class=\"swiper-slide\">\r\n                                    <img decoding=\"async\" src=\"https:\/\/bordeaux.intercontinental.com\/wp-content\/uploads\/sites\/4\/2022\/07\/InterContinental-Bordeaux-Le-Grand-Hotel-Chambre-et-Suite-MG_6657.jpg\"\r\n                  sizes=\"(max-width: 2000px) 100vw, 2000px\"\r\n                  srcset=\"https:\/\/bordeaux.intercontinental.com\/wp-content\/uploads\/sites\/4\/2022\/07\/InterContinental-Bordeaux-Le-Grand-Hotel-Chambre-et-Suite-MG_6657.jpg 1535w,\r\n                          https:\/\/bordeaux.intercontinental.com\/wp-content\/uploads\/sites\/4\/2022\/07\/InterContinental-Bordeaux-Le-Grand-Hotel-Chambre-et-Suite-MG_6657-1024x683.jpg 1024w,\r\n                          https:\/\/bordeaux.intercontinental.com\/wp-content\/uploads\/sites\/4\/2022\/07\/InterContinental-Bordeaux-Le-Grand-Hotel-Chambre-et-Suite-MG_6657-768x512.jpg 768w\"\r\n                          alt=\"InterContinental Bordeaux Le Grand Hotel Chambre et Suite MG_6657\">\r\n                <\/div>\r\n                              <\/div>\r\n          <div class=\"swiper-pagination\">\r\n          <\/div>\r\n          <div class=\"swiper-button swiper-button-prev\">\r\n            <span class=\"arrowl\"><\/span>\r\n          <\/div>\r\n          <div class=\"swiper-button swiper-button-next\">\r\n            <span class=\"arrowr\"><\/span>\r\n          <\/div>\r\n      <\/div>\r\n      <!-- End Swiper -->\r\n  <\/div>\r\n  \r\n\r\n <\/div>\n<\/div>\n\n\n\n<div style=\"height:50px\" aria-hidden=\"true\" class=\"wp-block-spacer\"><\/div>\n\n\n\n<div class=\"wp-block-columns is-layout-flex wp-container-core-columns-is-layout-28f84493 wp-block-columns-is-layout-flex\">\n<div class=\"wp-block-column is-layout-flow wp-block-column-is-layout-flow\" style=\"flex-basis:15%\"><\/div>\n\n\n\n<div class=\"wp-block-column is-layout-flow wp-block-column-is-layout-flow\">\n<h3 class=\"wp-block-heading has-text-align-left\">Nuestros servicios incluyen:<\/h3>\n\n\n\n<div class=\"wp-block-columns is-layout-flex wp-container-core-columns-is-layout-28f84493 wp-block-columns-is-layout-flex\">\n<div class=\"wp-block-column is-layout-flow wp-block-column-is-layout-flow\">\n<ul class=\"wp-block-list\">\n<li>Un sistema de televisi\u00f3n Samsung de alta tecnolog\u00eda<\/li>\n\n\n\n<li>Un cuarto de ba\u00f1o decorado con m\u00e1rmol y con suelo radiante, batas y zapatillas<\/li>\n\n\n\n<li>Productos de bienvenida de Guerlain<\/li>\n\n\n\n<li>Un servicio diario de peri\u00f3dicos<\/li>\n\n\n\n<li>El acceso gratuito a internet de alta velocidad<\/li>\n\n\n\n<li>Aire acondicionado<\/li>\n<\/ul>\n<\/div>\n\n\n\n<div class=\"wp-block-column is-layout-flow wp-block-column-is-layout-flow\">\n<ul class=\"wp-block-list\">\n<li>Un hervidor de agua<\/li>\n\n\n\n<li>Una m\u00e1quina Nespresso con selecci\u00f3n de aromas<\/li>\n\n\n\n<li>Un minibar<\/li>\n\n\n\n<li>Una caja fuerte<\/li>\n\n\n\n<li>El acceso ilimitado al Spa Guerlain y al gimnasio<\/li>\n<\/ul>\n<\/div>\n<\/div>\n<\/div>\n\n\n\n<div class=\"wp-block-column is-layout-flow wp-block-column-is-layout-flow\" style=\"flex-basis:15%\"><\/div>\n<\/div>\n\n\n\r\n  <div class=\"title\">\r\n      <h2 class=\"mt-5\">NUESTRAS OFERTAS DE ALOJAMIENTO<\/h2>\r\n  <\/div>\r\n  <div id=\"front-page-offers\">\r\n    <div class=\"container-xl\">\r\n      <div class=\"row justify-content-center\">\r\n        \r\n        <div class=\"col-md-10 wrap\">\r\n          \r\n                                          <div class=\"col-lg-4 no-swiper\" data-aos=\"fade-in\">\r\n                  <div class=\"card ihg-card\">\r\n                      <img decoding=\"async\" src=\"https:\/\/bordeaux.intercontinental.com\/wp-content\/uploads\/sites\/4\/2022\/07\/InterContinental-Bordeaux-Le-Grand-Hotel-lHotel-MG_7545-scaled-1-1024x683.jpg\" class=\"card-img-top\" alt=\"Una Media Pensi\u00f3n muy Grand H\u00f4tel\">\r\n                      <div class=\"card-body\">\r\n                        <h5 class=\"card-title p-0\">Una Media Pensi\u00f3n muy Grand H\u00f4tel<\/h5>\r\n                        <p class=\"card-text p-0\"><\/p>\r\n                        <div class=\"wp-block-buttons is-layout-flex\">\r\n                          <div class=\"wp-block-button is-style-outline\">\r\n                              <a href=\"https:\/\/bordeaux.intercontinental.com\/es\/una-media-pension-muy-grand-hotel\/\" class=\"wp-block-button__link wp-element-button\">Descubra<\/a>\r\n                          <\/div>\r\n                                                  <\/div>\r\n                      <\/div>\r\n                    <\/div>\r\n                  <\/div>\r\n                                                                        \r\n                  <\/div>\r\n\r\n      <\/div>\r\n    <\/div>\r\n  <\/div>\r\n","protected":false},"excerpt":{"rendered":"<p>Encanto y delicadeza se desprenden de las Suites Wine Bar, que con su bar de vinos privado ofrecen una forma diferente de disfrutar de su estancia.<\/p>\n","protected":false},"author":1,"featured_media":24639,"parent":29716,"menu_order":3,"comment_status":"closed","ping_status":"closed","template":"","meta":{"_acf_changed":false,"footnotes":""},"class_list":["post-29723","page","type-page","status-publish","has-post-thumbnail","hentry"],"acf":[],"yoast_head":"<!-- This site is optimized with the Yoast SEO plugin v26.2 - https:\/\/yoast.com\/wordpress\/plugins\/seo\/ -->\n<title>Las Suites Wine Bar - InterContinental Bordeaux<\/title>\n<meta name=\"robots\" content=\"index, follow, max-snippet:-1, max-image-preview:large, max-video-preview:-1\" \/>\n<link rel=\"canonical\" href=\"https:\/\/bordeaux.intercontinental.com\/es\/las-suites\/las-suites-wine-bar\/\" \/>\n<meta property=\"og:locale\" content=\"es_ES\" \/>\n<meta property=\"og:type\" content=\"article\" \/>\n<meta property=\"og:title\" content=\"Las Suites Wine Bar - InterContinental Bordeaux\" \/>\n<meta property=\"og:description\" content=\"Encanto y delicadeza se desprenden de las Suites Wine Bar, que con su bar de vinos privado ofrecen una forma diferente de disfrutar de su estancia.\" \/>\n<meta property=\"og:url\" content=\"https:\/\/bordeaux.intercontinental.com\/es\/las-suites\/las-suites-wine-bar\/\" \/>\n<meta property=\"og:site_name\" content=\"InterContinental Bordeaux\" \/>\n<meta property=\"article:modified_time\" content=\"2024-02-14T14:08:37+00:00\" \/>\n<meta property=\"og:image\" content=\"https:\/\/bordeaux.intercontinental.com\/wp-content\/uploads\/sites\/4\/2022\/07\/InterContinental-Bordeaux-Le-Grand-Hotel-Chambre-et-Suite-MG_6661.jpg\" \/>\n\t<meta property=\"og:image:width\" content=\"1468\" \/>\n\t<meta property=\"og:image:height\" content=\"1024\" \/>\n\t<meta property=\"og:image:type\" content=\"image\/jpeg\" \/>\n<meta name=\"twitter:card\" content=\"summary_large_image\" \/>\n<meta name=\"twitter:label1\" content=\"Tiempo de lectura\" \/>\n\t<meta name=\"twitter:data1\" content=\"2 minutos\" \/>\n<script type=\"application\/ld+json\" class=\"yoast-schema-graph\">{\"@context\":\"https:\/\/schema.org\",\"@graph\":[{\"@type\":\"WebPage\",\"@id\":\"https:\/\/bordeaux.intercontinental.com\/es\/las-suites\/las-suites-wine-bar\/\",\"url\":\"https:\/\/bordeaux.intercontinental.com\/es\/las-suites\/las-suites-wine-bar\/\",\"name\":\"Las Suites Wine Bar - InterContinental Bordeaux\",\"isPartOf\":{\"@id\":\"https:\/\/bordeaux.intercontinental.com\/#website\"},\"primaryImageOfPage\":{\"@id\":\"https:\/\/bordeaux.intercontinental.com\/es\/las-suites\/las-suites-wine-bar\/#primaryimage\"},\"image\":{\"@id\":\"https:\/\/bordeaux.intercontinental.com\/es\/las-suites\/las-suites-wine-bar\/#primaryimage\"},\"thumbnailUrl\":\"https:\/\/bordeaux.intercontinental.com\/wp-content\/uploads\/sites\/4\/2022\/07\/InterContinental-Bordeaux-Le-Grand-Hotel-Chambre-et-Suite-MG_6661.jpg\",\"datePublished\":\"2022-07-27T15:59:03+00:00\",\"dateModified\":\"2024-02-14T14:08:37+00:00\",\"breadcrumb\":{\"@id\":\"https:\/\/bordeaux.intercontinental.com\/es\/las-suites\/las-suites-wine-bar\/#breadcrumb\"},\"inLanguage\":\"es\",\"potentialAction\":[{\"@type\":\"ReadAction\",\"target\":[\"https:\/\/bordeaux.intercontinental.com\/es\/las-suites\/las-suites-wine-bar\/\"]}]},{\"@type\":\"ImageObject\",\"inLanguage\":\"es\",\"@id\":\"https:\/\/bordeaux.intercontinental.com\/es\/las-suites\/las-suites-wine-bar\/#primaryimage\",\"url\":\"https:\/\/bordeaux.intercontinental.com\/wp-content\/uploads\/sites\/4\/2022\/07\/InterContinental-Bordeaux-Le-Grand-Hotel-Chambre-et-Suite-MG_6661.jpg\",\"contentUrl\":\"https:\/\/bordeaux.intercontinental.com\/wp-content\/uploads\/sites\/4\/2022\/07\/InterContinental-Bordeaux-Le-Grand-Hotel-Chambre-et-Suite-MG_6661.jpg\",\"width\":1468,\"height\":1024},{\"@type\":\"BreadcrumbList\",\"@id\":\"https:\/\/bordeaux.intercontinental.com\/es\/las-suites\/las-suites-wine-bar\/#breadcrumb\",\"itemListElement\":[{\"@type\":\"ListItem\",\"position\":1,\"name\":\"Inicio\",\"item\":\"https:\/\/bordeaux.intercontinental.com\/es\/\"},{\"@type\":\"ListItem\",\"position\":2,\"name\":\"Las Suites\",\"item\":\"https:\/\/bordeaux.intercontinental.com\/es\/las-suites\/\"},{\"@type\":\"ListItem\",\"position\":3,\"name\":\"Las Suites Wine Bar\"}]},{\"@type\":\"WebSite\",\"@id\":\"https:\/\/bordeaux.intercontinental.com\/#website\",\"url\":\"https:\/\/bordeaux.intercontinental.com\/\",\"name\":\"InterContinental Bordeaux\",\"description\":\"Live the InterContinental Life\",\"publisher\":{\"@id\":\"https:\/\/bordeaux.intercontinental.com\/#organization\"},\"alternateName\":\"InterContinental Bordeaux - Le Grand H\u00f4tel\",\"potentialAction\":[{\"@type\":\"SearchAction\",\"target\":{\"@type\":\"EntryPoint\",\"urlTemplate\":\"https:\/\/bordeaux.intercontinental.com\/?s={search_term_string}\"},\"query-input\":{\"@type\":\"PropertyValueSpecification\",\"valueRequired\":true,\"valueName\":\"search_term_string\"}}],\"inLanguage\":\"es\"},{\"@type\":\"Organization\",\"@id\":\"https:\/\/bordeaux.intercontinental.com\/#organization\",\"name\":\"InterContinental Bordeaux\",\"alternateName\":\"InterContinental Bordeaux - Le Grand H\u00f4tel\",\"url\":\"https:\/\/bordeaux.intercontinental.com\/\",\"logo\":{\"@type\":\"ImageObject\",\"inLanguage\":\"es\",\"@id\":\"https:\/\/bordeaux.intercontinental.com\/#\/schema\/logo\/image\/\",\"url\":\"https:\/\/bordeaux.intercontinental.com\/wp-content\/uploads\/sites\/4\/2023\/08\/logo-ihg-bordeaux-nl.svg\",\"contentUrl\":\"https:\/\/bordeaux.intercontinental.com\/wp-content\/uploads\/sites\/4\/2023\/08\/logo-ihg-bordeaux-nl.svg\",\"caption\":\"InterContinental Bordeaux\"},\"image\":{\"@id\":\"https:\/\/bordeaux.intercontinental.com\/#\/schema\/logo\/image\/\"}}]}<\/script>\n<!-- \/ Yoast SEO plugin. -->","yoast_head_json":{"title":"Las Suites Wine Bar - InterContinental Bordeaux","robots":{"index":"index","follow":"follow","max-snippet":"max-snippet:-1","max-image-preview":"max-image-preview:large","max-video-preview":"max-video-preview:-1"},"canonical":"https:\/\/bordeaux.intercontinental.com\/es\/las-suites\/las-suites-wine-bar\/","og_locale":"es_ES","og_type":"article","og_title":"Las Suites Wine Bar - InterContinental Bordeaux","og_description":"Encanto y delicadeza se desprenden de las Suites Wine Bar, que con su bar de vinos privado ofrecen una forma diferente de disfrutar de su estancia.","og_url":"https:\/\/bordeaux.intercontinental.com\/es\/las-suites\/las-suites-wine-bar\/","og_site_name":"InterContinental Bordeaux","article_modified_time":"2024-02-14T14:08:37+00:00","og_image":[{"width":1468,"height":1024,"url":"https:\/\/bordeaux.intercontinental.com\/wp-content\/uploads\/sites\/4\/2022\/07\/InterContinental-Bordeaux-Le-Grand-Hotel-Chambre-et-Suite-MG_6661.jpg","type":"image\/jpeg"}],"twitter_card":"summary_large_image","twitter_misc":{"Tiempo de lectura":"2 minutos"},"schema":{"@context":"https:\/\/schema.org","@graph":[{"@type":"WebPage","@id":"https:\/\/bordeaux.intercontinental.com\/es\/las-suites\/las-suites-wine-bar\/","url":"https:\/\/bordeaux.intercontinental.com\/es\/las-suites\/las-suites-wine-bar\/","name":"Las Suites Wine Bar - InterContinental Bordeaux","isPartOf":{"@id":"https:\/\/bordeaux.intercontinental.com\/#website"},"primaryImageOfPage":{"@id":"https:\/\/bordeaux.intercontinental.com\/es\/las-suites\/las-suites-wine-bar\/#primaryimage"},"image":{"@id":"https:\/\/bordeaux.intercontinental.com\/es\/las-suites\/las-suites-wine-bar\/#primaryimage"},"thumbnailUrl":"https:\/\/bordeaux.intercontinental.com\/wp-content\/uploads\/sites\/4\/2022\/07\/InterContinental-Bordeaux-Le-Grand-Hotel-Chambre-et-Suite-MG_6661.jpg","datePublished":"2022-07-27T15:59:03+00:00","dateModified":"2024-02-14T14:08:37+00:00","breadcrumb":{"@id":"https:\/\/bordeaux.intercontinental.com\/es\/las-suites\/las-suites-wine-bar\/#breadcrumb"},"inLanguage":"es","potentialAction":[{"@type":"ReadAction","target":["https:\/\/bordeaux.intercontinental.com\/es\/las-suites\/las-suites-wine-bar\/"]}]},{"@type":"ImageObject","inLanguage":"es","@id":"https:\/\/bordeaux.intercontinental.com\/es\/las-suites\/las-suites-wine-bar\/#primaryimage","url":"https:\/\/bordeaux.intercontinental.com\/wp-content\/uploads\/sites\/4\/2022\/07\/InterContinental-Bordeaux-Le-Grand-Hotel-Chambre-et-Suite-MG_6661.jpg","contentUrl":"https:\/\/bordeaux.intercontinental.com\/wp-content\/uploads\/sites\/4\/2022\/07\/InterContinental-Bordeaux-Le-Grand-Hotel-Chambre-et-Suite-MG_6661.jpg","width":1468,"height":1024},{"@type":"BreadcrumbList","@id":"https:\/\/bordeaux.intercontinental.com\/es\/las-suites\/las-suites-wine-bar\/#breadcrumb","itemListElement":[{"@type":"ListItem","position":1,"name":"Inicio","item":"https:\/\/bordeaux.intercontinental.com\/es\/"},{"@type":"ListItem","position":2,"name":"Las Suites","item":"https:\/\/bordeaux.intercontinental.com\/es\/las-suites\/"},{"@type":"ListItem","position":3,"name":"Las Suites Wine Bar"}]},{"@type":"WebSite","@id":"https:\/\/bordeaux.intercontinental.com\/#website","url":"https:\/\/bordeaux.intercontinental.com\/","name":"InterContinental Bordeaux","description":"Live the InterContinental Life","publisher":{"@id":"https:\/\/bordeaux.intercontinental.com\/#organization"},"alternateName":"InterContinental Bordeaux - Le Grand H\u00f4tel","potentialAction":[{"@type":"SearchAction","target":{"@type":"EntryPoint","urlTemplate":"https:\/\/bordeaux.intercontinental.com\/?s={search_term_string}"},"query-input":{"@type":"PropertyValueSpecification","valueRequired":true,"valueName":"search_term_string"}}],"inLanguage":"es"},{"@type":"Organization","@id":"https:\/\/bordeaux.intercontinental.com\/#organization","name":"InterContinental Bordeaux","alternateName":"InterContinental Bordeaux - Le Grand H\u00f4tel","url":"https:\/\/bordeaux.intercontinental.com\/","logo":{"@type":"ImageObject","inLanguage":"es","@id":"https:\/\/bordeaux.intercontinental.com\/#\/schema\/logo\/image\/","url":"https:\/\/bordeaux.intercontinental.com\/wp-content\/uploads\/sites\/4\/2023\/08\/logo-ihg-bordeaux-nl.svg","contentUrl":"https:\/\/bordeaux.intercontinental.com\/wp-content\/uploads\/sites\/4\/2023\/08\/logo-ihg-bordeaux-nl.svg","caption":"InterContinental Bordeaux"},"image":{"@id":"https:\/\/bordeaux.intercontinental.com\/#\/schema\/logo\/image\/"}}]}},"_links":{"self":[{"href":"https:\/\/bordeaux.intercontinental.com\/es\/wp-json\/wp\/v2\/pages\/29723","targetHints":{"allow":["GET"]}}],"collection":[{"href":"https:\/\/bordeaux.intercontinental.com\/es\/wp-json\/wp\/v2\/pages"}],"about":[{"href":"https:\/\/bordeaux.intercontinental.com\/es\/wp-json\/wp\/v2\/types\/page"}],"author":[{"embeddable":true,"href":"https:\/\/bordeaux.intercontinental.com\/es\/wp-json\/wp\/v2\/users\/1"}],"replies":[{"embeddable":true,"href":"https:\/\/bordeaux.intercontinental.com\/es\/wp-json\/wp\/v2\/comments?post=29723"}],"version-history":[{"count":0,"href":"https:\/\/bordeaux.intercontinental.com\/es\/wp-json\/wp\/v2\/pages\/29723\/revisions"}],"up":[{"embeddable":true,"href":"https:\/\/bordeaux.intercontinental.com\/es\/wp-json\/wp\/v2\/pages\/29716"}],"wp:featuredmedia":[{"embeddable":true,"href":"https:\/\/bordeaux.intercontinental.com\/es\/wp-json\/wp\/v2\/media\/24639"}],"wp:attachment":[{"href":"https:\/\/bordeaux.intercontinental.com\/es\/wp-json\/wp\/v2\/media?parent=29723"}],"curies":[{"name":"wp","href":"https:\/\/api.w.org\/{rel}","templated":true}]}}