{"id":33418,"date":"2024-08-14T10:46:47","date_gmt":"2024-08-14T08:46:47","guid":{"rendered":"https:\/\/bordeaux.intercontinental.com\/produit\/leas-breakfast\/"},"modified":"2025-07-17T17:13:38","modified_gmt":"2025-07-17T15:13:38","slug":"leas-breakfast","status":"publish","type":"product","link":"https:\/\/bordeaux.intercontinental.com\/en\/produit\/leas-breakfast\/","title":{"rendered":"L\u00e9a&#8217;s breakfast"},"content":{"rendered":"<p>Start your day with Le Petit-D\u00e9jeuner de L\u00e9a, a refined culinary experience. Enjoy a selection of golden pastries, an egg prepared to your liking, and a glass of fresh fruit juice, all accompanied by a comforting hot drink. Savor these delights in the elegant setting of our tea room, Le Boudoir de L\u00e9a. &#8221;<\/p>\n<p>The offer includes a viennoiserie, a choice of egg, a Meneau fruit juice and a hot drink.<\/p>\n<p><em>Subject to availability.<\/em><\/p>\n","protected":false},"excerpt":{"rendered":"<p>Start your day with Le Petit-D\u00e9jeuner de L\u00e9a, a refined culinary experience.<\/p>\n","protected":false},"featured_media":33408,"comment_status":"open","ping_status":"closed","template":"","meta":{"_acf_changed":false},"product_brand":[],"product_cat":[165],"product_tag":[],"class_list":{"0":"post-33418","1":"product","2":"type-product","3":"status-publish","4":"has-post-thumbnail","6":"product_cat-le-boudoir-de-lea-en","8":"first","9":"instock","10":"downloadable","11":"virtual","12":"taxable","13":"purchasable","14":"product-type-simple"},"composite_virtual":false,"composite_layout":"","composite_add_to_cart_form_location":"","composite_editable_in_cart":false,"composite_sold_individually_context":"","composite_shop_price_calc":"","composite_components":[],"composite_scenarios":[],"acf":[],"yoast_head":"<!-- This site is optimized with the Yoast SEO plugin v26.2 - https:\/\/yoast.com\/wordpress\/plugins\/seo\/ -->\n<title>L\u00e9a&#039;s breakfast - InterContinental Bordeaux<\/title>\n<meta name=\"robots\" content=\"index, follow, max-snippet:-1, max-image-preview:large, max-video-preview:-1\" \/>\n<link rel=\"canonical\" href=\"https:\/\/bordeaux.intercontinental.com\/en\/produit\/leas-breakfast\/\" \/>\n<meta property=\"og:locale\" content=\"en_US\" \/>\n<meta property=\"og:type\" content=\"article\" \/>\n<meta property=\"og:title\" content=\"L\u00e9a&#039;s breakfast - InterContinental Bordeaux\" \/>\n<meta property=\"og:description\" content=\"Start your day with Le Petit-D\u00e9jeuner de L\u00e9a, a refined culinary experience.\" \/>\n<meta property=\"og:url\" content=\"https:\/\/bordeaux.intercontinental.com\/en\/produit\/leas-breakfast\/\" \/>\n<meta property=\"og:site_name\" content=\"InterContinental Bordeaux\" \/>\n<meta property=\"article:modified_time\" content=\"2025-07-17T15:13:38+00:00\" \/>\n<meta property=\"og:image\" content=\"https:\/\/bordeaux.intercontinental.com\/wp-content\/uploads\/sites\/4\/2024\/08\/InterContinental-Bordeaux-Le-Grand-Hotel-Produit-Le-Boudoir-de-Lea-Petit-dejeuner-de-Lea-1-scaled.jpg\" \/>\n\t<meta property=\"og:image:width\" content=\"2048\" \/>\n\t<meta property=\"og:image:height\" content=\"2560\" \/>\n\t<meta property=\"og:image:type\" content=\"image\/jpeg\" \/>\n<meta name=\"twitter:card\" content=\"summary_large_image\" \/>\n<meta name=\"twitter:label1\" content=\"Est. reading time\" \/>\n\t<meta name=\"twitter:data1\" content=\"1 minute\" \/>\n<script type=\"application\/ld+json\" class=\"yoast-schema-graph\">{\"@context\":\"https:\/\/schema.org\",\"@graph\":[{\"@type\":\"WebPage\",\"@id\":\"https:\/\/bordeaux.intercontinental.com\/en\/produit\/leas-breakfast\/\",\"url\":\"https:\/\/bordeaux.intercontinental.com\/en\/produit\/leas-breakfast\/\",\"name\":\"L\u00e9a's breakfast - InterContinental Bordeaux\",\"isPartOf\":{\"@id\":\"https:\/\/bordeaux.intercontinental.com\/#website\"},\"primaryImageOfPage\":{\"@id\":\"https:\/\/bordeaux.intercontinental.com\/en\/produit\/leas-breakfast\/#primaryimage\"},\"image\":{\"@id\":\"https:\/\/bordeaux.intercontinental.com\/en\/produit\/leas-breakfast\/#primaryimage\"},\"thumbnailUrl\":\"https:\/\/bordeaux.intercontinental.com\/wp-content\/uploads\/sites\/4\/2024\/08\/InterContinental-Bordeaux-Le-Grand-Hotel-Produit-Le-Boudoir-de-Lea-Petit-dejeuner-de-Lea-1-scaled.jpg\",\"datePublished\":\"2024-08-14T08:46:47+00:00\",\"dateModified\":\"2025-07-17T15:13:38+00:00\",\"breadcrumb\":{\"@id\":\"https:\/\/bordeaux.intercontinental.com\/en\/produit\/leas-breakfast\/#breadcrumb\"},\"inLanguage\":\"en-US\",\"potentialAction\":[{\"@type\":\"ReadAction\",\"target\":[\"https:\/\/bordeaux.intercontinental.com\/en\/produit\/leas-breakfast\/\"]}]},{\"@type\":\"ImageObject\",\"inLanguage\":\"en-US\",\"@id\":\"https:\/\/bordeaux.intercontinental.com\/en\/produit\/leas-breakfast\/#primaryimage\",\"url\":\"https:\/\/bordeaux.intercontinental.com\/wp-content\/uploads\/sites\/4\/2024\/08\/InterContinental-Bordeaux-Le-Grand-Hotel-Produit-Le-Boudoir-de-Lea-Petit-dejeuner-de-Lea-1-scaled.jpg\",\"contentUrl\":\"https:\/\/bordeaux.intercontinental.com\/wp-content\/uploads\/sites\/4\/2024\/08\/InterContinental-Bordeaux-Le-Grand-Hotel-Produit-Le-Boudoir-de-Lea-Petit-dejeuner-de-Lea-1-scaled.jpg\",\"width\":2048,\"height\":2560},{\"@type\":\"BreadcrumbList\",\"@id\":\"https:\/\/bordeaux.intercontinental.com\/en\/produit\/leas-breakfast\/#breadcrumb\",\"itemListElement\":[{\"@type\":\"ListItem\",\"position\":1,\"name\":\"Home\",\"item\":\"https:\/\/bordeaux.intercontinental.com\/en\/\"},{\"@type\":\"ListItem\",\"position\":2,\"name\":\"E-shop\",\"item\":\"https:\/\/bordeaux.intercontinental.com\/en\/e-shop\/\"},{\"@type\":\"ListItem\",\"position\":3,\"name\":\"L\u00e9a&rsquo;s breakfast\"}]},{\"@type\":\"WebSite\",\"@id\":\"https:\/\/bordeaux.intercontinental.com\/#website\",\"url\":\"https:\/\/bordeaux.intercontinental.com\/\",\"name\":\"InterContinental Bordeaux\",\"description\":\"Live the InterContinental Life\",\"publisher\":{\"@id\":\"https:\/\/bordeaux.intercontinental.com\/#organization\"},\"alternateName\":\"InterContinental Bordeaux - Le Grand H\u00f4tel\",\"potentialAction\":[{\"@type\":\"SearchAction\",\"target\":{\"@type\":\"EntryPoint\",\"urlTemplate\":\"https:\/\/bordeaux.intercontinental.com\/?s={search_term_string}\"},\"query-input\":{\"@type\":\"PropertyValueSpecification\",\"valueRequired\":true,\"valueName\":\"search_term_string\"}}],\"inLanguage\":\"en-US\"},{\"@type\":\"Organization\",\"@id\":\"https:\/\/bordeaux.intercontinental.com\/#organization\",\"name\":\"InterContinental Bordeaux\",\"alternateName\":\"InterContinental Bordeaux - Le Grand H\u00f4tel\",\"url\":\"https:\/\/bordeaux.intercontinental.com\/\",\"logo\":{\"@type\":\"ImageObject\",\"inLanguage\":\"en-US\",\"@id\":\"https:\/\/bordeaux.intercontinental.com\/#\/schema\/logo\/image\/\",\"url\":\"https:\/\/bordeaux.intercontinental.com\/wp-content\/uploads\/sites\/4\/2023\/08\/logo-ihg-bordeaux-nl.svg\",\"contentUrl\":\"https:\/\/bordeaux.intercontinental.com\/wp-content\/uploads\/sites\/4\/2023\/08\/logo-ihg-bordeaux-nl.svg\",\"caption\":\"InterContinental Bordeaux\"},\"image\":{\"@id\":\"https:\/\/bordeaux.intercontinental.com\/#\/schema\/logo\/image\/\"}}]}<\/script>\n<!-- \/ Yoast SEO plugin. -->","yoast_head_json":{"title":"L\u00e9a's breakfast - InterContinental Bordeaux","robots":{"index":"index","follow":"follow","max-snippet":"max-snippet:-1","max-image-preview":"max-image-preview:large","max-video-preview":"max-video-preview:-1"},"canonical":"https:\/\/bordeaux.intercontinental.com\/en\/produit\/leas-breakfast\/","og_locale":"en_US","og_type":"article","og_title":"L\u00e9a's breakfast - InterContinental Bordeaux","og_description":"Start your day with Le Petit-D\u00e9jeuner de L\u00e9a, a refined culinary experience.","og_url":"https:\/\/bordeaux.intercontinental.com\/en\/produit\/leas-breakfast\/","og_site_name":"InterContinental Bordeaux","article_modified_time":"2025-07-17T15:13:38+00:00","og_image":[{"width":2048,"height":2560,"url":"https:\/\/bordeaux.intercontinental.com\/wp-content\/uploads\/sites\/4\/2024\/08\/InterContinental-Bordeaux-Le-Grand-Hotel-Produit-Le-Boudoir-de-Lea-Petit-dejeuner-de-Lea-1-scaled.jpg","type":"image\/jpeg"}],"twitter_card":"summary_large_image","twitter_misc":{"Est. reading time":"1 minute"},"schema":{"@context":"https:\/\/schema.org","@graph":[{"@type":"WebPage","@id":"https:\/\/bordeaux.intercontinental.com\/en\/produit\/leas-breakfast\/","url":"https:\/\/bordeaux.intercontinental.com\/en\/produit\/leas-breakfast\/","name":"L\u00e9a's breakfast - InterContinental Bordeaux","isPartOf":{"@id":"https:\/\/bordeaux.intercontinental.com\/#website"},"primaryImageOfPage":{"@id":"https:\/\/bordeaux.intercontinental.com\/en\/produit\/leas-breakfast\/#primaryimage"},"image":{"@id":"https:\/\/bordeaux.intercontinental.com\/en\/produit\/leas-breakfast\/#primaryimage"},"thumbnailUrl":"https:\/\/bordeaux.intercontinental.com\/wp-content\/uploads\/sites\/4\/2024\/08\/InterContinental-Bordeaux-Le-Grand-Hotel-Produit-Le-Boudoir-de-Lea-Petit-dejeuner-de-Lea-1-scaled.jpg","datePublished":"2024-08-14T08:46:47+00:00","dateModified":"2025-07-17T15:13:38+00:00","breadcrumb":{"@id":"https:\/\/bordeaux.intercontinental.com\/en\/produit\/leas-breakfast\/#breadcrumb"},"inLanguage":"en-US","potentialAction":[{"@type":"ReadAction","target":["https:\/\/bordeaux.intercontinental.com\/en\/produit\/leas-breakfast\/"]}]},{"@type":"ImageObject","inLanguage":"en-US","@id":"https:\/\/bordeaux.intercontinental.com\/en\/produit\/leas-breakfast\/#primaryimage","url":"https:\/\/bordeaux.intercontinental.com\/wp-content\/uploads\/sites\/4\/2024\/08\/InterContinental-Bordeaux-Le-Grand-Hotel-Produit-Le-Boudoir-de-Lea-Petit-dejeuner-de-Lea-1-scaled.jpg","contentUrl":"https:\/\/bordeaux.intercontinental.com\/wp-content\/uploads\/sites\/4\/2024\/08\/InterContinental-Bordeaux-Le-Grand-Hotel-Produit-Le-Boudoir-de-Lea-Petit-dejeuner-de-Lea-1-scaled.jpg","width":2048,"height":2560},{"@type":"BreadcrumbList","@id":"https:\/\/bordeaux.intercontinental.com\/en\/produit\/leas-breakfast\/#breadcrumb","itemListElement":[{"@type":"ListItem","position":1,"name":"Home","item":"https:\/\/bordeaux.intercontinental.com\/en\/"},{"@type":"ListItem","position":2,"name":"E-shop","item":"https:\/\/bordeaux.intercontinental.com\/en\/e-shop\/"},{"@type":"ListItem","position":3,"name":"L\u00e9a&rsquo;s breakfast"}]},{"@type":"WebSite","@id":"https:\/\/bordeaux.intercontinental.com\/#website","url":"https:\/\/bordeaux.intercontinental.com\/","name":"InterContinental Bordeaux","description":"Live the InterContinental Life","publisher":{"@id":"https:\/\/bordeaux.intercontinental.com\/#organization"},"alternateName":"InterContinental Bordeaux - Le Grand H\u00f4tel","potentialAction":[{"@type":"SearchAction","target":{"@type":"EntryPoint","urlTemplate":"https:\/\/bordeaux.intercontinental.com\/?s={search_term_string}"},"query-input":{"@type":"PropertyValueSpecification","valueRequired":true,"valueName":"search_term_string"}}],"inLanguage":"en-US"},{"@type":"Organization","@id":"https:\/\/bordeaux.intercontinental.com\/#organization","name":"InterContinental Bordeaux","alternateName":"InterContinental Bordeaux - Le Grand H\u00f4tel","url":"https:\/\/bordeaux.intercontinental.com\/","logo":{"@type":"ImageObject","inLanguage":"en-US","@id":"https:\/\/bordeaux.intercontinental.com\/#\/schema\/logo\/image\/","url":"https:\/\/bordeaux.intercontinental.com\/wp-content\/uploads\/sites\/4\/2023\/08\/logo-ihg-bordeaux-nl.svg","contentUrl":"https:\/\/bordeaux.intercontinental.com\/wp-content\/uploads\/sites\/4\/2023\/08\/logo-ihg-bordeaux-nl.svg","caption":"InterContinental Bordeaux"},"image":{"@id":"https:\/\/bordeaux.intercontinental.com\/#\/schema\/logo\/image\/"}}]}},"_links":{"self":[{"href":"https:\/\/bordeaux.intercontinental.com\/en\/wp-json\/wp\/v2\/product\/33418","targetHints":{"allow":["GET"]}}],"collection":[{"href":"https:\/\/bordeaux.intercontinental.com\/en\/wp-json\/wp\/v2\/product"}],"about":[{"href":"https:\/\/bordeaux.intercontinental.com\/en\/wp-json\/wp\/v2\/types\/product"}],"replies":[{"embeddable":true,"href":"https:\/\/bordeaux.intercontinental.com\/en\/wp-json\/wp\/v2\/comments?post=33418"}],"wp:featuredmedia":[{"embeddable":true,"href":"https:\/\/bordeaux.intercontinental.com\/en\/wp-json\/wp\/v2\/media\/33408"}],"wp:attachment":[{"href":"https:\/\/bordeaux.intercontinental.com\/en\/wp-json\/wp\/v2\/media?parent=33418"}],"wp:term":[{"taxonomy":"product_brand","embeddable":true,"href":"https:\/\/bordeaux.intercontinental.com\/en\/wp-json\/wp\/v2\/product_brand?post=33418"},{"taxonomy":"product_cat","embeddable":true,"href":"https:\/\/bordeaux.intercontinental.com\/en\/wp-json\/wp\/v2\/product_cat?post=33418"},{"taxonomy":"product_tag","embeddable":true,"href":"https:\/\/bordeaux.intercontinental.com\/en\/wp-json\/wp\/v2\/product_tag?post=33418"}],"curies":[{"name":"wp","href":"https:\/\/api.w.org\/{rel}","templated":true}]}}