{"id":4798,"date":"2022-08-09T17:05:11","date_gmt":"2022-08-09T15:05:11","guid":{"rendered":"https:\/\/bordeaux.intercontinental.com\/?page_id=4798"},"modified":"2026-03-25T17:55:05","modified_gmt":"2026-03-25T16:55:05","slug":"legal-notices","status":"publish","type":"page","link":"https:\/\/bordeaux.intercontinental.com\/en\/legal-notices\/","title":{"rendered":"Legal Notices"},"content":{"rendered":"\n<div class=\"wp-block-columns is-layout-flex wp-container-core-columns-is-layout-28f84493 wp-block-columns-is-layout-flex\">\n<div class=\"wp-block-column is-layout-flow wp-block-column-is-layout-flow\" style=\"flex-basis:15%\"><\/div>\n\n\n\n<div class=\"wp-block-column is-layout-flow wp-block-column-is-layout-flow\">\n<div style=\"height:30px\" aria-hidden=\"true\" class=\"wp-block-spacer\"><\/div>\n\n\n\n<h1 class=\"wp-block-heading has-text-align-center\">Legal Notices<\/h1>\n\n\n\n<h3 class=\"wp-block-heading has-text-align-left\">Publication director<\/h3>\n\n\n\n<p>InterContinental Bordeaux&nbsp; \u2013 Le Grand Hotel<br>Direction: SALES &amp; MARKETING<\/p>\n\n\n\n<h3 class=\"wp-block-heading\">Identification de l\u2019\u00e9diteur du site<\/h3>\n\n\n\n<p><strong>Raison sociale :<\/strong>&nbsp;GRAND HOTEL DE BORDEAUX SAS<br><strong>Capital social:<\/strong> 238 200,00 \u20ac<br><strong>Si\u00e8ge social :<\/strong>&nbsp;2 Cours de l&#8217;Intendance, 33000 Bordeaux<br><strong>SIREN :<\/strong>&nbsp;438 967 416<br><strong>SIRET :<\/strong>&nbsp;438 967 416 00043<br><strong>RCS<\/strong>&nbsp;: 438 967 416 R.C.S. Bordeaux<br><strong>Code APE :<\/strong>&nbsp;5510Z<br><strong>TVA Intracommunautaire :&nbsp;<\/strong>FR93438967416<\/p>\n\n\n\n<p><strong>Email <\/strong>: info2@ic-bordeaux.com<br><strong>T\u00e9l\u00e9phone <\/strong>: <strong>&nbsp;<\/strong><a href=\"https:\/\/www.google.com\/search?q=interContinental+Bordeaux&amp;rlz=1C1GCEB_enFR1022FR1022&amp;oq=interContinental+Bordeaux+&amp;gs_lcrp=EgZjaHJvbWUyBggAEEUYOTIGCAEQRRg8Mg4IAhBFGCcYOxiABBiKBTIHCAMQABiABDIWCAQQLhivARjHARiABBiYBRiZBRieBTIGCAUQRRhBMgYIBhBFGDwyBggHEEUYQdIBCDQyNTVqMGo3qAIIsAIB8QWyLaMvbwuZzA&amp;sourceid=chrome&amp;ie=UTF-8#\">05 57 30 44 44<\/a><\/p>\n\n\n\n<h3 class=\"wp-block-heading has-text-align-left\">Photo credits<\/h3>\n\n\n\n<p>Julie Rey | Alain Caboche | Guy Charneau | Lucky Studio | Studio Gabin | Spa Guerlain | Julien Faure | Eric Cuvillier | Yoris Photographer | Taylor Yandell | Jules Fiol | Frederic Guy | Carla Gradiski | Artiste Associ\u00e9-Photographes |Elisabeth Delsol | Phototh\u00e8que Bordeaux Tourisme | Vincent Bengold | Mathieu Mamontoff | Rodolphe Escher | Claude Prigent | Studio Deepix | LWC | C. Couly | Thomas sanson | Rambert | C\u00e9line Lescure | Val\u00e9rie Saiveau | Brinkpeter | GentlemanClassicCars | Caroline Blumberg | David &amp; David | Que la f\u00eate commence | Plume et Caramel | Crea Fete-J event | Once upon a time | @YorisPhotographe | &nbsp;Louis Vizet | Emma Tournier | Antoine Bonin<\/p>\n\n\n\n<p>This website in its entirety is subject to French and international law with regard to all aspects concerning copyright and intellectual property.&nbsp;All rights reserved.<\/p>\n\n\n\n<h3 class=\"wp-block-heading has-text-align-left\">Website creation<\/h3>\n\n\n\n<p><a rel=\"noreferrer noopener\" href=\"https:\/\/netsive.com\/\" target=\"_blank\">Netsive Agence Marketing &amp; Communication<\/a><br>8 Zone Industrielle Am Bruch,<br>3327 Crauthem,<br>Luxembourg<\/p>\n\n\n\n<h3 class=\"wp-block-heading has-text-align-left\">Hosting<\/h3>\n\n\n\n<p>Netsive Agence Marketing &amp; Communication<br>8 Zone Industrielle Am Bruch,<br>3327 Crauthem,<br>Luxembourg<\/p>\n\n\n\n<h3 class=\"wp-block-heading has-text-align-left\">Limitation of liability<\/h3>\n\n\n\n<p>The user acknowledges having read these terms of use and agrees to respect them.<\/p>\n\n\n\n<p>The site user acknowledges having the skills and means necessary to access and use this site.<\/p>\n\n\n\n<p>The user acknowledges having verified that the computer configuration used contains no viruses and is in perfect working order.<\/p>\n\n\n\n<p>The site&nbsp;<a href=\"https:\/\/lyon.intercontinental.com\/en\/\">https:\/\/bordeaux.intercontinental.com<\/a>&nbsp;makes every effort to offer these Internet users information and \/ or tools available and verified but can not be held responsible for errors, a lack of availability of features.<\/p>\n\n\n\n<h3 class=\"wp-block-heading has-text-align-left\">Intellectual property rights<\/h3>\n\n\n\n<p>The general structure as well as the software, texts, images animated or not, its know-how and all the other elements composing the site are the exclusive the property of InterContinental Bordeaux \u2013 Le Grand Hotel. Any total or partial representation of this site by any person whatsoever without the express permission of InterContinental Bordeaux \u2013 Le Grand Hotel is prohibited and constitutes an infringement punishable by articles L. 335-2 and following of the Code of the intellectual property.<\/p>\n\n\n\n<h3 class=\"wp-block-heading has-text-align-left\">Informatics and Liberties<\/h3>\n\n\n\n<p>The site&nbsp;<a href=\"https:\/\/bordeaux.intercontinental.com\/en\/\">https:\/\/bordeaux.intercontinental.com<\/a>&nbsp;has been the subject of a favorable opinion of the National Commission on&nbsp;Informatics and Liberty (CNIL). In accordance with Articles 26 and 27 of Law N \u00b0 78-17 \u201cInformation and Freedoms\u201d of January 6, 1978, users may oppose (partially or totally) the dissemination of information about them on this site. Any subscriber to our newsletter can exercise his right to access and rectify data concerning him on request from InterContinental Bordeaux \u2013 Le Grand Hotel.<\/p>\n\n\n\n<p>Each user of the site has a right of access (article 34 to 38, Law No. 78-17 \u201cInformation and Freedoms\u201d of January 6, 1978 amended by the law of August 6, 2004) and a right of rectification and of deletion (Article 36) of his personal data. Users may request to be rectified, completed, clarified, updated or deleted information concerning them that is inaccurate, incomplete, out of date, or whose use, communication or preservation is prohibited. Users can at any time exercise this right by contacting via the form of our contact page.<\/p>\n\n\n\n<h3 class=\"wp-block-heading has-text-align-left\">Softwares and statistical tools<\/h3>\n\n\n\n<p>The site uses \u201cGoogle Analytics\u201d, a website analysis service provided by Google Inc. The Google Analytics module built into the site uses cookies, which are text files placed on users\u2019 computers (in the web browser), which are intended to help analyze the audience and the use of the site by internet users.<br>The data generated by the cookie about the use of the website (including the IP address) is transmitted and stored by Google on servers located in the United States. Google will use the information for the purpose of evaluating the use of the site, compiling reports on website activity for its publisher, and providing other services related to the activity of the site and the internet use.<\/p>\n\n\n\n<p>Google may share this information with third parties in the event of a legal obligation or when third parties process this data on Google\u2019s behalf, including but not limited to the publisher of&nbsp;<a href=\"https:\/\/bordeaux.intercontinental.com\/en\/\">https:\/\/bordeaux.intercontinental.com<\/a>.<br>Google will not cross the IP address with any other data held by Google.<br>It is possible to disable the use of cookies by selecting the appropriate settings of the users browser. However, such disabling may prevent the use of certain features of this site. By using this website, users expressly consent to the processing of personal data by Google under the conditions and for the purposes described above.<\/p>\n\n\n\n<h3 class=\"wp-block-heading has-text-align-left\">Applicable law in case of disputes<\/h3>\n\n\n\n<p>After having referred the matter to the department concerned by your commercial disagreement with the establishment and in the absence of a satisfactory response within a period of 3 weeks, the customer may refer the matter to the Mediator Jean Pierre Teyssier, whose contact details and procedures are available on his website: www.mtv.travel.<\/p>\n\n\n\n<p><em>Postal address : M\u00e9diation Tourisme et Voyage<\/em><\/p>\n\n\n\n<p><em>BP 80 303 75 823<\/em><\/p>\n\n\n\n<p><em>Paris Cedex 17<\/em><\/p>\n\n\n\n<h3 class=\"wp-block-heading has-text-align-left\">Gender Equality<\/h3>\n\n\n\n<p>The InterContinental Bordeaux \u2013 Le Grand H\u00f4tel obtains a score of 86\/100. A score we can be proud of and which confirms that the policies implemented are having a positive impact and positioning the InterContinental Bordeaux \u2013 Le Grand H\u00f4tel as a responsible employer committed to gender equality.<\/p>\n\n\n\n<p>Our hotel will continue its commitment to professional equality.<\/p>\n<\/div>\n\n\n\n<div class=\"wp-block-column is-layout-flow wp-block-column-is-layout-flow\" style=\"flex-basis:15%\"><\/div>\n<\/div>\n","protected":false},"excerpt":{"rendered":"<p>Legal Notices Publication director InterContinental Bordeaux&nbsp; \u2013 Le Grand HotelDirection: SALES &amp; MARKETING Identification de l\u2019\u00e9diteur du site Raison sociale :&nbsp;GRAND HOTEL DE BORDEAUX SASCapital social: 238 200,00 \u20acSi\u00e8ge social :&nbsp;2 Cours de l&#8217;Intendance, 33000 BordeauxSIREN :&nbsp;438 967 416SIRET :&nbsp;438 [&hellip;]<\/p>\n","protected":false},"author":1,"featured_media":0,"parent":0,"menu_order":0,"comment_status":"closed","ping_status":"closed","template":"","meta":{"_acf_changed":false,"footnotes":""},"class_list":["post-4798","page","type-page","status-publish","hentry"],"acf":[],"yoast_head":"<!-- This site is optimized with the Yoast SEO plugin v26.2 - https:\/\/yoast.com\/wordpress\/plugins\/seo\/ -->\n<title>Legal Notices - InterContinental Bordeaux<\/title>\n<meta name=\"robots\" content=\"index, follow, max-snippet:-1, max-image-preview:large, max-video-preview:-1\" \/>\n<link rel=\"canonical\" href=\"https:\/\/bordeaux.intercontinental.com\/en\/legal-notices\/\" \/>\n<meta property=\"og:locale\" content=\"en_US\" \/>\n<meta property=\"og:type\" content=\"article\" \/>\n<meta property=\"og:title\" content=\"Legal Notices - InterContinental Bordeaux\" \/>\n<meta property=\"og:description\" content=\"Legal Notices Publication director InterContinental Bordeaux&nbsp; \u2013 Le Grand HotelDirection: SALES &amp; MARKETING Identification de l\u2019\u00e9diteur du site Raison sociale :&nbsp;GRAND HOTEL DE BORDEAUX SASCapital social: 238 200,00 \u20acSi\u00e8ge social :&nbsp;2 Cours de l&#8217;Intendance, 33000 BordeauxSIREN :&nbsp;438 967 416SIRET :&nbsp;438 [&hellip;]\" \/>\n<meta property=\"og:url\" content=\"https:\/\/bordeaux.intercontinental.com\/en\/legal-notices\/\" \/>\n<meta property=\"og:site_name\" content=\"InterContinental Bordeaux\" \/>\n<meta property=\"article:modified_time\" content=\"2026-03-25T16:55:05+00:00\" \/>\n<meta name=\"twitter:card\" content=\"summary_large_image\" \/>\n<meta name=\"twitter:label1\" content=\"Est. reading time\" \/>\n\t<meta name=\"twitter:data1\" content=\"5 minutes\" \/>\n<script type=\"application\/ld+json\" class=\"yoast-schema-graph\">{\"@context\":\"https:\/\/schema.org\",\"@graph\":[{\"@type\":\"WebPage\",\"@id\":\"https:\/\/bordeaux.intercontinental.com\/en\/legal-notices\/\",\"url\":\"https:\/\/bordeaux.intercontinental.com\/en\/legal-notices\/\",\"name\":\"Legal Notices - InterContinental Bordeaux\",\"isPartOf\":{\"@id\":\"https:\/\/bordeaux.intercontinental.com\/#website\"},\"datePublished\":\"2022-08-09T15:05:11+00:00\",\"dateModified\":\"2026-03-25T16:55:05+00:00\",\"breadcrumb\":{\"@id\":\"https:\/\/bordeaux.intercontinental.com\/en\/legal-notices\/#breadcrumb\"},\"inLanguage\":\"en-US\",\"potentialAction\":[{\"@type\":\"ReadAction\",\"target\":[\"https:\/\/bordeaux.intercontinental.com\/en\/legal-notices\/\"]}]},{\"@type\":\"BreadcrumbList\",\"@id\":\"https:\/\/bordeaux.intercontinental.com\/en\/legal-notices\/#breadcrumb\",\"itemListElement\":[{\"@type\":\"ListItem\",\"position\":1,\"name\":\"Home\",\"item\":\"https:\/\/bordeaux.intercontinental.com\/en\/\"},{\"@type\":\"ListItem\",\"position\":2,\"name\":\"Legal Notices\"}]},{\"@type\":\"WebSite\",\"@id\":\"https:\/\/bordeaux.intercontinental.com\/#website\",\"url\":\"https:\/\/bordeaux.intercontinental.com\/\",\"name\":\"InterContinental Bordeaux\",\"description\":\"Live the InterContinental Life\",\"publisher\":{\"@id\":\"https:\/\/bordeaux.intercontinental.com\/#organization\"},\"alternateName\":\"InterContinental Bordeaux - Le Grand H\u00f4tel\",\"potentialAction\":[{\"@type\":\"SearchAction\",\"target\":{\"@type\":\"EntryPoint\",\"urlTemplate\":\"https:\/\/bordeaux.intercontinental.com\/?s={search_term_string}\"},\"query-input\":{\"@type\":\"PropertyValueSpecification\",\"valueRequired\":true,\"valueName\":\"search_term_string\"}}],\"inLanguage\":\"en-US\"},{\"@type\":\"Organization\",\"@id\":\"https:\/\/bordeaux.intercontinental.com\/#organization\",\"name\":\"InterContinental Bordeaux\",\"alternateName\":\"InterContinental Bordeaux - Le Grand H\u00f4tel\",\"url\":\"https:\/\/bordeaux.intercontinental.com\/\",\"logo\":{\"@type\":\"ImageObject\",\"inLanguage\":\"en-US\",\"@id\":\"https:\/\/bordeaux.intercontinental.com\/#\/schema\/logo\/image\/\",\"url\":\"https:\/\/bordeaux.intercontinental.com\/wp-content\/uploads\/sites\/4\/2023\/08\/logo-ihg-bordeaux-nl.svg\",\"contentUrl\":\"https:\/\/bordeaux.intercontinental.com\/wp-content\/uploads\/sites\/4\/2023\/08\/logo-ihg-bordeaux-nl.svg\",\"caption\":\"InterContinental Bordeaux\"},\"image\":{\"@id\":\"https:\/\/bordeaux.intercontinental.com\/#\/schema\/logo\/image\/\"}}]}<\/script>\n<!-- \/ Yoast SEO plugin. -->","yoast_head_json":{"title":"Legal Notices - InterContinental Bordeaux","robots":{"index":"index","follow":"follow","max-snippet":"max-snippet:-1","max-image-preview":"max-image-preview:large","max-video-preview":"max-video-preview:-1"},"canonical":"https:\/\/bordeaux.intercontinental.com\/en\/legal-notices\/","og_locale":"en_US","og_type":"article","og_title":"Legal Notices - InterContinental Bordeaux","og_description":"Legal Notices Publication director InterContinental Bordeaux&nbsp; \u2013 Le Grand HotelDirection: SALES &amp; MARKETING Identification de l\u2019\u00e9diteur du site Raison sociale :&nbsp;GRAND HOTEL DE BORDEAUX SASCapital social: 238 200,00 \u20acSi\u00e8ge social :&nbsp;2 Cours de l&#8217;Intendance, 33000 BordeauxSIREN :&nbsp;438 967 416SIRET :&nbsp;438 [&hellip;]","og_url":"https:\/\/bordeaux.intercontinental.com\/en\/legal-notices\/","og_site_name":"InterContinental Bordeaux","article_modified_time":"2026-03-25T16:55:05+00:00","twitter_card":"summary_large_image","twitter_misc":{"Est. reading time":"5 minutes"},"schema":{"@context":"https:\/\/schema.org","@graph":[{"@type":"WebPage","@id":"https:\/\/bordeaux.intercontinental.com\/en\/legal-notices\/","url":"https:\/\/bordeaux.intercontinental.com\/en\/legal-notices\/","name":"Legal Notices - InterContinental Bordeaux","isPartOf":{"@id":"https:\/\/bordeaux.intercontinental.com\/#website"},"datePublished":"2022-08-09T15:05:11+00:00","dateModified":"2026-03-25T16:55:05+00:00","breadcrumb":{"@id":"https:\/\/bordeaux.intercontinental.com\/en\/legal-notices\/#breadcrumb"},"inLanguage":"en-US","potentialAction":[{"@type":"ReadAction","target":["https:\/\/bordeaux.intercontinental.com\/en\/legal-notices\/"]}]},{"@type":"BreadcrumbList","@id":"https:\/\/bordeaux.intercontinental.com\/en\/legal-notices\/#breadcrumb","itemListElement":[{"@type":"ListItem","position":1,"name":"Home","item":"https:\/\/bordeaux.intercontinental.com\/en\/"},{"@type":"ListItem","position":2,"name":"Legal Notices"}]},{"@type":"WebSite","@id":"https:\/\/bordeaux.intercontinental.com\/#website","url":"https:\/\/bordeaux.intercontinental.com\/","name":"InterContinental Bordeaux","description":"Live the InterContinental Life","publisher":{"@id":"https:\/\/bordeaux.intercontinental.com\/#organization"},"alternateName":"InterContinental Bordeaux - Le Grand H\u00f4tel","potentialAction":[{"@type":"SearchAction","target":{"@type":"EntryPoint","urlTemplate":"https:\/\/bordeaux.intercontinental.com\/?s={search_term_string}"},"query-input":{"@type":"PropertyValueSpecification","valueRequired":true,"valueName":"search_term_string"}}],"inLanguage":"en-US"},{"@type":"Organization","@id":"https:\/\/bordeaux.intercontinental.com\/#organization","name":"InterContinental Bordeaux","alternateName":"InterContinental Bordeaux - Le Grand H\u00f4tel","url":"https:\/\/bordeaux.intercontinental.com\/","logo":{"@type":"ImageObject","inLanguage":"en-US","@id":"https:\/\/bordeaux.intercontinental.com\/#\/schema\/logo\/image\/","url":"https:\/\/bordeaux.intercontinental.com\/wp-content\/uploads\/sites\/4\/2023\/08\/logo-ihg-bordeaux-nl.svg","contentUrl":"https:\/\/bordeaux.intercontinental.com\/wp-content\/uploads\/sites\/4\/2023\/08\/logo-ihg-bordeaux-nl.svg","caption":"InterContinental Bordeaux"},"image":{"@id":"https:\/\/bordeaux.intercontinental.com\/#\/schema\/logo\/image\/"}}]}},"_links":{"self":[{"href":"https:\/\/bordeaux.intercontinental.com\/en\/wp-json\/wp\/v2\/pages\/4798","targetHints":{"allow":["GET"]}}],"collection":[{"href":"https:\/\/bordeaux.intercontinental.com\/en\/wp-json\/wp\/v2\/pages"}],"about":[{"href":"https:\/\/bordeaux.intercontinental.com\/en\/wp-json\/wp\/v2\/types\/page"}],"author":[{"embeddable":true,"href":"https:\/\/bordeaux.intercontinental.com\/en\/wp-json\/wp\/v2\/users\/1"}],"replies":[{"embeddable":true,"href":"https:\/\/bordeaux.intercontinental.com\/en\/wp-json\/wp\/v2\/comments?post=4798"}],"version-history":[{"count":2,"href":"https:\/\/bordeaux.intercontinental.com\/en\/wp-json\/wp\/v2\/pages\/4798\/revisions"}],"predecessor-version":[{"id":47589,"href":"https:\/\/bordeaux.intercontinental.com\/en\/wp-json\/wp\/v2\/pages\/4798\/revisions\/47589"}],"wp:attachment":[{"href":"https:\/\/bordeaux.intercontinental.com\/en\/wp-json\/wp\/v2\/media?parent=4798"}],"curies":[{"name":"wp","href":"https:\/\/api.w.org\/{rel}","templated":true}]}}